{"id":124,"date":"2020-02-29T23:00:16","date_gmt":"2020-02-29T22:00:16","guid":{"rendered":"http:\/\/sandrineclark.be\/?page_id=124"},"modified":"2023-10-15T16:33:44","modified_gmt":"2023-10-15T14:33:44","slug":"suspendue-au-neon","status":"publish","type":"page","link":"https:\/\/sandrineclark.be\/index.php\/suspendue-au-neon\/","title":{"rendered":"Suspendue au N\u00e9on"},"content":{"rendered":"\n<p class=\"has-text-align-center\">Spectacle tout public \u00e0 partir de 7 ans<\/p>\n\n\n\n<div class=\"wp-block-image is-style-circle-mask\"><figure class=\"aligncenter size-large is-resized\"><img loading=\"lazy\" src=\"http:\/\/sandrineclark.be\/wp-content\/uploads\/2020\/02\/flyer-recto-355x500-1.jpg\" alt=\"\" class=\"wp-image-125\" width=\"515\" height=\"725\" srcset=\"https:\/\/sandrineclark.be\/wp-content\/uploads\/2020\/02\/flyer-recto-355x500-1.jpg 355w, https:\/\/sandrineclark.be\/wp-content\/uploads\/2020\/02\/flyer-recto-355x500-1-213x300.jpg 213w\" sizes=\"(max-width: 515px) 100vw, 515px\" \/><figcaption><em>\u00a9 madamelabelge<\/em><\/figcaption><\/figure><\/div>\n\n\n\n<figure class=\"wp-block-gallery columns-3 is-cropped\"><ul class=\"blocks-gallery-grid\"><li class=\"blocks-gallery-item\"><figure><img loading=\"lazy\" width=\"1024\" height=\"683\" src=\"http:\/\/sandrineclark.be\/wp-content\/uploads\/2020\/02\/ST-SEQUENZA-_MG_8814-1-1024x683.jpg\" alt=\"\" data-id=\"126\" data-link=\"http:\/\/sandrineclark.be\/?attachment_id=126\" class=\"wp-image-126\" srcset=\"https:\/\/sandrineclark.be\/wp-content\/uploads\/2020\/02\/ST-SEQUENZA-_MG_8814-1-1024x683.jpg 1024w, https:\/\/sandrineclark.be\/wp-content\/uploads\/2020\/02\/ST-SEQUENZA-_MG_8814-1-300x200.jpg 300w, https:\/\/sandrineclark.be\/wp-content\/uploads\/2020\/02\/ST-SEQUENZA-_MG_8814-1-768x512.jpg 768w, https:\/\/sandrineclark.be\/wp-content\/uploads\/2020\/02\/ST-SEQUENZA-_MG_8814-1-1536x1024.jpg 1536w, https:\/\/sandrineclark.be\/wp-content\/uploads\/2020\/02\/ST-SEQUENZA-_MG_8814-1-2048x1365.jpg 2048w, https:\/\/sandrineclark.be\/wp-content\/uploads\/2020\/02\/ST-SEQUENZA-_MG_8814-1-1200x800.jpg 1200w, https:\/\/sandrineclark.be\/wp-content\/uploads\/2020\/02\/ST-SEQUENZA-_MG_8814-1-1980x1320.jpg 1980w\" sizes=\"(max-width: 1024px) 100vw, 1024px\" \/><\/figure><\/li><li class=\"blocks-gallery-item\"><figure><img loading=\"lazy\" width=\"1024\" height=\"683\" src=\"http:\/\/sandrineclark.be\/wp-content\/uploads\/2020\/02\/ST-SEQUENZA-_MG_8877-1024x683.jpg\" alt=\"\" data-id=\"127\" data-link=\"http:\/\/sandrineclark.be\/?attachment_id=127\" class=\"wp-image-127\" srcset=\"https:\/\/sandrineclark.be\/wp-content\/uploads\/2020\/02\/ST-SEQUENZA-_MG_8877-1024x683.jpg 1024w, https:\/\/sandrineclark.be\/wp-content\/uploads\/2020\/02\/ST-SEQUENZA-_MG_8877-300x200.jpg 300w, https:\/\/sandrineclark.be\/wp-content\/uploads\/2020\/02\/ST-SEQUENZA-_MG_8877-768x512.jpg 768w, https:\/\/sandrineclark.be\/wp-content\/uploads\/2020\/02\/ST-SEQUENZA-_MG_8877-1536x1024.jpg 1536w, https:\/\/sandrineclark.be\/wp-content\/uploads\/2020\/02\/ST-SEQUENZA-_MG_8877-2048x1365.jpg 2048w, https:\/\/sandrineclark.be\/wp-content\/uploads\/2020\/02\/ST-SEQUENZA-_MG_8877-1200x800.jpg 1200w, https:\/\/sandrineclark.be\/wp-content\/uploads\/2020\/02\/ST-SEQUENZA-_MG_8877-1980x1320.jpg 1980w\" sizes=\"(max-width: 1024px) 100vw, 1024px\" \/><\/figure><\/li><li class=\"blocks-gallery-item\"><figure><img loading=\"lazy\" width=\"1024\" height=\"683\" src=\"http:\/\/sandrineclark.be\/wp-content\/uploads\/2020\/02\/ST-SEQUENZA-_MG_8869-1024x683.jpg\" alt=\"\" data-id=\"128\" data-link=\"http:\/\/sandrineclark.be\/?attachment_id=128\" class=\"wp-image-128\" srcset=\"https:\/\/sandrineclark.be\/wp-content\/uploads\/2020\/02\/ST-SEQUENZA-_MG_8869-1024x683.jpg 1024w, https:\/\/sandrineclark.be\/wp-content\/uploads\/2020\/02\/ST-SEQUENZA-_MG_8869-300x200.jpg 300w, https:\/\/sandrineclark.be\/wp-content\/uploads\/2020\/02\/ST-SEQUENZA-_MG_8869-768x512.jpg 768w, https:\/\/sandrineclark.be\/wp-content\/uploads\/2020\/02\/ST-SEQUENZA-_MG_8869-1536x1024.jpg 1536w, https:\/\/sandrineclark.be\/wp-content\/uploads\/2020\/02\/ST-SEQUENZA-_MG_8869-2048x1365.jpg 2048w, https:\/\/sandrineclark.be\/wp-content\/uploads\/2020\/02\/ST-SEQUENZA-_MG_8869-1200x800.jpg 1200w, https:\/\/sandrineclark.be\/wp-content\/uploads\/2020\/02\/ST-SEQUENZA-_MG_8869-1980x1320.jpg 1980w\" sizes=\"(max-width: 1024px) 100vw, 1024px\" \/><\/figure><\/li><li class=\"blocks-gallery-item\"><figure><img loading=\"lazy\" width=\"1024\" height=\"683\" src=\"http:\/\/sandrineclark.be\/wp-content\/uploads\/2020\/02\/ST-SEQUENZA-_MG_8817-1024x683.jpg\" alt=\"\" data-id=\"129\" data-link=\"http:\/\/sandrineclark.be\/?attachment_id=129\" class=\"wp-image-129\" srcset=\"https:\/\/sandrineclark.be\/wp-content\/uploads\/2020\/02\/ST-SEQUENZA-_MG_8817-1024x683.jpg 1024w, https:\/\/sandrineclark.be\/wp-content\/uploads\/2020\/02\/ST-SEQUENZA-_MG_8817-300x200.jpg 300w, https:\/\/sandrineclark.be\/wp-content\/uploads\/2020\/02\/ST-SEQUENZA-_MG_8817-768x512.jpg 768w, https:\/\/sandrineclark.be\/wp-content\/uploads\/2020\/02\/ST-SEQUENZA-_MG_8817-1536x1024.jpg 1536w, https:\/\/sandrineclark.be\/wp-content\/uploads\/2020\/02\/ST-SEQUENZA-_MG_8817-2048x1365.jpg 2048w, https:\/\/sandrineclark.be\/wp-content\/uploads\/2020\/02\/ST-SEQUENZA-_MG_8817-1200x800.jpg 1200w, https:\/\/sandrineclark.be\/wp-content\/uploads\/2020\/02\/ST-SEQUENZA-_MG_8817-1980x1320.jpg 1980w\" sizes=\"(max-width: 1024px) 100vw, 1024px\" \/><\/figure><\/li><li class=\"blocks-gallery-item\"><figure><img loading=\"lazy\" width=\"683\" height=\"1024\" src=\"http:\/\/sandrineclark.be\/wp-content\/uploads\/2020\/02\/ST-SEQUENZA-_MG_8836-683x1024.jpg\" alt=\"\" data-id=\"130\" data-link=\"http:\/\/sandrineclark.be\/?attachment_id=130\" class=\"wp-image-130\" srcset=\"https:\/\/sandrineclark.be\/wp-content\/uploads\/2020\/02\/ST-SEQUENZA-_MG_8836-683x1024.jpg 683w, https:\/\/sandrineclark.be\/wp-content\/uploads\/2020\/02\/ST-SEQUENZA-_MG_8836-200x300.jpg 200w, https:\/\/sandrineclark.be\/wp-content\/uploads\/2020\/02\/ST-SEQUENZA-_MG_8836-768x1152.jpg 768w, https:\/\/sandrineclark.be\/wp-content\/uploads\/2020\/02\/ST-SEQUENZA-_MG_8836-1024x1536.jpg 1024w, https:\/\/sandrineclark.be\/wp-content\/uploads\/2020\/02\/ST-SEQUENZA-_MG_8836-1365x2048.jpg 1365w, https:\/\/sandrineclark.be\/wp-content\/uploads\/2020\/02\/ST-SEQUENZA-_MG_8836-1200x1800.jpg 1200w, https:\/\/sandrineclark.be\/wp-content\/uploads\/2020\/02\/ST-SEQUENZA-_MG_8836-1980x2970.jpg 1980w, https:\/\/sandrineclark.be\/wp-content\/uploads\/2020\/02\/ST-SEQUENZA-_MG_8836-scaled.jpg 1707w\" sizes=\"(max-width: 683px) 100vw, 683px\" \/><\/figure><\/li><li class=\"blocks-gallery-item\"><figure><img loading=\"lazy\" width=\"683\" height=\"1024\" src=\"http:\/\/sandrineclark.be\/wp-content\/uploads\/2020\/02\/ST-SEQUENZA-_MG_8831-683x1024.jpg\" alt=\"\" data-id=\"131\" data-link=\"http:\/\/sandrineclark.be\/?attachment_id=131\" class=\"wp-image-131\" srcset=\"https:\/\/sandrineclark.be\/wp-content\/uploads\/2020\/02\/ST-SEQUENZA-_MG_8831-683x1024.jpg 683w, https:\/\/sandrineclark.be\/wp-content\/uploads\/2020\/02\/ST-SEQUENZA-_MG_8831-200x300.jpg 200w, https:\/\/sandrineclark.be\/wp-content\/uploads\/2020\/02\/ST-SEQUENZA-_MG_8831-768x1152.jpg 768w, https:\/\/sandrineclark.be\/wp-content\/uploads\/2020\/02\/ST-SEQUENZA-_MG_8831-1024x1536.jpg 1024w, https:\/\/sandrineclark.be\/wp-content\/uploads\/2020\/02\/ST-SEQUENZA-_MG_8831-1365x2048.jpg 1365w, https:\/\/sandrineclark.be\/wp-content\/uploads\/2020\/02\/ST-SEQUENZA-_MG_8831-1200x1800.jpg 1200w, https:\/\/sandrineclark.be\/wp-content\/uploads\/2020\/02\/ST-SEQUENZA-_MG_8831-1980x2970.jpg 1980w, https:\/\/sandrineclark.be\/wp-content\/uploads\/2020\/02\/ST-SEQUENZA-_MG_8831-scaled.jpg 1707w\" sizes=\"(max-width: 683px) 100vw, 683px\" \/><\/figure><\/li><li class=\"blocks-gallery-item\"><figure><img loading=\"lazy\" width=\"1024\" height=\"683\" src=\"http:\/\/sandrineclark.be\/wp-content\/uploads\/2020\/02\/ST-SEQUENZA-_MG_8889-1024x683.jpg\" alt=\"\" data-id=\"132\" data-link=\"http:\/\/sandrineclark.be\/?attachment_id=132\" class=\"wp-image-132\" srcset=\"https:\/\/sandrineclark.be\/wp-content\/uploads\/2020\/02\/ST-SEQUENZA-_MG_8889-1024x683.jpg 1024w, https:\/\/sandrineclark.be\/wp-content\/uploads\/2020\/02\/ST-SEQUENZA-_MG_8889-300x200.jpg 300w, https:\/\/sandrineclark.be\/wp-content\/uploads\/2020\/02\/ST-SEQUENZA-_MG_8889-768x512.jpg 768w, https:\/\/sandrineclark.be\/wp-content\/uploads\/2020\/02\/ST-SEQUENZA-_MG_8889-1536x1024.jpg 1536w, https:\/\/sandrineclark.be\/wp-content\/uploads\/2020\/02\/ST-SEQUENZA-_MG_8889-2048x1365.jpg 2048w, https:\/\/sandrineclark.be\/wp-content\/uploads\/2020\/02\/ST-SEQUENZA-_MG_8889-1200x800.jpg 1200w, https:\/\/sandrineclark.be\/wp-content\/uploads\/2020\/02\/ST-SEQUENZA-_MG_8889-1980x1320.jpg 1980w\" sizes=\"(max-width: 1024px) 100vw, 1024px\" \/><\/figure><\/li><li class=\"blocks-gallery-item\"><figure><img loading=\"lazy\" width=\"1024\" height=\"683\" src=\"http:\/\/sandrineclark.be\/wp-content\/uploads\/2020\/02\/ST-SEQUENZA-_MG_8844-1024x683.jpg\" alt=\"\" data-id=\"133\" data-link=\"http:\/\/sandrineclark.be\/?attachment_id=133\" class=\"wp-image-133\" srcset=\"https:\/\/sandrineclark.be\/wp-content\/uploads\/2020\/02\/ST-SEQUENZA-_MG_8844-1024x683.jpg 1024w, https:\/\/sandrineclark.be\/wp-content\/uploads\/2020\/02\/ST-SEQUENZA-_MG_8844-300x200.jpg 300w, https:\/\/sandrineclark.be\/wp-content\/uploads\/2020\/02\/ST-SEQUENZA-_MG_8844-768x512.jpg 768w, https:\/\/sandrineclark.be\/wp-content\/uploads\/2020\/02\/ST-SEQUENZA-_MG_8844-1536x1024.jpg 1536w, https:\/\/sandrineclark.be\/wp-content\/uploads\/2020\/02\/ST-SEQUENZA-_MG_8844-2048x1365.jpg 2048w, https:\/\/sandrineclark.be\/wp-content\/uploads\/2020\/02\/ST-SEQUENZA-_MG_8844-1200x800.jpg 1200w, https:\/\/sandrineclark.be\/wp-content\/uploads\/2020\/02\/ST-SEQUENZA-_MG_8844-1980x1320.jpg 1980w\" sizes=\"(max-width: 1024px) 100vw, 1024px\" \/><\/figure><\/li><li class=\"blocks-gallery-item\"><figure><img loading=\"lazy\" width=\"1024\" height=\"683\" src=\"http:\/\/sandrineclark.be\/wp-content\/uploads\/2020\/02\/ST-SEQUENZA-_MG_8887-1024x683.jpg\" alt=\"\" data-id=\"134\" data-link=\"http:\/\/sandrineclark.be\/?attachment_id=134\" class=\"wp-image-134\" srcset=\"https:\/\/sandrineclark.be\/wp-content\/uploads\/2020\/02\/ST-SEQUENZA-_MG_8887-1024x683.jpg 1024w, https:\/\/sandrineclark.be\/wp-content\/uploads\/2020\/02\/ST-SEQUENZA-_MG_8887-300x200.jpg 300w, https:\/\/sandrineclark.be\/wp-content\/uploads\/2020\/02\/ST-SEQUENZA-_MG_8887-768x512.jpg 768w, https:\/\/sandrineclark.be\/wp-content\/uploads\/2020\/02\/ST-SEQUENZA-_MG_8887-1536x1024.jpg 1536w, https:\/\/sandrineclark.be\/wp-content\/uploads\/2020\/02\/ST-SEQUENZA-_MG_8887-2048x1365.jpg 2048w, https:\/\/sandrineclark.be\/wp-content\/uploads\/2020\/02\/ST-SEQUENZA-_MG_8887-1200x800.jpg 1200w, https:\/\/sandrineclark.be\/wp-content\/uploads\/2020\/02\/ST-SEQUENZA-_MG_8887-1980x1320.jpg 1980w\" sizes=\"(max-width: 1024px) 100vw, 1024px\" \/><\/figure><\/li><li class=\"blocks-gallery-item\"><figure><img loading=\"lazy\" width=\"1024\" height=\"683\" src=\"http:\/\/sandrineclark.be\/wp-content\/uploads\/2020\/02\/ST-SEQUENZA-_MG_8862-1024x683.jpg\" alt=\"\" data-id=\"135\" data-full-url=\"http:\/\/sandrineclark.be\/wp-content\/uploads\/2020\/02\/ST-SEQUENZA-_MG_8862-scaled.jpg\" data-link=\"http:\/\/sandrineclark.be\/?attachment_id=135\" class=\"wp-image-135\" srcset=\"https:\/\/sandrineclark.be\/wp-content\/uploads\/2020\/02\/ST-SEQUENZA-_MG_8862-1024x683.jpg 1024w, https:\/\/sandrineclark.be\/wp-content\/uploads\/2020\/02\/ST-SEQUENZA-_MG_8862-300x200.jpg 300w, https:\/\/sandrineclark.be\/wp-content\/uploads\/2020\/02\/ST-SEQUENZA-_MG_8862-768x512.jpg 768w, https:\/\/sandrineclark.be\/wp-content\/uploads\/2020\/02\/ST-SEQUENZA-_MG_8862-1536x1024.jpg 1536w, https:\/\/sandrineclark.be\/wp-content\/uploads\/2020\/02\/ST-SEQUENZA-_MG_8862-2048x1365.jpg 2048w, https:\/\/sandrineclark.be\/wp-content\/uploads\/2020\/02\/ST-SEQUENZA-_MG_8862-1200x800.jpg 1200w, https:\/\/sandrineclark.be\/wp-content\/uploads\/2020\/02\/ST-SEQUENZA-_MG_8862-1980x1320.jpg 1980w\" sizes=\"(max-width: 1024px) 100vw, 1024px\" \/><\/figure><\/li><\/ul><\/figure>\n\n\n\n<p class=\"has-text-color has-large-font-size\" style=\"color:#174a61\"><strong>Cr\u00e9ation par la compagnie Sequenza en ao\u00fbt 2019<\/strong><\/p>\n\n\n\n<div style=\"height:27px\" aria-hidden=\"true\" class=\"wp-block-spacer\"><\/div>\n\n\n\n<p class=\"has-text-align-right\"><em>\u00ab\u00a0Gwen, une fille de 10 ans, vient de d\u00e9barquer dans sa nouvelle \u00e9cole. D\u00e8s le premier jour, elle se fait remarquer. Gwen s\u2019\u00e9lance du premier \u00e9tage de l\u2019\u00e9cole et tombe sur la dirlo. Deux jours plus tard, les poissons de la classe dont elle a la charge meurent. La situation s\u2019envenime quand la cl\u00e9 de l\u2019armoire de la classe dispara\u00eet. Gwen d\u00e9cide de mener l\u2019enqu\u00eate pour prouver son innocence. Elle fait une \u00e9trange d\u00e9couverte dans les sous-sols de l\u2019\u00e9cole\u2026\u00a0\u00bb<\/em><\/p>\n\n\n\n<div style=\"height:59px\" aria-hidden=\"true\" class=\"wp-block-spacer\"><\/div>\n\n\n\n<p>Texte et mise en sc\u00e8ne: <strong>Loris LIBERALE<\/strong><\/p>\n\n\n\n<p>Interpr\u00e9tation: <strong>Caroline DONNELLY, Fanny DREISS<\/strong><\/p>\n\n\n\n<p>Sc\u00e9nographie: <strong>Sandrine CLARK<\/strong><\/p>\n\n\n\n<p>Cr\u00e9ation lumi\u00e8re: <strong>Xavier LAUWERS<\/strong><\/p>\n\n\n\n<p>Musique: <strong>Fabien MOUTON &amp; Nicolas DEPASSE<\/strong><\/p>\n\n\n\n<p>R\u00e9gie: <strong>Jack VINCENT<\/strong><\/p>\n\n\n\n<p>Voix off: <strong>Nicole DURET<\/strong><\/p>\n\n\n\n<p class=\"has-text-align-right\"><a href=\"https:\/\/sequenzacie.wixsite.com\/spectacle\">https:\/\/sequenzacie.wixsite.com\/spectacle<\/a><\/p>\n","protected":false},"excerpt":{"rendered":"<p>Spectacle tout public \u00e0 partir de 7 ans Cr\u00e9ation par la compagnie Sequenza en ao\u00fbt 2019 \u00ab\u00a0Gwen, une fille de 10 ans, vient de d\u00e9barquer dans sa nouvelle \u00e9cole. D\u00e8s le premier jour, elle se fait remarquer. Gwen s\u2019\u00e9lance du premier \u00e9tage de l\u2019\u00e9cole et tombe sur la dirlo. Deux jours plus tard, les poissons [&hellip;]<\/p>\n","protected":false},"author":1,"featured_media":0,"parent":0,"menu_order":0,"comment_status":"closed","ping_status":"closed","template":"","meta":{"_coblocks_attr":"","_coblocks_dimensions":"","_coblocks_responsive_height":"","_coblocks_accordion_ie_support":"","spay_email":""},"_links":{"self":[{"href":"https:\/\/sandrineclark.be\/index.php\/wp-json\/wp\/v2\/pages\/124"}],"collection":[{"href":"https:\/\/sandrineclark.be\/index.php\/wp-json\/wp\/v2\/pages"}],"about":[{"href":"https:\/\/sandrineclark.be\/index.php\/wp-json\/wp\/v2\/types\/page"}],"author":[{"embeddable":true,"href":"https:\/\/sandrineclark.be\/index.php\/wp-json\/wp\/v2\/users\/1"}],"replies":[{"embeddable":true,"href":"https:\/\/sandrineclark.be\/index.php\/wp-json\/wp\/v2\/comments?post=124"}],"version-history":[{"count":2,"href":"https:\/\/sandrineclark.be\/index.php\/wp-json\/wp\/v2\/pages\/124\/revisions"}],"predecessor-version":[{"id":523,"href":"https:\/\/sandrineclark.be\/index.php\/wp-json\/wp\/v2\/pages\/124\/revisions\/523"}],"wp:attachment":[{"href":"https:\/\/sandrineclark.be\/index.php\/wp-json\/wp\/v2\/media?parent=124"}],"curies":[{"name":"wp","href":"https:\/\/api.w.org\/{rel}","templated":true}]}}