{"id":140,"date":"2020-02-29T23:15:53","date_gmt":"2020-02-29T22:15:53","guid":{"rendered":"http:\/\/sandrineclark.be\/?page_id=140"},"modified":"2023-10-15T16:31:57","modified_gmt":"2023-10-15T14:31:57","slug":"y-a-pas-de-lezard","status":"publish","type":"page","link":"https:\/\/sandrineclark.be\/index.php\/y-a-pas-de-lezard\/","title":{"rendered":"Y a pas de L\u00e9zard"},"content":{"rendered":"\n<p class=\"has-text-align-center\">Spectacle tout public \u00e0 partir de 10 ans<\/p>\n\n\n\n<div class=\"wp-block-image is-style-circle-mask\"><figure class=\"aligncenter size-large is-resized\"><img loading=\"lazy\" src=\"http:\/\/sandrineclark.be\/wp-content\/uploads\/2020\/02\/RECTO-YA-sans-bord-355x500-1.jpg\" alt=\"\" class=\"wp-image-144\" width=\"418\" height=\"523\"\/><figcaption><em>\u00a9 madamelabelge<\/em><\/figcaption><\/figure><\/div>\n\n\n\n<div style=\"height:20px\" aria-hidden=\"true\" class=\"wp-block-spacer\"><\/div>\n\n\n\n<figure class=\"wp-block-gallery columns-6 is-cropped\"><ul class=\"blocks-gallery-grid\"><li class=\"blocks-gallery-item\"><figure><img loading=\"lazy\" width=\"135\" height=\"135\" src=\"http:\/\/sandrineclark.be\/wp-content\/uploads\/2020\/02\/icoN-rtjp2018-_MG_5590-135x135-1.jpg\" alt=\"\" data-id=\"145\" data-link=\"http:\/\/sandrineclark.be\/?attachment_id=145\" class=\"wp-image-145\"\/><\/figure><\/li><li class=\"blocks-gallery-item\"><figure><img loading=\"lazy\" width=\"135\" height=\"135\" src=\"http:\/\/sandrineclark.be\/wp-content\/uploads\/2020\/02\/icoN-rtjp2018-_MG_5610-135x135-1.jpg\" alt=\"\" data-id=\"146\" data-link=\"http:\/\/sandrineclark.be\/?attachment_id=146\" class=\"wp-image-146\"\/><\/figure><\/li><li class=\"blocks-gallery-item\"><figure><img loading=\"lazy\" width=\"135\" height=\"135\" src=\"http:\/\/sandrineclark.be\/wp-content\/uploads\/2020\/02\/icoN-rtjp2018-_MG_5626-135x135-1.jpg\" alt=\"\" data-id=\"147\" data-link=\"http:\/\/sandrineclark.be\/?attachment_id=147\" class=\"wp-image-147\"\/><\/figure><\/li><li class=\"blocks-gallery-item\"><figure><img loading=\"lazy\" width=\"135\" height=\"135\" src=\"http:\/\/sandrineclark.be\/wp-content\/uploads\/2020\/02\/icoN-rtjp2018-_MG_5633-135x135-1.jpg\" alt=\"\" data-id=\"148\" data-link=\"http:\/\/sandrineclark.be\/?attachment_id=148\" class=\"wp-image-148\"\/><\/figure><\/li><li class=\"blocks-gallery-item\"><figure><img loading=\"lazy\" width=\"135\" height=\"135\" src=\"http:\/\/sandrineclark.be\/wp-content\/uploads\/2020\/02\/icoN-rtjp2018-_MG_5636-135x135-1.jpg\" alt=\"\" data-id=\"149\" data-link=\"http:\/\/sandrineclark.be\/?attachment_id=149\" class=\"wp-image-149\"\/><\/figure><\/li><li class=\"blocks-gallery-item\"><figure><img loading=\"lazy\" width=\"135\" height=\"135\" src=\"http:\/\/sandrineclark.be\/wp-content\/uploads\/2020\/02\/icoN-rtjp2018-_MG_5642-135x135-1.jpg\" alt=\"\" data-id=\"150\" data-link=\"http:\/\/sandrineclark.be\/?attachment_id=150\" class=\"wp-image-150\"\/><\/figure><\/li><\/ul><\/figure>\n\n\n\n<div style=\"height:31px\" aria-hidden=\"true\" class=\"wp-block-spacer\"><\/div>\n\n\n\n<p class=\"has-text-color has-large-font-size\" style=\"color:#0d445b\"><strong>Cr\u00e9ation par la Compagnie Sequenza en ao\u00fbt 2018<\/strong><\/p>\n\n\n\n<div style=\"height:20px\" aria-hidden=\"true\" class=\"wp-block-spacer\"><\/div>\n\n\n\n<p class=\"has-text-align-right\">\u00ab\u00a0<em>L\u00e9o a 13 ans, c\u2019est un gar\u00e7on comme les autres sauf qu\u2019il b\u00e9gaie qu\u2019il parle tellement vite qu\u2019on ne comprend rien qu\u2019il bouge sans arr\u00eat et en plus, il pique des crises. Il est sur la sellette et au moindre souci c\u2019est \u00e0 L\u00e9o qu\u2019on pense forc\u00e9ment. Le voyage de classe \u00e0 Amsterdam s\u2019organise. L\u00e9o perd son enveloppe avec l\u2019argent destin\u00e9 au voyage. Le lendemain, la situation s\u2019envenime la cagnotte de classe pour le voyage scolaire dispara\u00eet \u00e0 son tour\u2026<\/em>\u00ab\u00a0<\/p>\n\n\n\n<p class=\"has-text-align-right\">La pi\u00e8ce expose le v\u00e9cu d\u2019un enfant confront\u00e9 au ph\u00e9nom\u00e8ne de bouc \u00e9missaire.<\/p>\n\n\n\n<div style=\"height:43px\" aria-hidden=\"true\" class=\"wp-block-spacer\"><\/div>\n\n\n\n<p>Texte: <strong>Loris LIBERALE<\/strong><\/p>\n\n\n\n<p>Mise en sc\u00e8ne: <strong>Nathalie DASSONVILLE<\/strong><\/p>\n\n\n\n<p>Interpr\u00e9tation: <strong>Loris LIBERALE &amp; Nicolas YATES<\/strong> <\/p>\n\n\n\n<p>Sc\u00e9nographie: <strong>Sandrine CLARK<\/strong><\/p>\n\n\n\n<p>Cr\u00e9ation lumi\u00e8re: <strong>Xavier LAUWERS<\/strong><\/p>\n\n\n\n<p>En collaboration avec <strong>Sandra VIGLIOTTI<\/strong><\/p>\n\n\n\n<div style=\"height:30px\" aria-hidden=\"true\" class=\"wp-block-spacer\"><\/div>\n\n\n\n<p class=\"has-text-align-right\"><a href=\"https:\/\/sequenzacie.wixsite.com\/spectacle\">https:\/\/sequenzacie.wixsite.com\/spectacle<\/a><\/p>\n","protected":false},"excerpt":{"rendered":"<p>Spectacle tout public \u00e0 partir de 10 ans Cr\u00e9ation par la Compagnie Sequenza en ao\u00fbt 2018 \u00ab\u00a0L\u00e9o a 13 ans, c\u2019est un gar\u00e7on comme les autres sauf qu\u2019il b\u00e9gaie qu\u2019il parle tellement vite qu\u2019on ne comprend rien qu\u2019il bouge sans arr\u00eat et en plus, il pique des crises. Il est sur la sellette et au [&hellip;]<\/p>\n","protected":false},"author":1,"featured_media":0,"parent":0,"menu_order":0,"comment_status":"closed","ping_status":"closed","template":"","meta":{"_coblocks_attr":"","_coblocks_dimensions":"","_coblocks_responsive_height":"","_coblocks_accordion_ie_support":"","spay_email":""},"_links":{"self":[{"href":"https:\/\/sandrineclark.be\/index.php\/wp-json\/wp\/v2\/pages\/140"}],"collection":[{"href":"https:\/\/sandrineclark.be\/index.php\/wp-json\/wp\/v2\/pages"}],"about":[{"href":"https:\/\/sandrineclark.be\/index.php\/wp-json\/wp\/v2\/types\/page"}],"author":[{"embeddable":true,"href":"https:\/\/sandrineclark.be\/index.php\/wp-json\/wp\/v2\/users\/1"}],"replies":[{"embeddable":true,"href":"https:\/\/sandrineclark.be\/index.php\/wp-json\/wp\/v2\/comments?post=140"}],"version-history":[{"count":4,"href":"https:\/\/sandrineclark.be\/index.php\/wp-json\/wp\/v2\/pages\/140\/revisions"}],"predecessor-version":[{"id":520,"href":"https:\/\/sandrineclark.be\/index.php\/wp-json\/wp\/v2\/pages\/140\/revisions\/520"}],"wp:attachment":[{"href":"https:\/\/sandrineclark.be\/index.php\/wp-json\/wp\/v2\/media?parent=140"}],"curies":[{"name":"wp","href":"https:\/\/api.w.org\/{rel}","templated":true}]}}