{"id":154,"date":"2020-02-29T23:29:03","date_gmt":"2020-02-29T22:29:03","guid":{"rendered":"http:\/\/sandrineclark.be\/?page_id=154"},"modified":"2020-02-29T23:29:52","modified_gmt":"2020-02-29T22:29:52","slug":"il-fera-beau","status":"publish","type":"page","link":"https:\/\/sandrineclark.be\/index.php\/il-fera-beau\/","title":{"rendered":"Il fera Beau"},"content":{"rendered":"\n<p class=\"has-text-align-center\">Spectacle pour tout public \u00e0 partir de 2,5 ans<\/p>\n\n\n\n<div class=\"wp-block-image is-style-circle-mask\"><figure class=\"aligncenter size-large is-resized\"><img src=\"http:\/\/sandrineclark.be\/wp-content\/uploads\/2020\/02\/141007-098-684x1024.jpg\" alt=\"\" class=\"wp-image-155\" height=\"790\" srcset=\"https:\/\/sandrineclark.be\/wp-content\/uploads\/2020\/02\/141007-098-684x1024.jpg 684w, https:\/\/sandrineclark.be\/wp-content\/uploads\/2020\/02\/141007-098-200x300.jpg 200w, https:\/\/sandrineclark.be\/wp-content\/uploads\/2020\/02\/141007-098-768x1151.jpg 768w, https:\/\/sandrineclark.be\/wp-content\/uploads\/2020\/02\/141007-098-1025x1536.jpg 1025w, https:\/\/sandrineclark.be\/wp-content\/uploads\/2020\/02\/141007-098-1200x1798.jpg 1200w, https:\/\/sandrineclark.be\/wp-content\/uploads\/2020\/02\/141007-098.jpg 1367w\" sizes=\"(max-width: 684px) 100vw, 684px\" \/><\/figure><\/div>\n\n\n\n<figure class=\"wp-block-gallery columns-3 is-cropped\"><ul class=\"blocks-gallery-grid\"><li class=\"blocks-gallery-item\"><figure><img loading=\"lazy\" width=\"1024\" height=\"684\" src=\"http:\/\/sandrineclark.be\/wp-content\/uploads\/2020\/02\/141007-015-1024x684.jpg\" alt=\"\" data-id=\"156\" data-link=\"http:\/\/sandrineclark.be\/?attachment_id=156\" class=\"wp-image-156\" srcset=\"https:\/\/sandrineclark.be\/wp-content\/uploads\/2020\/02\/141007-015-1024x684.jpg 1024w, https:\/\/sandrineclark.be\/wp-content\/uploads\/2020\/02\/141007-015-300x200.jpg 300w, https:\/\/sandrineclark.be\/wp-content\/uploads\/2020\/02\/141007-015-768x513.jpg 768w, https:\/\/sandrineclark.be\/wp-content\/uploads\/2020\/02\/141007-015-1536x1025.jpg 1536w, https:\/\/sandrineclark.be\/wp-content\/uploads\/2020\/02\/141007-015-1200x801.jpg 1200w, https:\/\/sandrineclark.be\/wp-content\/uploads\/2020\/02\/141007-015-1980x1322.jpg 1980w, https:\/\/sandrineclark.be\/wp-content\/uploads\/2020\/02\/141007-015.jpg 2048w\" sizes=\"(max-width: 1024px) 100vw, 1024px\" \/><\/figure><\/li><li class=\"blocks-gallery-item\"><figure><img loading=\"lazy\" width=\"1024\" height=\"684\" src=\"http:\/\/sandrineclark.be\/wp-content\/uploads\/2020\/02\/141007-043-1024x684.jpg\" alt=\"\" data-id=\"157\" data-link=\"http:\/\/sandrineclark.be\/?attachment_id=157\" class=\"wp-image-157\" srcset=\"https:\/\/sandrineclark.be\/wp-content\/uploads\/2020\/02\/141007-043-1024x684.jpg 1024w, https:\/\/sandrineclark.be\/wp-content\/uploads\/2020\/02\/141007-043-300x200.jpg 300w, https:\/\/sandrineclark.be\/wp-content\/uploads\/2020\/02\/141007-043-768x513.jpg 768w, https:\/\/sandrineclark.be\/wp-content\/uploads\/2020\/02\/141007-043-1536x1025.jpg 1536w, https:\/\/sandrineclark.be\/wp-content\/uploads\/2020\/02\/141007-043-1200x801.jpg 1200w, https:\/\/sandrineclark.be\/wp-content\/uploads\/2020\/02\/141007-043-1980x1322.jpg 1980w, https:\/\/sandrineclark.be\/wp-content\/uploads\/2020\/02\/141007-043.jpg 2048w\" sizes=\"(max-width: 1024px) 100vw, 1024px\" \/><\/figure><\/li><li class=\"blocks-gallery-item\"><figure><img loading=\"lazy\" width=\"1024\" height=\"684\" src=\"http:\/\/sandrineclark.be\/wp-content\/uploads\/2020\/02\/141007-073-1024x684.jpg\" alt=\"\" data-id=\"158\" data-link=\"http:\/\/sandrineclark.be\/?attachment_id=158\" class=\"wp-image-158\" srcset=\"https:\/\/sandrineclark.be\/wp-content\/uploads\/2020\/02\/141007-073-1024x684.jpg 1024w, https:\/\/sandrineclark.be\/wp-content\/uploads\/2020\/02\/141007-073-300x200.jpg 300w, https:\/\/sandrineclark.be\/wp-content\/uploads\/2020\/02\/141007-073-768x513.jpg 768w, https:\/\/sandrineclark.be\/wp-content\/uploads\/2020\/02\/141007-073-1536x1025.jpg 1536w, https:\/\/sandrineclark.be\/wp-content\/uploads\/2020\/02\/141007-073-1200x801.jpg 1200w, https:\/\/sandrineclark.be\/wp-content\/uploads\/2020\/02\/141007-073-1980x1322.jpg 1980w, https:\/\/sandrineclark.be\/wp-content\/uploads\/2020\/02\/141007-073.jpg 2048w\" sizes=\"(max-width: 1024px) 100vw, 1024px\" \/><\/figure><\/li><li class=\"blocks-gallery-item\"><figure><img loading=\"lazy\" width=\"1024\" height=\"684\" src=\"http:\/\/sandrineclark.be\/wp-content\/uploads\/2020\/02\/141007-114-1024x684.jpg\" alt=\"\" data-id=\"159\" data-link=\"http:\/\/sandrineclark.be\/?attachment_id=159\" class=\"wp-image-159\" srcset=\"https:\/\/sandrineclark.be\/wp-content\/uploads\/2020\/02\/141007-114-1024x684.jpg 1024w, https:\/\/sandrineclark.be\/wp-content\/uploads\/2020\/02\/141007-114-300x200.jpg 300w, https:\/\/sandrineclark.be\/wp-content\/uploads\/2020\/02\/141007-114-768x513.jpg 768w, https:\/\/sandrineclark.be\/wp-content\/uploads\/2020\/02\/141007-114-1536x1025.jpg 1536w, https:\/\/sandrineclark.be\/wp-content\/uploads\/2020\/02\/141007-114-1200x801.jpg 1200w, https:\/\/sandrineclark.be\/wp-content\/uploads\/2020\/02\/141007-114-1980x1322.jpg 1980w, https:\/\/sandrineclark.be\/wp-content\/uploads\/2020\/02\/141007-114.jpg 2048w\" sizes=\"(max-width: 1024px) 100vw, 1024px\" \/><\/figure><\/li><li class=\"blocks-gallery-item\"><figure><img loading=\"lazy\" width=\"1024\" height=\"684\" src=\"http:\/\/sandrineclark.be\/wp-content\/uploads\/2020\/02\/141007-123-1024x684.jpg\" alt=\"\" data-id=\"160\" data-link=\"http:\/\/sandrineclark.be\/?attachment_id=160\" class=\"wp-image-160\" srcset=\"https:\/\/sandrineclark.be\/wp-content\/uploads\/2020\/02\/141007-123-1024x684.jpg 1024w, https:\/\/sandrineclark.be\/wp-content\/uploads\/2020\/02\/141007-123-300x200.jpg 300w, https:\/\/sandrineclark.be\/wp-content\/uploads\/2020\/02\/141007-123-768x513.jpg 768w, https:\/\/sandrineclark.be\/wp-content\/uploads\/2020\/02\/141007-123-1536x1025.jpg 1536w, https:\/\/sandrineclark.be\/wp-content\/uploads\/2020\/02\/141007-123-1200x801.jpg 1200w, https:\/\/sandrineclark.be\/wp-content\/uploads\/2020\/02\/141007-123-1980x1322.jpg 1980w, https:\/\/sandrineclark.be\/wp-content\/uploads\/2020\/02\/141007-123.jpg 2048w\" sizes=\"(max-width: 1024px) 100vw, 1024px\" \/><\/figure><\/li><li class=\"blocks-gallery-item\"><figure><img loading=\"lazy\" width=\"1024\" height=\"684\" src=\"http:\/\/sandrineclark.be\/wp-content\/uploads\/2020\/02\/141007-131-1024x684.jpg\" alt=\"\" data-id=\"161\" data-link=\"http:\/\/sandrineclark.be\/?attachment_id=161\" class=\"wp-image-161\" srcset=\"https:\/\/sandrineclark.be\/wp-content\/uploads\/2020\/02\/141007-131-1024x684.jpg 1024w, https:\/\/sandrineclark.be\/wp-content\/uploads\/2020\/02\/141007-131-300x200.jpg 300w, https:\/\/sandrineclark.be\/wp-content\/uploads\/2020\/02\/141007-131-768x513.jpg 768w, https:\/\/sandrineclark.be\/wp-content\/uploads\/2020\/02\/141007-131-1536x1025.jpg 1536w, https:\/\/sandrineclark.be\/wp-content\/uploads\/2020\/02\/141007-131-1200x801.jpg 1200w, https:\/\/sandrineclark.be\/wp-content\/uploads\/2020\/02\/141007-131-1980x1322.jpg 1980w, https:\/\/sandrineclark.be\/wp-content\/uploads\/2020\/02\/141007-131.jpg 2048w\" sizes=\"(max-width: 1024px) 100vw, 1024px\" \/><\/figure><\/li><li class=\"blocks-gallery-item\"><figure><img loading=\"lazy\" width=\"684\" height=\"1024\" src=\"http:\/\/sandrineclark.be\/wp-content\/uploads\/2020\/02\/141007-162-684x1024.jpg\" alt=\"\" data-id=\"162\" data-link=\"http:\/\/sandrineclark.be\/?attachment_id=162\" class=\"wp-image-162\" srcset=\"https:\/\/sandrineclark.be\/wp-content\/uploads\/2020\/02\/141007-162-684x1024.jpg 684w, https:\/\/sandrineclark.be\/wp-content\/uploads\/2020\/02\/141007-162-200x300.jpg 200w, https:\/\/sandrineclark.be\/wp-content\/uploads\/2020\/02\/141007-162-768x1151.jpg 768w, https:\/\/sandrineclark.be\/wp-content\/uploads\/2020\/02\/141007-162-1025x1536.jpg 1025w, https:\/\/sandrineclark.be\/wp-content\/uploads\/2020\/02\/141007-162-1200x1798.jpg 1200w, https:\/\/sandrineclark.be\/wp-content\/uploads\/2020\/02\/141007-162.jpg 1367w\" sizes=\"(max-width: 684px) 100vw, 684px\" \/><\/figure><\/li><li class=\"blocks-gallery-item\"><figure><img loading=\"lazy\" width=\"1024\" height=\"684\" src=\"http:\/\/sandrineclark.be\/wp-content\/uploads\/2020\/02\/141007-169-1024x684.jpg\" alt=\"\" data-id=\"163\" data-full-url=\"http:\/\/sandrineclark.be\/wp-content\/uploads\/2020\/02\/141007-169.jpg\" data-link=\"http:\/\/sandrineclark.be\/?attachment_id=163\" class=\"wp-image-163\" srcset=\"https:\/\/sandrineclark.be\/wp-content\/uploads\/2020\/02\/141007-169-1024x684.jpg 1024w, https:\/\/sandrineclark.be\/wp-content\/uploads\/2020\/02\/141007-169-300x200.jpg 300w, https:\/\/sandrineclark.be\/wp-content\/uploads\/2020\/02\/141007-169-768x513.jpg 768w, https:\/\/sandrineclark.be\/wp-content\/uploads\/2020\/02\/141007-169-1536x1025.jpg 1536w, https:\/\/sandrineclark.be\/wp-content\/uploads\/2020\/02\/141007-169-1200x801.jpg 1200w, https:\/\/sandrineclark.be\/wp-content\/uploads\/2020\/02\/141007-169-1980x1322.jpg 1980w, https:\/\/sandrineclark.be\/wp-content\/uploads\/2020\/02\/141007-169.jpg 2048w\" sizes=\"(max-width: 1024px) 100vw, 1024px\" \/><\/figure><\/li><\/ul><\/figure>\n\n\n\n<p style=\"color:#0b455f;font-size:22.25px\" class=\"has-text-color has-text-align-center\"><strong>CR\u00c9ATION DE L&rsquo;ASBL LES CAROTTES SAUVAGES, EN COPRODUCTION AVEC CAMERA-ETC<\/strong> <strong>en 2014<\/strong><\/p>\n\n\n\n<p class=\"has-text-align-right\"><em>Au milieu d&rsquo;une clairi\u00e8re,<\/em><\/p>\n\n\n\n<p class=\"has-text-align-right\"><em>deux musiciennes invitent les spectateurs \u00e0 prendre place, bien au chaud.<\/em><\/p>\n\n\n\n<p class=\"has-text-align-right\"><em>Leurs instruments sont pr\u00eats, \u00e0 port\u00e9e de main.<\/em><\/p>\n\n\n\n<p class=\"has-text-align-right\"><em>Et lorsque la lumi\u00e8re descend,<\/em><\/p>\n\n\n\n<p class=\"has-text-align-right\"><em>c&rsquo;est l&rsquo;hiver tout entier qui s&rsquo;anime et d\u00e9voile ses jours noirs et blancs!<\/em><\/p>\n\n\n\n<p class=\"has-text-align-right\"><em>Po\u00e9sie pour les yeux et les oreilles,<\/em><\/p>\n\n\n\n<p class=\"has-text-align-right\"><em>\u00ab\u00a0Il fera beau\u00a0\u00bb invite \u00e0 savourer le temps qu&rsquo;il fait.<\/em><\/p>\n\n\n\n<div style=\"height:58px\" aria-hidden=\"true\" class=\"wp-block-spacer\"><\/div>\n\n\n\n<p>Mise en sc\u00e8ne: <strong>Yan Daems et Ga\u00eblle Clark<\/strong><\/p>\n\n\n\n<p>Interpr\u00e9tation et musique: <strong>Julie Chemin et Anne Gennen<\/strong><\/p>\n\n\n\n<p>Sc\u00e9nographie: <strong>Sandrine Clark et Ga\u00eblle Clark<\/strong><\/p>\n\n\n\n<p>Film d&rsquo;animation: <strong>Cam\u00e9ra-etc<\/strong><\/p>\n\n\n\n<p>Cr\u00e9ation lumi\u00e8re: <strong>Cl\u00e9ment Papin<\/strong><\/p>\n\n\n\n<p>Illustrateur: <strong>Christian Voltz<\/strong><\/p>\n\n\n\n<div style=\"height:54px\" aria-hidden=\"true\" class=\"wp-block-spacer\"><\/div>\n\n\n\n<p class=\"has-text-align-right\"><a href=\"https:\/\/www.ilferabeau.be\">https:\/\/www.ilferabeau.be<\/a><\/p>\n","protected":false},"excerpt":{"rendered":"<p>Spectacle pour tout public \u00e0 partir de 2,5 ans CR\u00c9ATION DE L&rsquo;ASBL LES CAROTTES SAUVAGES, EN COPRODUCTION AVEC CAMERA-ETC en 2014 Au milieu d&rsquo;une clairi\u00e8re, deux musiciennes invitent les spectateurs \u00e0 prendre place, bien au chaud. Leurs instruments sont pr\u00eats, \u00e0 port\u00e9e de main. Et lorsque la lumi\u00e8re descend, c&rsquo;est l&rsquo;hiver tout entier qui s&rsquo;anime [&hellip;]<\/p>\n","protected":false},"author":1,"featured_media":0,"parent":0,"menu_order":0,"comment_status":"closed","ping_status":"closed","template":"","meta":{"_coblocks_attr":"","_coblocks_dimensions":"","_coblocks_responsive_height":"","_coblocks_accordion_ie_support":"","spay_email":""},"_links":{"self":[{"href":"https:\/\/sandrineclark.be\/index.php\/wp-json\/wp\/v2\/pages\/154"}],"collection":[{"href":"https:\/\/sandrineclark.be\/index.php\/wp-json\/wp\/v2\/pages"}],"about":[{"href":"https:\/\/sandrineclark.be\/index.php\/wp-json\/wp\/v2\/types\/page"}],"author":[{"embeddable":true,"href":"https:\/\/sandrineclark.be\/index.php\/wp-json\/wp\/v2\/users\/1"}],"replies":[{"embeddable":true,"href":"https:\/\/sandrineclark.be\/index.php\/wp-json\/wp\/v2\/comments?post=154"}],"version-history":[{"count":2,"href":"https:\/\/sandrineclark.be\/index.php\/wp-json\/wp\/v2\/pages\/154\/revisions"}],"predecessor-version":[{"id":165,"href":"https:\/\/sandrineclark.be\/index.php\/wp-json\/wp\/v2\/pages\/154\/revisions\/165"}],"wp:attachment":[{"href":"https:\/\/sandrineclark.be\/index.php\/wp-json\/wp\/v2\/media?parent=154"}],"curies":[{"name":"wp","href":"https:\/\/api.w.org\/{rel}","templated":true}]}}