{"id":168,"date":"2020-02-29T23:46:57","date_gmt":"2020-02-29T22:46:57","guid":{"rendered":"http:\/\/sandrineclark.be\/?page_id=168"},"modified":"2020-02-29T23:46:57","modified_gmt":"2020-02-29T22:46:57","slug":"au-temps-pour-moi","status":"publish","type":"page","link":"https:\/\/sandrineclark.be\/index.php\/au-temps-pour-moi\/","title":{"rendered":"Au Temps Pour Moi"},"content":{"rendered":"\n<p class=\"has-text-align-center\">Art s\u00e9rieux pour chanteuse pas sage<\/p>\n\n\n\n<div style=\"height:20px\" aria-hidden=\"true\" class=\"wp-block-spacer\"><\/div>\n\n\n\n<div class=\"wp-block-image is-style-circle-mask\"><figure class=\"aligncenter size-large is-resized\"><img loading=\"lazy\" src=\"http:\/\/sandrineclark.be\/wp-content\/uploads\/2020\/02\/20191010_SandraNaze-61-1024x683.jpg\" alt=\"\" class=\"wp-image-67\" width=\"595\" height=\"440\"\/><\/figure><\/div>\n\n\n\n<figure class=\"wp-block-gallery columns-2 is-cropped\"><ul class=\"blocks-gallery-grid\"><li class=\"blocks-gallery-item\"><figure><img loading=\"lazy\" width=\"1024\" height=\"683\" src=\"http:\/\/sandrineclark.be\/wp-content\/uploads\/2020\/02\/20191010_SandraNaze-1024x683.jpg\" alt=\"\" data-id=\"169\" data-link=\"http:\/\/sandrineclark.be\/?attachment_id=169\" class=\"wp-image-169\" srcset=\"https:\/\/sandrineclark.be\/wp-content\/uploads\/2020\/02\/20191010_SandraNaze-1024x683.jpg 1024w, https:\/\/sandrineclark.be\/wp-content\/uploads\/2020\/02\/20191010_SandraNaze-300x200.jpg 300w, https:\/\/sandrineclark.be\/wp-content\/uploads\/2020\/02\/20191010_SandraNaze-768x512.jpg 768w, https:\/\/sandrineclark.be\/wp-content\/uploads\/2020\/02\/20191010_SandraNaze-1536x1024.jpg 1536w, https:\/\/sandrineclark.be\/wp-content\/uploads\/2020\/02\/20191010_SandraNaze-2048x1365.jpg 2048w, https:\/\/sandrineclark.be\/wp-content\/uploads\/2020\/02\/20191010_SandraNaze-1200x800.jpg 1200w, https:\/\/sandrineclark.be\/wp-content\/uploads\/2020\/02\/20191010_SandraNaze-1980x1320.jpg 1980w\" sizes=\"(max-width: 1024px) 100vw, 1024px\" \/><\/figure><\/li><li class=\"blocks-gallery-item\"><figure><img loading=\"lazy\" width=\"1024\" height=\"683\" src=\"http:\/\/sandrineclark.be\/wp-content\/uploads\/2020\/02\/20191010_SandraNaze-11-1024x683.jpg\" alt=\"\" data-id=\"170\" data-link=\"http:\/\/sandrineclark.be\/?attachment_id=170\" class=\"wp-image-170\" srcset=\"https:\/\/sandrineclark.be\/wp-content\/uploads\/2020\/02\/20191010_SandraNaze-11-1024x683.jpg 1024w, https:\/\/sandrineclark.be\/wp-content\/uploads\/2020\/02\/20191010_SandraNaze-11-300x200.jpg 300w, https:\/\/sandrineclark.be\/wp-content\/uploads\/2020\/02\/20191010_SandraNaze-11-768x512.jpg 768w, https:\/\/sandrineclark.be\/wp-content\/uploads\/2020\/02\/20191010_SandraNaze-11-1536x1024.jpg 1536w, https:\/\/sandrineclark.be\/wp-content\/uploads\/2020\/02\/20191010_SandraNaze-11-2048x1365.jpg 2048w, https:\/\/sandrineclark.be\/wp-content\/uploads\/2020\/02\/20191010_SandraNaze-11-1200x800.jpg 1200w, https:\/\/sandrineclark.be\/wp-content\/uploads\/2020\/02\/20191010_SandraNaze-11-1980x1320.jpg 1980w\" sizes=\"(max-width: 1024px) 100vw, 1024px\" \/><\/figure><\/li><li class=\"blocks-gallery-item\"><figure><img loading=\"lazy\" width=\"1024\" height=\"683\" src=\"http:\/\/sandrineclark.be\/wp-content\/uploads\/2020\/02\/20191010_SandraNaze-16-1024x683.jpg\" alt=\"\" data-id=\"171\" data-link=\"http:\/\/sandrineclark.be\/?attachment_id=171\" class=\"wp-image-171\" srcset=\"https:\/\/sandrineclark.be\/wp-content\/uploads\/2020\/02\/20191010_SandraNaze-16-1024x683.jpg 1024w, https:\/\/sandrineclark.be\/wp-content\/uploads\/2020\/02\/20191010_SandraNaze-16-300x200.jpg 300w, https:\/\/sandrineclark.be\/wp-content\/uploads\/2020\/02\/20191010_SandraNaze-16-768x512.jpg 768w, https:\/\/sandrineclark.be\/wp-content\/uploads\/2020\/02\/20191010_SandraNaze-16-1536x1024.jpg 1536w, https:\/\/sandrineclark.be\/wp-content\/uploads\/2020\/02\/20191010_SandraNaze-16-2048x1365.jpg 2048w, https:\/\/sandrineclark.be\/wp-content\/uploads\/2020\/02\/20191010_SandraNaze-16-1200x800.jpg 1200w, https:\/\/sandrineclark.be\/wp-content\/uploads\/2020\/02\/20191010_SandraNaze-16-1980x1320.jpg 1980w\" sizes=\"(max-width: 1024px) 100vw, 1024px\" \/><\/figure><\/li><li class=\"blocks-gallery-item\"><figure><img loading=\"lazy\" width=\"1024\" height=\"682\" src=\"http:\/\/sandrineclark.be\/wp-content\/uploads\/2020\/02\/discussion3-1024x682.jpg\" alt=\"\" data-id=\"172\" data-full-url=\"http:\/\/sandrineclark.be\/wp-content\/uploads\/2020\/02\/discussion3.jpg\" data-link=\"http:\/\/sandrineclark.be\/?attachment_id=172\" class=\"wp-image-172\" srcset=\"https:\/\/sandrineclark.be\/wp-content\/uploads\/2020\/02\/discussion3-1024x682.jpg 1024w, https:\/\/sandrineclark.be\/wp-content\/uploads\/2020\/02\/discussion3-300x200.jpg 300w, https:\/\/sandrineclark.be\/wp-content\/uploads\/2020\/02\/discussion3-768x512.jpg 768w, https:\/\/sandrineclark.be\/wp-content\/uploads\/2020\/02\/discussion3-1200x800.jpg 1200w, https:\/\/sandrineclark.be\/wp-content\/uploads\/2020\/02\/discussion3.jpg 1280w\" sizes=\"(max-width: 1024px) 100vw, 1024px\" \/><\/figure><\/li><\/ul><\/figure>\n\n\n\n<p style=\"color:#0b4761\" class=\"has-text-color has-text-align-center has-large-font-size\"><strong>CR\u00c9ATION en octobre 2019 <\/strong><\/p>\n\n\n\n<div style=\"height:20px\" aria-hidden=\"true\" class=\"wp-block-spacer\"><\/div>\n\n\n\n<p class=\"has-text-align-right\"><em>Comment faire pour devenir &lsquo;chanteuse lyrique&rsquo; quand tout le monde autour de vous trouve \u00e7a &lsquo;bizarre&rsquo; et pas raisonnable?<\/em><\/p>\n\n\n\n<p class=\"has-text-align-right\"><em>Elle a envie de chanter, chanter Schubert, Bach, Vivaldi, Poulenc et tous les autres. Elle a envie de chanter et de partager.<\/em><\/p>\n\n\n\n<p class=\"has-text-align-right\"><em>Mamy la questionne, se questionne sur ce destin \u00e9trange et plein d&rsquo;inconnues.<\/em><\/p>\n\n\n\n<p class=\"has-text-align-right\"><em>Elle, elle est assise entre deux mondes et cherche auquel elle appartient.<\/em><\/p>\n\n\n\n<p class=\"has-text-align-right\"><em>Un puzzle de souvenirs, de sentiments, de peurs, de d\u00e9sirs, de plaisirs et de chant.<\/em><\/p>\n\n\n\n<div style=\"height:48px\" aria-hidden=\"true\" class=\"wp-block-spacer\"><\/div>\n\n\n\n<p>\u00c9criture : <strong>Sandra Naz\u00e9 avec le soutien de Philippe Blasband et V\u00e9ronique Dumont<\/strong><\/p>\n\n\n\n<p>Mise en sc\u00e8ne : <strong>V\u00e9ronique Dumont et Anne Romain<\/strong><\/p>\n\n\n\n<p>Interpr\u00e9tation : <strong>Sandra Naz\u00e9<\/strong><\/p>\n\n\n\n<p>Dans le r\u00f4le de mamy : <strong>Fran\u00e7oise Delporte<\/strong><\/p>\n\n\n\n<p>Cr\u00e9ation lumi\u00e8res et vid\u00e9os : <strong>Laurence Drevard<\/strong><\/p>\n\n\n\n<p>Son : <strong>Boris Vandystadt et Zacharie Viseur<\/strong> (en alternance)<\/p>\n\n\n\n<p>Sc\u00e9nographie et costume : <strong>Sandrine Clark<\/strong><\/p>\n\n\n\n<p>Enregistrements sons et conseils : <strong>Marc Doutrepont<\/strong><\/p>\n\n\n\n<p>Compositions : <strong>Maxime Georis<\/strong><\/p>\n\n\n\n<p>Voix : <strong>Hanna Bardos-Feltoronyi et Vanessa Cicero<\/strong><\/p>\n\n\n\n<p>Instruments : <strong>Laurence Cornez <\/strong>(piano)<strong>, Igor Semenoff <\/strong>(violon)<strong>, Anne Debaisieux <\/strong>(violoncelle)<\/p>\n\n\n\n<p>Regard ext\u00e9rieur : <strong>Laurence Warin<\/strong><\/p>\n\n\n\n<div style=\"height:50px\" aria-hidden=\"true\" class=\"wp-block-spacer\"><\/div>\n\n\n\n<p class=\"has-text-align-right\"><a href=\"http:\/\/www.kasanna.be\/projets\/au-temps-pour-moi\/\">http:\/\/www.kasanna.be\/projets\/au-temps-pour-moi\/<\/a><\/p>\n","protected":false},"excerpt":{"rendered":"<p>Art s\u00e9rieux pour chanteuse pas sage CR\u00c9ATION en octobre 2019 Comment faire pour devenir &lsquo;chanteuse lyrique&rsquo; quand tout le monde autour de vous trouve \u00e7a &lsquo;bizarre&rsquo; et pas raisonnable? Elle a envie de chanter, chanter Schubert, Bach, Vivaldi, Poulenc et tous les autres. Elle a envie de chanter et de partager. Mamy la questionne, se [&hellip;]<\/p>\n","protected":false},"author":1,"featured_media":0,"parent":0,"menu_order":0,"comment_status":"closed","ping_status":"closed","template":"","meta":{"_coblocks_attr":"","_coblocks_dimensions":"","_coblocks_responsive_height":"","_coblocks_accordion_ie_support":"","spay_email":""},"_links":{"self":[{"href":"https:\/\/sandrineclark.be\/index.php\/wp-json\/wp\/v2\/pages\/168"}],"collection":[{"href":"https:\/\/sandrineclark.be\/index.php\/wp-json\/wp\/v2\/pages"}],"about":[{"href":"https:\/\/sandrineclark.be\/index.php\/wp-json\/wp\/v2\/types\/page"}],"author":[{"embeddable":true,"href":"https:\/\/sandrineclark.be\/index.php\/wp-json\/wp\/v2\/users\/1"}],"replies":[{"embeddable":true,"href":"https:\/\/sandrineclark.be\/index.php\/wp-json\/wp\/v2\/comments?post=168"}],"version-history":[{"count":1,"href":"https:\/\/sandrineclark.be\/index.php\/wp-json\/wp\/v2\/pages\/168\/revisions"}],"predecessor-version":[{"id":173,"href":"https:\/\/sandrineclark.be\/index.php\/wp-json\/wp\/v2\/pages\/168\/revisions\/173"}],"wp:attachment":[{"href":"https:\/\/sandrineclark.be\/index.php\/wp-json\/wp\/v2\/media?parent=168"}],"curies":[{"name":"wp","href":"https:\/\/api.w.org\/{rel}","templated":true}]}}