{"id":176,"date":"2020-02-29T23:57:37","date_gmt":"2020-02-29T22:57:37","guid":{"rendered":"http:\/\/sandrineclark.be\/?page_id=176"},"modified":"2020-03-01T00:04:46","modified_gmt":"2020-02-29T23:04:46","slug":"ma-tache","status":"publish","type":"page","link":"https:\/\/sandrineclark.be\/index.php\/ma-tache\/","title":{"rendered":"Ma Tache"},"content":{"rendered":"\n<p class=\"has-text-align-center\">Spectacle pour tout public \u00e0 partir de 3 ans<\/p>\n\n\n\n<div style=\"height:25px\" aria-hidden=\"true\" class=\"wp-block-spacer\"><\/div>\n\n\n\n<div class=\"wp-block-image is-style-circle-mask\"><figure class=\"aligncenter size-large is-resized\"><img loading=\"lazy\" src=\"http:\/\/sandrineclark.be\/wp-content\/uploads\/2020\/02\/1.jpg\" alt=\"\" class=\"wp-image-71\" width=\"587\" height=\"420\"\/><\/figure><\/div>\n\n\n\n<div style=\"height:20px\" aria-hidden=\"true\" class=\"wp-block-spacer\"><\/div>\n\n\n\n<figure class=\"wp-block-gallery columns-3 is-cropped\"><ul class=\"blocks-gallery-grid\"><li class=\"blocks-gallery-item\"><figure><img loading=\"lazy\" width=\"632\" height=\"540\" src=\"http:\/\/sandrineclark.be\/wp-content\/uploads\/2020\/02\/2.jpg\" alt=\"\" data-id=\"177\" data-link=\"http:\/\/sandrineclark.be\/?attachment_id=177\" class=\"wp-image-177\" srcset=\"https:\/\/sandrineclark.be\/wp-content\/uploads\/2020\/02\/2.jpg 632w, https:\/\/sandrineclark.be\/wp-content\/uploads\/2020\/02\/2-300x256.jpg 300w\" sizes=\"(max-width: 632px) 100vw, 632px\" \/><\/figure><\/li><li class=\"blocks-gallery-item\"><figure><img loading=\"lazy\" width=\"815\" height=\"540\" src=\"http:\/\/sandrineclark.be\/wp-content\/uploads\/2020\/02\/3.jpg\" alt=\"\" data-id=\"178\" data-link=\"http:\/\/sandrineclark.be\/?attachment_id=178\" class=\"wp-image-178\" srcset=\"https:\/\/sandrineclark.be\/wp-content\/uploads\/2020\/02\/3.jpg 815w, https:\/\/sandrineclark.be\/wp-content\/uploads\/2020\/02\/3-300x199.jpg 300w, https:\/\/sandrineclark.be\/wp-content\/uploads\/2020\/02\/3-768x509.jpg 768w\" sizes=\"(max-width: 815px) 100vw, 815px\" \/><\/figure><\/li><li class=\"blocks-gallery-item\"><figure><img loading=\"lazy\" width=\"810\" height=\"540\" src=\"http:\/\/sandrineclark.be\/wp-content\/uploads\/2020\/02\/4.jpg\" alt=\"\" data-id=\"179\" data-link=\"http:\/\/sandrineclark.be\/?attachment_id=179\" class=\"wp-image-179\" srcset=\"https:\/\/sandrineclark.be\/wp-content\/uploads\/2020\/02\/4.jpg 810w, https:\/\/sandrineclark.be\/wp-content\/uploads\/2020\/02\/4-300x200.jpg 300w, https:\/\/sandrineclark.be\/wp-content\/uploads\/2020\/02\/4-768x512.jpg 768w\" sizes=\"(max-width: 810px) 100vw, 810px\" \/><\/figure><\/li><li class=\"blocks-gallery-item\"><figure><img loading=\"lazy\" width=\"810\" height=\"540\" src=\"http:\/\/sandrineclark.be\/wp-content\/uploads\/2020\/02\/6.jpg\" alt=\"\" data-id=\"180\" data-link=\"http:\/\/sandrineclark.be\/?attachment_id=180\" class=\"wp-image-180\" srcset=\"https:\/\/sandrineclark.be\/wp-content\/uploads\/2020\/02\/6.jpg 810w, https:\/\/sandrineclark.be\/wp-content\/uploads\/2020\/02\/6-300x200.jpg 300w, https:\/\/sandrineclark.be\/wp-content\/uploads\/2020\/02\/6-768x512.jpg 768w\" sizes=\"(max-width: 810px) 100vw, 810px\" \/><\/figure><\/li><li class=\"blocks-gallery-item\"><figure><img loading=\"lazy\" width=\"810\" height=\"540\" src=\"http:\/\/sandrineclark.be\/wp-content\/uploads\/2020\/02\/7.jpg\" alt=\"\" data-id=\"181\" data-link=\"http:\/\/sandrineclark.be\/?attachment_id=181\" class=\"wp-image-181\" srcset=\"https:\/\/sandrineclark.be\/wp-content\/uploads\/2020\/02\/7.jpg 810w, https:\/\/sandrineclark.be\/wp-content\/uploads\/2020\/02\/7-300x200.jpg 300w, https:\/\/sandrineclark.be\/wp-content\/uploads\/2020\/02\/7-768x512.jpg 768w\" sizes=\"(max-width: 810px) 100vw, 810px\" \/><\/figure><\/li><li class=\"blocks-gallery-item\"><figure><img loading=\"lazy\" width=\"815\" height=\"540\" src=\"http:\/\/sandrineclark.be\/wp-content\/uploads\/2020\/02\/8.jpg\" alt=\"\" data-id=\"182\" data-link=\"http:\/\/sandrineclark.be\/?attachment_id=182\" class=\"wp-image-182\" srcset=\"https:\/\/sandrineclark.be\/wp-content\/uploads\/2020\/02\/8.jpg 815w, https:\/\/sandrineclark.be\/wp-content\/uploads\/2020\/02\/8-300x199.jpg 300w, https:\/\/sandrineclark.be\/wp-content\/uploads\/2020\/02\/8-768x509.jpg 768w\" sizes=\"(max-width: 815px) 100vw, 815px\" \/><\/figure><\/li><\/ul><\/figure>\n\n\n\n<div style=\"height:33px\" aria-hidden=\"true\" class=\"wp-block-spacer\"><\/div>\n\n\n\n<p style=\"color:#0c435b;font-size:23.25px\" class=\"has-text-color\"><strong>CR\u00c9ATION par la Compagnie O Quel Dommage en 2017<\/strong><\/p>\n\n\n\n<div style=\"height:41px\" aria-hidden=\"true\" class=\"wp-block-spacer\"><\/div>\n\n\n\n<p class=\"has-text-align-right\"><em>Un voyage visuel&nbsp;sans parole&nbsp;o\u00f9 l&rsquo;ombre est mise en lumi\u00e8re \u00e0 travers le jeu et le pouvoir de l\u2019imaginaire.<\/em><\/p>\n\n\n\n<p class=\"has-text-align-right\"><em>Vous allumez d\u2019un clic, la lumi\u00e8re est et vous ob\u00e9it. N\u2019est-ce pas divin ?&nbsp;De la lumi\u00e8re na\u00eet l&rsquo;ombre. Notre h\u00e9ro\u00efne en fait son terrain de jeu.<br><br>Aujourd&rsquo;hui, le jour de son anniversaire elle est seule et des \u00e9v\u00e9nements bizarres se produisent dans l&rsquo;appartement de Rita. Un univers froid, \u00e9pur\u00e9, o\u00f9 tout est parfaitement ma\u00eetris\u00e9.<\/em><\/p>\n\n\n\n<p class=\"has-text-align-right\"><em>Soudain un p\u00e9tage de plomb vient faire d\u00e9railler son train-train quotidien.<\/em><\/p>\n\n\n\n<p class=\"has-text-align-right\"><em>Rita perd le contr\u00f4le. Son imagination s&#8217;emballe et &#8230; une autre personne s&rsquo;invite \u00e0 la f\u00eate.<\/em><\/p>\n\n\n\n<p class=\"has-text-align-right\"><em>Mais, qui est-elle? &nbsp;Que vient-elle faire ici?<\/em><\/p>\n\n\n\n<div style=\"height:62px\" aria-hidden=\"true\" class=\"wp-block-spacer\"><\/div>\n\n\n\n<p>Conception et \u00e9criture: &nbsp;<strong>Clara Lopez Casado<\/strong><\/p>\n\n\n\n<p>Jeu:&nbsp; <strong>Clara Lopez et Natalia Weinger ou Monica Varela Couto<\/strong><\/p>\n\n\n\n<p>Mise en sc\u00e8ne:&nbsp; <strong>Olivier Mahiant<\/strong><\/p>\n\n\n\n<p>Sc\u00e9nographie:&nbsp; <strong>Sandrine Clark<\/strong><\/p>\n\n\n\n<p>\u0152il ext\u00e9rieur:&nbsp; <strong>Marie Limet<\/strong><\/p>\n\n\n\n<p>Musique:&nbsp; <strong>Gilles Kremer<\/strong><\/p>\n\n\n\n<p>Cr\u00e9ation lumi\u00e8re:&nbsp; <strong>Mark Elst et S\u00e9bastien Andr\u00e9<\/strong><\/p>\n\n\n\n<p>R\u00e9gisseur:<strong>&nbsp;S\u00e9bastien Andr\u00e9 ou Rodolphe Maquet<\/strong><\/p>\n\n\n\n<p>Conseiller dramaturgique:&nbsp; <strong>Jean Lambert<\/strong><\/p>\n\n\n\n<p>Affiche:&nbsp; <strong>Laura Nicolas<\/strong><\/p>\n\n\n\n<div style=\"height:42px\" aria-hidden=\"true\" class=\"wp-block-spacer\"><\/div>\n\n\n\n<p class=\"has-text-align-right\"><a href=\"https:\/\/www.oqueldommage.be\/index.php\">https:\/\/www.oqueldommage.be\/index.php<\/a><\/p>\n","protected":false},"excerpt":{"rendered":"<p>Spectacle pour tout public \u00e0 partir de 3 ans CR\u00c9ATION par la Compagnie O Quel Dommage en 2017 Un voyage visuel&nbsp;sans parole&nbsp;o\u00f9 l&rsquo;ombre est mise en lumi\u00e8re \u00e0 travers le jeu et le pouvoir de l\u2019imaginaire. Vous allumez d\u2019un clic, la lumi\u00e8re est et vous ob\u00e9it. N\u2019est-ce pas divin ?&nbsp;De la lumi\u00e8re na\u00eet l&rsquo;ombre. Notre [&hellip;]<\/p>\n","protected":false},"author":1,"featured_media":0,"parent":0,"menu_order":0,"comment_status":"closed","ping_status":"closed","template":"","meta":{"_coblocks_attr":"","_coblocks_dimensions":"","_coblocks_responsive_height":"","_coblocks_accordion_ie_support":"","spay_email":""},"_links":{"self":[{"href":"https:\/\/sandrineclark.be\/index.php\/wp-json\/wp\/v2\/pages\/176"}],"collection":[{"href":"https:\/\/sandrineclark.be\/index.php\/wp-json\/wp\/v2\/pages"}],"about":[{"href":"https:\/\/sandrineclark.be\/index.php\/wp-json\/wp\/v2\/types\/page"}],"author":[{"embeddable":true,"href":"https:\/\/sandrineclark.be\/index.php\/wp-json\/wp\/v2\/users\/1"}],"replies":[{"embeddable":true,"href":"https:\/\/sandrineclark.be\/index.php\/wp-json\/wp\/v2\/comments?post=176"}],"version-history":[{"count":2,"href":"https:\/\/sandrineclark.be\/index.php\/wp-json\/wp\/v2\/pages\/176\/revisions"}],"predecessor-version":[{"id":190,"href":"https:\/\/sandrineclark.be\/index.php\/wp-json\/wp\/v2\/pages\/176\/revisions\/190"}],"wp:attachment":[{"href":"https:\/\/sandrineclark.be\/index.php\/wp-json\/wp\/v2\/media?parent=176"}],"curies":[{"name":"wp","href":"https:\/\/api.w.org\/{rel}","templated":true}]}}