{"id":206,"date":"2020-03-01T11:25:57","date_gmt":"2020-03-01T10:25:57","guid":{"rendered":"http:\/\/sandrineclark.be\/?page_id=206"},"modified":"2020-03-01T11:25:57","modified_gmt":"2020-03-01T10:25:57","slug":"monsieur-les-habits-de-solitude","status":"publish","type":"page","link":"https:\/\/sandrineclark.be\/index.php\/monsieur-les-habits-de-solitude\/","title":{"rendered":"Monsieur &#038; les Habits de Solitude"},"content":{"rendered":"\n<p class=\"has-text-align-center\">Th\u00e9\u00e2tre d\u2019objets, de marionnette &amp; jeu d\u2019acteur<br> Sans paroles<br> Installation sensorielle des Habits de Solitude<\/p>\n\n\n\n<figure class=\"wp-block-image size-large is-resized is-style-circle-mask\"><img loading=\"lazy\" src=\"http:\/\/sandrineclark.be\/wp-content\/uploads\/2020\/02\/DSCF6434-1024x683.jpg\" alt=\"\" class=\"wp-image-68\" width=\"591\" height=\"393\" srcset=\"https:\/\/sandrineclark.be\/wp-content\/uploads\/2020\/02\/DSCF6434-1024x683.jpg 1024w, https:\/\/sandrineclark.be\/wp-content\/uploads\/2020\/02\/DSCF6434-300x200.jpg 300w, https:\/\/sandrineclark.be\/wp-content\/uploads\/2020\/02\/DSCF6434-768x512.jpg 768w, https:\/\/sandrineclark.be\/wp-content\/uploads\/2020\/02\/DSCF6434-1536x1024.jpg 1536w, https:\/\/sandrineclark.be\/wp-content\/uploads\/2020\/02\/DSCF6434-2048x1365.jpg 2048w, https:\/\/sandrineclark.be\/wp-content\/uploads\/2020\/02\/DSCF6434-1200x800.jpg 1200w, https:\/\/sandrineclark.be\/wp-content\/uploads\/2020\/02\/DSCF6434-1980x1320.jpg 1980w\" sizes=\"(max-width: 591px) 100vw, 591px\" \/><\/figure>\n\n\n\n<div style=\"height:20px\" aria-hidden=\"true\" class=\"wp-block-spacer\"><\/div>\n\n\n\n<figure class=\"wp-block-gallery columns-3 is-cropped\"><ul class=\"blocks-gallery-grid\"><li class=\"blocks-gallery-item\"><figure><img loading=\"lazy\" width=\"1024\" height=\"682\" src=\"http:\/\/sandrineclark.be\/wp-content\/uploads\/2020\/03\/sfs-1024x682.jpg\" alt=\"\" data-id=\"207\" data-link=\"http:\/\/sandrineclark.be\/?attachment_id=207\" class=\"wp-image-207\" srcset=\"https:\/\/sandrineclark.be\/wp-content\/uploads\/2020\/03\/sfs-1024x682.jpg 1024w, https:\/\/sandrineclark.be\/wp-content\/uploads\/2020\/03\/sfs-300x200.jpg 300w, https:\/\/sandrineclark.be\/wp-content\/uploads\/2020\/03\/sfs-768x512.jpg 768w, https:\/\/sandrineclark.be\/wp-content\/uploads\/2020\/03\/sfs-1536x1024.jpg 1536w, https:\/\/sandrineclark.be\/wp-content\/uploads\/2020\/03\/sfs-1200x800.jpg 1200w, https:\/\/sandrineclark.be\/wp-content\/uploads\/2020\/03\/sfs-1980x1320.jpg 1980w, https:\/\/sandrineclark.be\/wp-content\/uploads\/2020\/03\/sfs.jpg 2000w\" sizes=\"(max-width: 1024px) 100vw, 1024px\" \/><\/figure><\/li><li class=\"blocks-gallery-item\"><figure><img loading=\"lazy\" width=\"1024\" height=\"682\" src=\"http:\/\/sandrineclark.be\/wp-content\/uploads\/2020\/03\/sffs-1024x682.jpg\" alt=\"\" data-id=\"208\" data-link=\"http:\/\/sandrineclark.be\/?attachment_id=208\" class=\"wp-image-208\" srcset=\"https:\/\/sandrineclark.be\/wp-content\/uploads\/2020\/03\/sffs-1024x682.jpg 1024w, https:\/\/sandrineclark.be\/wp-content\/uploads\/2020\/03\/sffs-300x200.jpg 300w, https:\/\/sandrineclark.be\/wp-content\/uploads\/2020\/03\/sffs-768x512.jpg 768w, https:\/\/sandrineclark.be\/wp-content\/uploads\/2020\/03\/sffs-1536x1024.jpg 1536w, https:\/\/sandrineclark.be\/wp-content\/uploads\/2020\/03\/sffs-1200x800.jpg 1200w, https:\/\/sandrineclark.be\/wp-content\/uploads\/2020\/03\/sffs-1980x1320.jpg 1980w, https:\/\/sandrineclark.be\/wp-content\/uploads\/2020\/03\/sffs.jpg 2000w\" sizes=\"(max-width: 1024px) 100vw, 1024px\" \/><\/figure><\/li><li class=\"blocks-gallery-item\"><figure><img loading=\"lazy\" width=\"1024\" height=\"768\" src=\"http:\/\/sandrineclark.be\/wp-content\/uploads\/2020\/03\/P5054767-1024x768.jpg\" alt=\"\" data-id=\"209\" data-link=\"http:\/\/sandrineclark.be\/?attachment_id=209\" class=\"wp-image-209\" srcset=\"https:\/\/sandrineclark.be\/wp-content\/uploads\/2020\/03\/P5054767-1024x768.jpg 1024w, https:\/\/sandrineclark.be\/wp-content\/uploads\/2020\/03\/P5054767-300x225.jpg 300w, https:\/\/sandrineclark.be\/wp-content\/uploads\/2020\/03\/P5054767-768x576.jpg 768w, https:\/\/sandrineclark.be\/wp-content\/uploads\/2020\/03\/P5054767-1536x1152.jpg 1536w, https:\/\/sandrineclark.be\/wp-content\/uploads\/2020\/03\/P5054767-2048x1536.jpg 2048w, https:\/\/sandrineclark.be\/wp-content\/uploads\/2020\/03\/P5054767-1200x900.jpg 1200w, https:\/\/sandrineclark.be\/wp-content\/uploads\/2020\/03\/P5054767-1980x1485.jpg 1980w\" sizes=\"(max-width: 1024px) 100vw, 1024px\" \/><\/figure><\/li><li class=\"blocks-gallery-item\"><figure><img loading=\"lazy\" width=\"1024\" height=\"680\" src=\"http:\/\/sandrineclark.be\/wp-content\/uploads\/2020\/03\/poisson-1280x850-1-1024x680.jpg\" alt=\"\" data-id=\"210\" data-link=\"http:\/\/sandrineclark.be\/?attachment_id=210\" class=\"wp-image-210\" srcset=\"https:\/\/sandrineclark.be\/wp-content\/uploads\/2020\/03\/poisson-1280x850-1-1024x680.jpg 1024w, https:\/\/sandrineclark.be\/wp-content\/uploads\/2020\/03\/poisson-1280x850-1-300x199.jpg 300w, https:\/\/sandrineclark.be\/wp-content\/uploads\/2020\/03\/poisson-1280x850-1-768x510.jpg 768w, https:\/\/sandrineclark.be\/wp-content\/uploads\/2020\/03\/poisson-1280x850-1-1200x797.jpg 1200w, https:\/\/sandrineclark.be\/wp-content\/uploads\/2020\/03\/poisson-1280x850-1.jpg 1280w\" sizes=\"(max-width: 1024px) 100vw, 1024px\" \/><\/figure><\/li><li class=\"blocks-gallery-item\"><figure><img loading=\"lazy\" width=\"768\" height=\"1024\" src=\"http:\/\/sandrineclark.be\/wp-content\/uploads\/2020\/03\/P5054805-1-e1489657616161-768x1024.jpg\" alt=\"\" data-id=\"214\" data-link=\"http:\/\/sandrineclark.be\/?attachment_id=214\" class=\"wp-image-214\" srcset=\"https:\/\/sandrineclark.be\/wp-content\/uploads\/2020\/03\/P5054805-1-e1489657616161-768x1024.jpg 768w, https:\/\/sandrineclark.be\/wp-content\/uploads\/2020\/03\/P5054805-1-e1489657616161-225x300.jpg 225w, https:\/\/sandrineclark.be\/wp-content\/uploads\/2020\/03\/P5054805-1-e1489657616161-1152x1536.jpg 1152w, https:\/\/sandrineclark.be\/wp-content\/uploads\/2020\/03\/P5054805-1-e1489657616161-1536x2048.jpg 1536w, https:\/\/sandrineclark.be\/wp-content\/uploads\/2020\/03\/P5054805-1-e1489657616161-1200x1600.jpg 1200w, https:\/\/sandrineclark.be\/wp-content\/uploads\/2020\/03\/P5054805-1-e1489657616161-1980x2640.jpg 1980w, https:\/\/sandrineclark.be\/wp-content\/uploads\/2020\/03\/P5054805-1-e1489657616161-scaled.jpg 1920w\" sizes=\"(max-width: 768px) 100vw, 768px\" \/><\/figure><\/li><li class=\"blocks-gallery-item\"><figure><img loading=\"lazy\" width=\"1024\" height=\"683\" src=\"http:\/\/sandrineclark.be\/wp-content\/uploads\/2020\/03\/DSCF6431-1024x683.jpg\" alt=\"\" data-id=\"211\" data-link=\"http:\/\/sandrineclark.be\/?attachment_id=211\" class=\"wp-image-211\" srcset=\"https:\/\/sandrineclark.be\/wp-content\/uploads\/2020\/03\/DSCF6431-1024x683.jpg 1024w, https:\/\/sandrineclark.be\/wp-content\/uploads\/2020\/03\/DSCF6431-300x200.jpg 300w, https:\/\/sandrineclark.be\/wp-content\/uploads\/2020\/03\/DSCF6431-768x512.jpg 768w, https:\/\/sandrineclark.be\/wp-content\/uploads\/2020\/03\/DSCF6431-1536x1024.jpg 1536w, https:\/\/sandrineclark.be\/wp-content\/uploads\/2020\/03\/DSCF6431-2048x1365.jpg 2048w, https:\/\/sandrineclark.be\/wp-content\/uploads\/2020\/03\/DSCF6431-1200x800.jpg 1200w, https:\/\/sandrineclark.be\/wp-content\/uploads\/2020\/03\/DSCF6431-1980x1320.jpg 1980w\" sizes=\"(max-width: 1024px) 100vw, 1024px\" \/><\/figure><\/li><\/ul><\/figure>\n\n\n\n<div style=\"height:20px\" aria-hidden=\"true\" class=\"wp-block-spacer\"><\/div>\n\n\n\n<p style=\"color:#0a3b50\" class=\"has-text-color has-text-align-center has-large-font-size\"><strong>Cr\u00e9ation par la Compagnie M\u00e9li-M\u00e9lo en 2016<\/strong><\/p>\n\n\n\n<div style=\"height:20px\" aria-hidden=\"true\" class=\"wp-block-spacer\"><\/div>\n\n\n\n<p class=\"has-text-align-right\"><em>L\u2019espace public, un arbre. Au pied de cet arbre, des v\u00eatements rassembl\u00e9s, enveloppes de vies pass\u00e9es, de rencontres en devenir. Soudain, ce hasardeux magma textile s\u2019anime. Monsieur appara\u00eet. Mais qui est-il ?<\/em><\/p>\n\n\n\n<p class=\"has-text-align-right\">Ce spectacle de rue s\u2019interroge sur la solitude dans une soci\u00e9t\u00e9 o\u00f9 la multiplication des moyens de communication ne nous rend pas moins seuls.<\/p>\n\n\n\n<p class=\"has-text-align-right\">Cette cr\u00e9ation s\u2019est nourrie des pr\u00e9cieux moments d\u2019\u00e9change entre les com\u00e9diens et les personnes qui ont bien voulu partager leur exp\u00e9rience de la solitude. Un grand merci \u00e0 Georgette, \u00e0 Monique, Guido &amp; Liliane du Val des Fleurs, Philippe, Agn\u00e8s &amp; Ir\u00e8ne de la Maison M\u00e9dicale d\u2019Evere, \u00e0 Marie et \u00e0 Francis.<\/p>\n\n\n\n<div style=\"height:44px\" aria-hidden=\"true\" class=\"wp-block-spacer\"><\/div>\n\n\n\n<p>Cr\u00e9ation et Interpr\u00e9tation: <strong>Am\u00e9lie M\u00e9lotte et Ana\u00efs Caillat<\/strong><\/p>\n\n\n\n<p>Musicienne: <strong>Sarah Stepp\u00e9<\/strong><\/p>\n\n\n\n<p>Oeil ext\u00e9rieur: <strong>Laure Saupique<\/strong><\/p>\n\n\n\n<p>Sc\u00e9nographie (Installation Les Habits de Solitude, costumes et accessoires): <strong>Sandrine Clark<\/strong><\/p>\n\n\n\n<p>Cr\u00e9ation de la marionnette: <strong>Morgane Steygers<\/strong><\/p>\n\n\n\n<div style=\"height:33px\" aria-hidden=\"true\" class=\"wp-block-spacer\"><\/div>\n\n\n\n<p class=\"has-text-align-right\"><a href=\"http:\/\/www.melimeloetcompagnie.be\">http:\/\/www.melimeloetcompagnie.be<\/a><\/p>\n","protected":false},"excerpt":{"rendered":"<p>Th\u00e9\u00e2tre d\u2019objets, de marionnette &amp; jeu d\u2019acteur Sans paroles Installation sensorielle des Habits de Solitude Cr\u00e9ation par la Compagnie M\u00e9li-M\u00e9lo en 2016 L\u2019espace public, un arbre. Au pied de cet arbre, des v\u00eatements rassembl\u00e9s, enveloppes de vies pass\u00e9es, de rencontres en devenir. Soudain, ce hasardeux magma textile s\u2019anime. Monsieur appara\u00eet. Mais qui est-il ? Ce [&hellip;]<\/p>\n","protected":false},"author":1,"featured_media":0,"parent":0,"menu_order":0,"comment_status":"closed","ping_status":"closed","template":"","meta":{"_coblocks_attr":"","_coblocks_dimensions":"","_coblocks_responsive_height":"","_coblocks_accordion_ie_support":"","spay_email":""},"_links":{"self":[{"href":"https:\/\/sandrineclark.be\/index.php\/wp-json\/wp\/v2\/pages\/206"}],"collection":[{"href":"https:\/\/sandrineclark.be\/index.php\/wp-json\/wp\/v2\/pages"}],"about":[{"href":"https:\/\/sandrineclark.be\/index.php\/wp-json\/wp\/v2\/types\/page"}],"author":[{"embeddable":true,"href":"https:\/\/sandrineclark.be\/index.php\/wp-json\/wp\/v2\/users\/1"}],"replies":[{"embeddable":true,"href":"https:\/\/sandrineclark.be\/index.php\/wp-json\/wp\/v2\/comments?post=206"}],"version-history":[{"count":2,"href":"https:\/\/sandrineclark.be\/index.php\/wp-json\/wp\/v2\/pages\/206\/revisions"}],"predecessor-version":[{"id":217,"href":"https:\/\/sandrineclark.be\/index.php\/wp-json\/wp\/v2\/pages\/206\/revisions\/217"}],"wp:attachment":[{"href":"https:\/\/sandrineclark.be\/index.php\/wp-json\/wp\/v2\/media?parent=206"}],"curies":[{"name":"wp","href":"https:\/\/api.w.org\/{rel}","templated":true}]}}