{"id":220,"date":"2020-03-01T21:22:42","date_gmt":"2020-03-01T20:22:42","guid":{"rendered":"http:\/\/sandrineclark.be\/?page_id=220"},"modified":"2020-03-01T21:22:42","modified_gmt":"2020-03-01T20:22:42","slug":"lupus-in-fabula","status":"publish","type":"page","link":"https:\/\/sandrineclark.be\/index.php\/lupus-in-fabula\/","title":{"rendered":"Lupus in Fabula"},"content":{"rendered":"\n<p class=\"has-text-align-center\">Op\u00e9ra pour enfants<\/p>\n\n\n\n<figure class=\"wp-block-image size-large is-resized is-style-circle-mask\"><img loading=\"lazy\" src=\"http:\/\/sandrineclark.be\/wp-content\/uploads\/2020\/02\/26851_1422628206157_1246261185_31227456_1409265_n-1.jpg\" alt=\"\" class=\"wp-image-77\" width=\"607\" height=\"404\" srcset=\"https:\/\/sandrineclark.be\/wp-content\/uploads\/2020\/02\/26851_1422628206157_1246261185_31227456_1409265_n-1.jpg 720w, https:\/\/sandrineclark.be\/wp-content\/uploads\/2020\/02\/26851_1422628206157_1246261185_31227456_1409265_n-1-300x200.jpg 300w\" sizes=\"(max-width: 607px) 100vw, 607px\" \/><\/figure>\n\n\n\n<figure class=\"wp-block-gallery columns-3 is-cropped\"><ul class=\"blocks-gallery-grid\"><li class=\"blocks-gallery-item\"><figure><img loading=\"lazy\" width=\"600\" height=\"450\" src=\"http:\/\/sandrineclark.be\/wp-content\/uploads\/2020\/03\/26152_1402197175394_1246261185_31181622_5071511_n.jpg\" alt=\"\" data-id=\"225\" data-full-url=\"http:\/\/sandrineclark.be\/wp-content\/uploads\/2020\/03\/26152_1402197175394_1246261185_31181622_5071511_n.jpg\" data-link=\"http:\/\/sandrineclark.be\/?attachment_id=225\" class=\"wp-image-225\" srcset=\"https:\/\/sandrineclark.be\/wp-content\/uploads\/2020\/03\/26152_1402197175394_1246261185_31181622_5071511_n.jpg 600w, https:\/\/sandrineclark.be\/wp-content\/uploads\/2020\/03\/26152_1402197175394_1246261185_31181622_5071511_n-300x225.jpg 300w\" sizes=\"(max-width: 600px) 100vw, 600px\" \/><\/figure><\/li><li class=\"blocks-gallery-item\"><figure><img loading=\"lazy\" width=\"720\" height=\"480\" src=\"http:\/\/sandrineclark.be\/wp-content\/uploads\/2020\/03\/26851_1422628286159_1246261185_31227458_4361941_n.jpg\" alt=\"\" data-id=\"222\" data-full-url=\"http:\/\/sandrineclark.be\/wp-content\/uploads\/2020\/03\/26851_1422628286159_1246261185_31227458_4361941_n.jpg\" data-link=\"http:\/\/sandrineclark.be\/?attachment_id=222\" class=\"wp-image-222\" srcset=\"https:\/\/sandrineclark.be\/wp-content\/uploads\/2020\/03\/26851_1422628286159_1246261185_31227458_4361941_n.jpg 720w, https:\/\/sandrineclark.be\/wp-content\/uploads\/2020\/03\/26851_1422628286159_1246261185_31227458_4361941_n-300x200.jpg 300w\" sizes=\"(max-width: 720px) 100vw, 720px\" \/><\/figure><\/li><li class=\"blocks-gallery-item\"><figure><img loading=\"lazy\" width=\"720\" height=\"480\" src=\"http:\/\/sandrineclark.be\/wp-content\/uploads\/2020\/03\/26851_1422629846198_1246261185_31227459_4249935_n.jpg\" alt=\"\" data-id=\"223\" data-full-url=\"http:\/\/sandrineclark.be\/wp-content\/uploads\/2020\/03\/26851_1422629846198_1246261185_31227459_4249935_n.jpg\" data-link=\"http:\/\/sandrineclark.be\/?attachment_id=223\" class=\"wp-image-223\" srcset=\"https:\/\/sandrineclark.be\/wp-content\/uploads\/2020\/03\/26851_1422629846198_1246261185_31227459_4249935_n.jpg 720w, https:\/\/sandrineclark.be\/wp-content\/uploads\/2020\/03\/26851_1422629846198_1246261185_31227459_4249935_n-300x200.jpg 300w\" sizes=\"(max-width: 720px) 100vw, 720px\" \/><\/figure><\/li><li class=\"blocks-gallery-item\"><figure><img loading=\"lazy\" width=\"640\" height=\"427\" src=\"http:\/\/sandrineclark.be\/wp-content\/uploads\/2020\/03\/IMG_5677.jpeg\" alt=\"\" data-id=\"226\" data-full-url=\"http:\/\/sandrineclark.be\/wp-content\/uploads\/2020\/03\/IMG_5677.jpeg\" data-link=\"http:\/\/sandrineclark.be\/?attachment_id=226\" class=\"wp-image-226\" srcset=\"https:\/\/sandrineclark.be\/wp-content\/uploads\/2020\/03\/IMG_5677.jpeg 640w, https:\/\/sandrineclark.be\/wp-content\/uploads\/2020\/03\/IMG_5677-300x200.jpeg 300w\" sizes=\"(max-width: 640px) 100vw, 640px\" \/><\/figure><\/li><li class=\"blocks-gallery-item\"><figure><img loading=\"lazy\" width=\"591\" height=\"591\" src=\"http:\/\/sandrineclark.be\/wp-content\/uploads\/2020\/03\/DECORS1-Petit.jpg\" alt=\"\" data-id=\"229\" data-full-url=\"http:\/\/sandrineclark.be\/wp-content\/uploads\/2020\/03\/DECORS1-Petit.jpg\" data-link=\"http:\/\/sandrineclark.be\/?attachment_id=229\" class=\"wp-image-229\" srcset=\"https:\/\/sandrineclark.be\/wp-content\/uploads\/2020\/03\/DECORS1-Petit.jpg 591w, https:\/\/sandrineclark.be\/wp-content\/uploads\/2020\/03\/DECORS1-Petit-300x300.jpg 300w, https:\/\/sandrineclark.be\/wp-content\/uploads\/2020\/03\/DECORS1-Petit-150x150.jpg 150w\" sizes=\"(max-width: 591px) 100vw, 591px\" \/><\/figure><\/li><li class=\"blocks-gallery-item\"><figure><img loading=\"lazy\" width=\"720\" height=\"480\" src=\"http:\/\/sandrineclark.be\/wp-content\/uploads\/2020\/03\/35737_1530429381119_1246261185_31510959_1140001_n.jpg\" alt=\"\" data-id=\"224\" data-full-url=\"http:\/\/sandrineclark.be\/wp-content\/uploads\/2020\/03\/35737_1530429381119_1246261185_31510959_1140001_n.jpg\" data-link=\"http:\/\/sandrineclark.be\/?attachment_id=224\" class=\"wp-image-224\" srcset=\"https:\/\/sandrineclark.be\/wp-content\/uploads\/2020\/03\/35737_1530429381119_1246261185_31510959_1140001_n.jpg 720w, https:\/\/sandrineclark.be\/wp-content\/uploads\/2020\/03\/35737_1530429381119_1246261185_31510959_1140001_n-300x200.jpg 300w\" sizes=\"(max-width: 720px) 100vw, 720px\" \/><\/figure><\/li><li class=\"blocks-gallery-item\"><figure><img loading=\"lazy\" width=\"591\" height=\"591\" src=\"http:\/\/sandrineclark.be\/wp-content\/uploads\/2020\/03\/decorinterieurperso_monstre.jpg\" alt=\"\" data-id=\"230\" data-full-url=\"http:\/\/sandrineclark.be\/wp-content\/uploads\/2020\/03\/decorinterieurperso_monstre.jpg\" data-link=\"http:\/\/sandrineclark.be\/?attachment_id=230\" class=\"wp-image-230\" srcset=\"https:\/\/sandrineclark.be\/wp-content\/uploads\/2020\/03\/decorinterieurperso_monstre.jpg 591w, https:\/\/sandrineclark.be\/wp-content\/uploads\/2020\/03\/decorinterieurperso_monstre-300x300.jpg 300w, https:\/\/sandrineclark.be\/wp-content\/uploads\/2020\/03\/decorinterieurperso_monstre-150x150.jpg 150w\" sizes=\"(max-width: 591px) 100vw, 591px\" \/><\/figure><\/li><li class=\"blocks-gallery-item\"><figure><img loading=\"lazy\" width=\"600\" height=\"777\" src=\"http:\/\/sandrineclark.be\/wp-content\/uploads\/2020\/03\/ob_a9c2fb_l-5bbf23fb569e486998c1f331bcc0d9a8.jpg\" alt=\"\" data-id=\"227\" data-full-url=\"http:\/\/sandrineclark.be\/wp-content\/uploads\/2020\/03\/ob_a9c2fb_l-5bbf23fb569e486998c1f331bcc0d9a8.jpg\" data-link=\"http:\/\/sandrineclark.be\/?attachment_id=227\" class=\"wp-image-227\" srcset=\"https:\/\/sandrineclark.be\/wp-content\/uploads\/2020\/03\/ob_a9c2fb_l-5bbf23fb569e486998c1f331bcc0d9a8.jpg 600w, https:\/\/sandrineclark.be\/wp-content\/uploads\/2020\/03\/ob_a9c2fb_l-5bbf23fb569e486998c1f331bcc0d9a8-232x300.jpg 232w\" sizes=\"(max-width: 600px) 100vw, 600px\" \/><\/figure><\/li><\/ul><\/figure>\n\n\n\n<p style=\"color:#0b4259\" class=\"has-text-color has-text-align-center\"><strong>Cr\u00e9ation en partenariat avec Aslico, Teatro Sociale \u00e0 C\u00f4me, avec l&rsquo;Op\u00e9ra royale de Wallonie et Teatro Real \u00e0 Madrid en 2010<\/strong><\/p>\n\n\n\n<p>Compositeur: <strong>Raffaele Sargenti<\/strong><\/p>\n\n\n\n<p>Librettiste: <strong>Andrea Avantaggiato<\/strong><\/p>\n\n\n\n<p>Metteuse en sc\u00e8ne: <strong>Caroline Leboutte<\/strong><\/p>\n\n\n\n<p>Sc\u00e9nographe: <strong>Sandrine Clark<\/strong><\/p>\n\n\n\n<p>Chor\u00e9graphe: <strong>Isabelle Lamouline<\/strong><\/p>\n\n\n\n<p>Cr\u00e9ation lumi\u00e8re: <strong>Christian Halkin<\/strong><\/p>\n\n\n\n<p>Cr\u00e9ation vid\u00e9o: <strong>Fred et Marion<\/strong><\/p>\n\n\n\n<p><\/p>\n","protected":false},"excerpt":{"rendered":"<p>Op\u00e9ra pour enfants Cr\u00e9ation en partenariat avec Aslico, Teatro Sociale \u00e0 C\u00f4me, avec l&rsquo;Op\u00e9ra royale de Wallonie et Teatro Real \u00e0 Madrid en 2010 Compositeur: Raffaele Sargenti Librettiste: Andrea Avantaggiato Metteuse en sc\u00e8ne: Caroline Leboutte Sc\u00e9nographe: Sandrine Clark Chor\u00e9graphe: Isabelle Lamouline Cr\u00e9ation lumi\u00e8re: Christian Halkin Cr\u00e9ation vid\u00e9o: Fred et Marion<\/p>\n","protected":false},"author":1,"featured_media":0,"parent":0,"menu_order":0,"comment_status":"closed","ping_status":"closed","template":"","meta":{"_coblocks_attr":"","_coblocks_dimensions":"","_coblocks_responsive_height":"","_coblocks_accordion_ie_support":"","spay_email":""},"_links":{"self":[{"href":"https:\/\/sandrineclark.be\/index.php\/wp-json\/wp\/v2\/pages\/220"}],"collection":[{"href":"https:\/\/sandrineclark.be\/index.php\/wp-json\/wp\/v2\/pages"}],"about":[{"href":"https:\/\/sandrineclark.be\/index.php\/wp-json\/wp\/v2\/types\/page"}],"author":[{"embeddable":true,"href":"https:\/\/sandrineclark.be\/index.php\/wp-json\/wp\/v2\/users\/1"}],"replies":[{"embeddable":true,"href":"https:\/\/sandrineclark.be\/index.php\/wp-json\/wp\/v2\/comments?post=220"}],"version-history":[{"count":1,"href":"https:\/\/sandrineclark.be\/index.php\/wp-json\/wp\/v2\/pages\/220\/revisions"}],"predecessor-version":[{"id":233,"href":"https:\/\/sandrineclark.be\/index.php\/wp-json\/wp\/v2\/pages\/220\/revisions\/233"}],"wp:attachment":[{"href":"https:\/\/sandrineclark.be\/index.php\/wp-json\/wp\/v2\/media?parent=220"}],"curies":[{"name":"wp","href":"https:\/\/api.w.org\/{rel}","templated":true}]}}