{"id":236,"date":"2020-03-01T21:44:42","date_gmt":"2020-03-01T20:44:42","guid":{"rendered":"http:\/\/sandrineclark.be\/?page_id=236"},"modified":"2020-03-01T21:44:42","modified_gmt":"2020-03-01T20:44:42","slug":"3-grandes-femmes","status":"publish","type":"page","link":"https:\/\/sandrineclark.be\/index.php\/3-grandes-femmes\/","title":{"rendered":"3 Grandes Femmes"},"content":{"rendered":"\n<p class=\"has-text-align-center\">Th\u00e9\u00e2tre<\/p>\n\n\n\n<div class=\"wp-block-image is-style-circle-mask\"><figure class=\"aligncenter size-large is-resized\"><img loading=\"lazy\" src=\"http:\/\/sandrineclark.be\/wp-content\/uploads\/2020\/03\/3GRF7326.jpeg\" alt=\"\" class=\"wp-image-239\" width=\"233\" height=\"349\" srcset=\"https:\/\/sandrineclark.be\/wp-content\/uploads\/2020\/03\/3GRF7326.jpeg 205w, https:\/\/sandrineclark.be\/wp-content\/uploads\/2020\/03\/3GRF7326-200x300.jpeg 200w\" sizes=\"(max-width: 233px) 100vw, 233px\" \/><\/figure><\/div>\n\n\n\n<figure class=\"wp-block-gallery columns-3 is-cropped\"><ul class=\"blocks-gallery-grid\"><li class=\"blocks-gallery-item\"><figure><img loading=\"lazy\" width=\"800\" height=\"538\" src=\"http:\/\/sandrineclark.be\/wp-content\/uploads\/2020\/03\/play_324_triptyque_web-1.jpg\" alt=\"\" data-id=\"240\" data-link=\"http:\/\/sandrineclark.be\/?attachment_id=240\" class=\"wp-image-240\" srcset=\"https:\/\/sandrineclark.be\/wp-content\/uploads\/2020\/03\/play_324_triptyque_web-1.jpg 800w, https:\/\/sandrineclark.be\/wp-content\/uploads\/2020\/03\/play_324_triptyque_web-1-300x202.jpg 300w, https:\/\/sandrineclark.be\/wp-content\/uploads\/2020\/03\/play_324_triptyque_web-1-768x516.jpg 768w\" sizes=\"(max-width: 800px) 100vw, 800px\" \/><\/figure><\/li><li class=\"blocks-gallery-item\"><figure><img loading=\"lazy\" width=\"205\" height=\"137\" src=\"http:\/\/sandrineclark.be\/wp-content\/uploads\/2020\/03\/3GRF7391.jpeg\" alt=\"\" data-id=\"243\" data-link=\"http:\/\/sandrineclark.be\/?attachment_id=243\" class=\"wp-image-243\"\/><\/figure><\/li><li class=\"blocks-gallery-item\"><figure><img loading=\"lazy\" width=\"205\" height=\"137\" src=\"http:\/\/sandrineclark.be\/wp-content\/uploads\/2020\/03\/IMG_0265.jpeg\" alt=\"\" data-id=\"241\" data-link=\"http:\/\/sandrineclark.be\/?attachment_id=241\" class=\"wp-image-241\"\/><\/figure><\/li><li class=\"blocks-gallery-item\"><figure><img loading=\"lazy\" width=\"205\" height=\"307\" src=\"http:\/\/sandrineclark.be\/wp-content\/uploads\/2020\/03\/IMG_0236-1.jpeg\" alt=\"\" data-id=\"242\" data-link=\"http:\/\/sandrineclark.be\/?attachment_id=242\" class=\"wp-image-242\" srcset=\"https:\/\/sandrineclark.be\/wp-content\/uploads\/2020\/03\/IMG_0236-1.jpeg 205w, https:\/\/sandrineclark.be\/wp-content\/uploads\/2020\/03\/IMG_0236-1-200x300.jpeg 200w\" sizes=\"(max-width: 205px) 100vw, 205px\" \/><\/figure><\/li><li class=\"blocks-gallery-item\"><figure><img loading=\"lazy\" width=\"205\" height=\"307\" src=\"http:\/\/sandrineclark.be\/wp-content\/uploads\/2020\/03\/IMG_0278.jpeg\" alt=\"\" data-id=\"247\" data-link=\"http:\/\/sandrineclark.be\/?attachment_id=247\" class=\"wp-image-247\" srcset=\"https:\/\/sandrineclark.be\/wp-content\/uploads\/2020\/03\/IMG_0278.jpeg 205w, https:\/\/sandrineclark.be\/wp-content\/uploads\/2020\/03\/IMG_0278-200x300.jpeg 200w\" sizes=\"(max-width: 205px) 100vw, 205px\" \/><\/figure><\/li><li class=\"blocks-gallery-item\"><figure><img loading=\"lazy\" width=\"205\" height=\"307\" src=\"http:\/\/sandrineclark.be\/wp-content\/uploads\/2020\/03\/3GRF7180.jpeg\" alt=\"\" data-id=\"248\" data-full-url=\"http:\/\/sandrineclark.be\/wp-content\/uploads\/2020\/03\/3GRF7180.jpeg\" data-link=\"http:\/\/sandrineclark.be\/?attachment_id=248\" class=\"wp-image-248\" srcset=\"https:\/\/sandrineclark.be\/wp-content\/uploads\/2020\/03\/3GRF7180.jpeg 205w, https:\/\/sandrineclark.be\/wp-content\/uploads\/2020\/03\/3GRF7180-200x300.jpeg 200w\" sizes=\"(max-width: 205px) 100vw, 205px\" \/><\/figure><\/li><li class=\"blocks-gallery-item\"><figure><img loading=\"lazy\" width=\"500\" height=\"333\" src=\"http:\/\/sandrineclark.be\/wp-content\/uploads\/2020\/03\/3099129690.jpg\" alt=\"\" data-id=\"245\" data-link=\"http:\/\/sandrineclark.be\/?attachment_id=245\" class=\"wp-image-245\" srcset=\"https:\/\/sandrineclark.be\/wp-content\/uploads\/2020\/03\/3099129690.jpg 500w, https:\/\/sandrineclark.be\/wp-content\/uploads\/2020\/03\/3099129690-300x200.jpg 300w\" sizes=\"(max-width: 500px) 100vw, 500px\" \/><\/figure><\/li><\/ul><\/figure>\n\n\n\n<div style=\"height:20px\" aria-hidden=\"true\" class=\"wp-block-spacer\"><\/div>\n\n\n\n<p style=\"color:#0e4258\" class=\"has-text-color has-text-align-center\"><strong>Cr\u00e9ation au Th\u00e9\u00e2tre Le Public en 2013<\/strong><\/p>\n\n\n\n<div style=\"height:20px\" aria-hidden=\"true\" class=\"wp-block-spacer\"><\/div>\n\n\n\n<p class=\"has-text-align-right\"><em>Au terme de sa vie, une femme fait le bilan : ses  choix, ses \u00e9checs, ses espoirs et r\u00eaves r\u00e9alis\u00e9s. Elle se rappelle les  tromperies, les alliances, les amis, la famille&#8230; Elle fait entendre  dans ses aveux, le plaisir de raconter et le d\u00e9sir d\u2019\u00eatre pardonn\u00e9e. En  face d\u2019elle, deux interlocutrices : sa dame de compagnie et une jeune  avocate, qui, elles, ont encore un destin \u00e0 vivre, des d\u00e9sillusions  encaiss\u00e9es et des espoirs toujours tenaces.<\/em>  <\/p>\n\n\n\n<div style=\"height:20px\" aria-hidden=\"true\" class=\"wp-block-spacer\"><\/div>\n\n\n\n<p class=\"has-text-align-left\">Auteur: <strong>Edward Albee<\/strong><\/p>\n\n\n\n<p>Adaptation: <strong>Martine Anckaert<\/strong><\/p>\n\n\n\n<p>Mise en sc\u00e8ne: <strong>V\u00e9ronique Dumont<\/strong><\/p>\n\n\n\n<p>Assistant \u00e0 la mise en sc\u00e8ne: <strong>Martin Staes-Polet<\/strong><\/p>\n\n\n\n<p>Interpr\u00e9tation: <strong>Isabelle Defoss\u00e9, Janine Godinas, Marie-Paule Kumps<\/strong><\/p>\n\n\n\n<p>Sc\u00e9nographie: <strong>Sandrine Clark<\/strong><\/p>\n\n\n\n<p>Cr\u00e9ation lumi\u00e8re: <strong>Maximilien Westerlinck<\/strong><\/p>\n\n\n\n<p><\/p>\n\n\n\n<p class=\"has-text-align-right\">                                                                                                                                                                                                                                                                                                                                                                                                                                                                                                      <\/p>\n","protected":false},"excerpt":{"rendered":"<p>Th\u00e9\u00e2tre Cr\u00e9ation au Th\u00e9\u00e2tre Le Public en 2013 Au terme de sa vie, une femme fait le bilan : ses choix, ses \u00e9checs, ses espoirs et r\u00eaves r\u00e9alis\u00e9s. Elle se rappelle les tromperies, les alliances, les amis, la famille&#8230; Elle fait entendre dans ses aveux, le plaisir de raconter et le d\u00e9sir d\u2019\u00eatre pardonn\u00e9e. En [&hellip;]<\/p>\n","protected":false},"author":1,"featured_media":0,"parent":0,"menu_order":0,"comment_status":"closed","ping_status":"closed","template":"","meta":{"_coblocks_attr":"","_coblocks_dimensions":"","_coblocks_responsive_height":"","_coblocks_accordion_ie_support":"","spay_email":""},"_links":{"self":[{"href":"https:\/\/sandrineclark.be\/index.php\/wp-json\/wp\/v2\/pages\/236"}],"collection":[{"href":"https:\/\/sandrineclark.be\/index.php\/wp-json\/wp\/v2\/pages"}],"about":[{"href":"https:\/\/sandrineclark.be\/index.php\/wp-json\/wp\/v2\/types\/page"}],"author":[{"embeddable":true,"href":"https:\/\/sandrineclark.be\/index.php\/wp-json\/wp\/v2\/users\/1"}],"replies":[{"embeddable":true,"href":"https:\/\/sandrineclark.be\/index.php\/wp-json\/wp\/v2\/comments?post=236"}],"version-history":[{"count":1,"href":"https:\/\/sandrineclark.be\/index.php\/wp-json\/wp\/v2\/pages\/236\/revisions"}],"predecessor-version":[{"id":249,"href":"https:\/\/sandrineclark.be\/index.php\/wp-json\/wp\/v2\/pages\/236\/revisions\/249"}],"wp:attachment":[{"href":"https:\/\/sandrineclark.be\/index.php\/wp-json\/wp\/v2\/media?parent=236"}],"curies":[{"name":"wp","href":"https:\/\/api.w.org\/{rel}","templated":true}]}}