{"id":360,"date":"2021-10-25T09:25:37","date_gmt":"2021-10-25T07:25:37","guid":{"rendered":"http:\/\/sandrineclark.be\/?page_id=360"},"modified":"2021-10-25T09:25:37","modified_gmt":"2021-10-25T07:25:37","slug":"fenetres","status":"publish","type":"page","link":"https:\/\/sandrineclark.be\/index.php\/fenetres\/","title":{"rendered":"Fen\u00eatres"},"content":{"rendered":"\n<p class=\"has-text-align-center\">Spectacle tout public \u00e0 partir de 2 ans et demi<\/p>\n\n\n\n<div style=\"height:23px\" aria-hidden=\"true\" class=\"wp-block-spacer\"><\/div>\n\n\n\n<figure class=\"wp-block-image size-large is-resized is-style-rounded\"><img loading=\"lazy\" src=\"http:\/\/sandrineclark.be\/wp-content\/uploads\/2021\/10\/Fenetres4-1024x768.jpg\" alt=\"\" class=\"wp-image-361\" width=\"613\" height=\"459\" srcset=\"https:\/\/sandrineclark.be\/wp-content\/uploads\/2021\/10\/Fenetres4-1024x768.jpg 1024w, https:\/\/sandrineclark.be\/wp-content\/uploads\/2021\/10\/Fenetres4-300x225.jpg 300w, https:\/\/sandrineclark.be\/wp-content\/uploads\/2021\/10\/Fenetres4-768x576.jpg 768w, https:\/\/sandrineclark.be\/wp-content\/uploads\/2021\/10\/Fenetres4-1200x900.jpg 1200w, https:\/\/sandrineclark.be\/wp-content\/uploads\/2021\/10\/Fenetres4.jpg 1494w\" sizes=\"(max-width: 613px) 100vw, 613px\" \/><\/figure>\n\n\n\n<div style=\"height:23px\" aria-hidden=\"true\" class=\"wp-block-spacer\"><\/div>\n\n\n\n<figure class=\"wp-block-gallery columns-3 is-cropped\"><ul class=\"blocks-gallery-grid\"><li class=\"blocks-gallery-item\"><figure><img loading=\"lazy\" width=\"1024\" height=\"683\" src=\"http:\/\/sandrineclark.be\/wp-content\/uploads\/2021\/10\/Fenetres1-1024x683.jpg\" alt=\"\" data-id=\"363\" data-link=\"http:\/\/sandrineclark.be\/?attachment_id=363\" class=\"wp-image-363\" srcset=\"https:\/\/sandrineclark.be\/wp-content\/uploads\/2021\/10\/Fenetres1-1024x683.jpg 1024w, https:\/\/sandrineclark.be\/wp-content\/uploads\/2021\/10\/Fenetres1-300x200.jpg 300w, https:\/\/sandrineclark.be\/wp-content\/uploads\/2021\/10\/Fenetres1-768x512.jpg 768w, https:\/\/sandrineclark.be\/wp-content\/uploads\/2021\/10\/Fenetres1-1536x1024.jpg 1536w, https:\/\/sandrineclark.be\/wp-content\/uploads\/2021\/10\/Fenetres1-2048x1366.jpg 2048w, https:\/\/sandrineclark.be\/wp-content\/uploads\/2021\/10\/Fenetres1-1200x800.jpg 1200w, https:\/\/sandrineclark.be\/wp-content\/uploads\/2021\/10\/Fenetres1-1980x1320.jpg 1980w\" sizes=\"(max-width: 1024px) 100vw, 1024px\" \/><\/figure><\/li><li class=\"blocks-gallery-item\"><figure><img loading=\"lazy\" width=\"1024\" height=\"683\" src=\"http:\/\/sandrineclark.be\/wp-content\/uploads\/2021\/10\/Fenetres5-1024x683.jpg\" alt=\"\" data-id=\"364\" data-link=\"http:\/\/sandrineclark.be\/?attachment_id=364\" class=\"wp-image-364\" srcset=\"https:\/\/sandrineclark.be\/wp-content\/uploads\/2021\/10\/Fenetres5-1024x683.jpg 1024w, https:\/\/sandrineclark.be\/wp-content\/uploads\/2021\/10\/Fenetres5-300x200.jpg 300w, https:\/\/sandrineclark.be\/wp-content\/uploads\/2021\/10\/Fenetres5-768x512.jpg 768w, https:\/\/sandrineclark.be\/wp-content\/uploads\/2021\/10\/Fenetres5-1536x1024.jpg 1536w, https:\/\/sandrineclark.be\/wp-content\/uploads\/2021\/10\/Fenetres5-2048x1366.jpg 2048w, https:\/\/sandrineclark.be\/wp-content\/uploads\/2021\/10\/Fenetres5-1200x800.jpg 1200w, https:\/\/sandrineclark.be\/wp-content\/uploads\/2021\/10\/Fenetres5-1980x1320.jpg 1980w\" sizes=\"(max-width: 1024px) 100vw, 1024px\" \/><\/figure><\/li><li class=\"blocks-gallery-item\"><figure><img loading=\"lazy\" width=\"1024\" height=\"683\" src=\"http:\/\/sandrineclark.be\/wp-content\/uploads\/2021\/10\/Fenetres2-1024x683.jpg\" alt=\"\" data-id=\"365\" data-link=\"http:\/\/sandrineclark.be\/?attachment_id=365\" class=\"wp-image-365\" srcset=\"https:\/\/sandrineclark.be\/wp-content\/uploads\/2021\/10\/Fenetres2-1024x683.jpg 1024w, https:\/\/sandrineclark.be\/wp-content\/uploads\/2021\/10\/Fenetres2-300x200.jpg 300w, https:\/\/sandrineclark.be\/wp-content\/uploads\/2021\/10\/Fenetres2-768x512.jpg 768w, https:\/\/sandrineclark.be\/wp-content\/uploads\/2021\/10\/Fenetres2-1536x1024.jpg 1536w, https:\/\/sandrineclark.be\/wp-content\/uploads\/2021\/10\/Fenetres2-2048x1366.jpg 2048w, https:\/\/sandrineclark.be\/wp-content\/uploads\/2021\/10\/Fenetres2-1200x800.jpg 1200w, https:\/\/sandrineclark.be\/wp-content\/uploads\/2021\/10\/Fenetres2-1980x1320.jpg 1980w\" sizes=\"(max-width: 1024px) 100vw, 1024px\" \/><\/figure><\/li><li class=\"blocks-gallery-item\"><figure><img loading=\"lazy\" width=\"768\" height=\"1024\" src=\"http:\/\/sandrineclark.be\/wp-content\/uploads\/2021\/10\/IMG-20190402-WA0013-768x1024.jpg\" alt=\"\" data-id=\"366\" data-link=\"http:\/\/sandrineclark.be\/?attachment_id=366\" class=\"wp-image-366\" srcset=\"https:\/\/sandrineclark.be\/wp-content\/uploads\/2021\/10\/IMG-20190402-WA0013-768x1024.jpg 768w, https:\/\/sandrineclark.be\/wp-content\/uploads\/2021\/10\/IMG-20190402-WA0013-225x300.jpg 225w, https:\/\/sandrineclark.be\/wp-content\/uploads\/2021\/10\/IMG-20190402-WA0013-1152x1536.jpg 1152w, https:\/\/sandrineclark.be\/wp-content\/uploads\/2021\/10\/IMG-20190402-WA0013.jpg 1200w\" sizes=\"(max-width: 768px) 100vw, 768px\" \/><\/figure><\/li><li class=\"blocks-gallery-item\"><figure><img loading=\"lazy\" width=\"768\" height=\"1024\" src=\"http:\/\/sandrineclark.be\/wp-content\/uploads\/2021\/10\/IMG-20190402-WA0011-768x1024.jpg\" alt=\"\" data-id=\"367\" data-link=\"http:\/\/sandrineclark.be\/?attachment_id=367\" class=\"wp-image-367\" srcset=\"https:\/\/sandrineclark.be\/wp-content\/uploads\/2021\/10\/IMG-20190402-WA0011-768x1024.jpg 768w, https:\/\/sandrineclark.be\/wp-content\/uploads\/2021\/10\/IMG-20190402-WA0011-225x300.jpg 225w, https:\/\/sandrineclark.be\/wp-content\/uploads\/2021\/10\/IMG-20190402-WA0011-1152x1536.jpg 1152w, https:\/\/sandrineclark.be\/wp-content\/uploads\/2021\/10\/IMG-20190402-WA0011.jpg 1200w\" sizes=\"(max-width: 768px) 100vw, 768px\" \/><\/figure><\/li><li class=\"blocks-gallery-item\"><figure><img loading=\"lazy\" width=\"768\" height=\"1024\" src=\"http:\/\/sandrineclark.be\/wp-content\/uploads\/2021\/10\/IMG-20190402-WA0018-768x1024.jpg\" alt=\"\" data-id=\"372\" data-link=\"http:\/\/sandrineclark.be\/?attachment_id=372\" class=\"wp-image-372\" srcset=\"https:\/\/sandrineclark.be\/wp-content\/uploads\/2021\/10\/IMG-20190402-WA0018-768x1024.jpg 768w, https:\/\/sandrineclark.be\/wp-content\/uploads\/2021\/10\/IMG-20190402-WA0018-225x300.jpg 225w, https:\/\/sandrineclark.be\/wp-content\/uploads\/2021\/10\/IMG-20190402-WA0018-1152x1536.jpg 1152w, https:\/\/sandrineclark.be\/wp-content\/uploads\/2021\/10\/IMG-20190402-WA0018.jpg 1200w\" sizes=\"(max-width: 768px) 100vw, 768px\" \/><\/figure><\/li><li class=\"blocks-gallery-item\"><figure><img loading=\"lazy\" width=\"1024\" height=\"768\" src=\"http:\/\/sandrineclark.be\/wp-content\/uploads\/2021\/10\/IMG-20190402-WA0006-1024x768.jpg\" alt=\"\" data-id=\"370\" data-link=\"http:\/\/sandrineclark.be\/?attachment_id=370\" class=\"wp-image-370\" srcset=\"https:\/\/sandrineclark.be\/wp-content\/uploads\/2021\/10\/IMG-20190402-WA0006-1024x768.jpg 1024w, https:\/\/sandrineclark.be\/wp-content\/uploads\/2021\/10\/IMG-20190402-WA0006-300x225.jpg 300w, https:\/\/sandrineclark.be\/wp-content\/uploads\/2021\/10\/IMG-20190402-WA0006-768x576.jpg 768w, https:\/\/sandrineclark.be\/wp-content\/uploads\/2021\/10\/IMG-20190402-WA0006-1536x1152.jpg 1536w, https:\/\/sandrineclark.be\/wp-content\/uploads\/2021\/10\/IMG-20190402-WA0006-1200x900.jpg 1200w, https:\/\/sandrineclark.be\/wp-content\/uploads\/2021\/10\/IMG-20190402-WA0006.jpg 1600w\" sizes=\"(max-width: 1024px) 100vw, 1024px\" \/><\/figure><\/li><li class=\"blocks-gallery-item\"><figure><img loading=\"lazy\" width=\"1024\" height=\"768\" src=\"http:\/\/sandrineclark.be\/wp-content\/uploads\/2021\/10\/IMG-20190402-WA0004-1024x768.jpg\" alt=\"\" data-id=\"371\" data-link=\"http:\/\/sandrineclark.be\/?attachment_id=371\" class=\"wp-image-371\" srcset=\"https:\/\/sandrineclark.be\/wp-content\/uploads\/2021\/10\/IMG-20190402-WA0004-1024x768.jpg 1024w, https:\/\/sandrineclark.be\/wp-content\/uploads\/2021\/10\/IMG-20190402-WA0004-300x225.jpg 300w, https:\/\/sandrineclark.be\/wp-content\/uploads\/2021\/10\/IMG-20190402-WA0004-768x576.jpg 768w, https:\/\/sandrineclark.be\/wp-content\/uploads\/2021\/10\/IMG-20190402-WA0004-1536x1152.jpg 1536w, https:\/\/sandrineclark.be\/wp-content\/uploads\/2021\/10\/IMG-20190402-WA0004-1200x900.jpg 1200w, https:\/\/sandrineclark.be\/wp-content\/uploads\/2021\/10\/IMG-20190402-WA0004.jpg 1600w\" sizes=\"(max-width: 1024px) 100vw, 1024px\" \/><\/figure><\/li><li class=\"blocks-gallery-item\"><figure><img loading=\"lazy\" width=\"1024\" height=\"768\" src=\"http:\/\/sandrineclark.be\/wp-content\/uploads\/2021\/10\/IMG-20190402-WA0005-1024x768.jpg\" alt=\"\" data-id=\"373\" data-full-url=\"http:\/\/sandrineclark.be\/wp-content\/uploads\/2021\/10\/IMG-20190402-WA0005.jpg\" data-link=\"http:\/\/sandrineclark.be\/?attachment_id=373\" class=\"wp-image-373\" srcset=\"https:\/\/sandrineclark.be\/wp-content\/uploads\/2021\/10\/IMG-20190402-WA0005-1024x768.jpg 1024w, https:\/\/sandrineclark.be\/wp-content\/uploads\/2021\/10\/IMG-20190402-WA0005-300x225.jpg 300w, https:\/\/sandrineclark.be\/wp-content\/uploads\/2021\/10\/IMG-20190402-WA0005-768x576.jpg 768w, https:\/\/sandrineclark.be\/wp-content\/uploads\/2021\/10\/IMG-20190402-WA0005-1536x1152.jpg 1536w, https:\/\/sandrineclark.be\/wp-content\/uploads\/2021\/10\/IMG-20190402-WA0005-1200x900.jpg 1200w, https:\/\/sandrineclark.be\/wp-content\/uploads\/2021\/10\/IMG-20190402-WA0005.jpg 1600w\" sizes=\"(max-width: 1024px) 100vw, 1024px\" \/><\/figure><\/li><\/ul><\/figure>\n\n\n\n<p class=\"has-text-align-center has-large-font-size\"><strong>Cr\u00e9ation collective du Th\u00e9\u00e2tre Oz en ao\u00fbt<\/strong> <strong>2009<\/strong><\/p>\n\n\n\n<p class=\"has-text-align-right\">\u00ab\u00a0<em>La fen\u00eatre de G\u00e9rard, celle de Fred, celle d\u2019In\u00e8s, celle de Zazou, celle de Gunther, celle de Marthe, celle d\u2019Etienne et de F\u00e9lix\u2026 Regarder \u00e0 l\u2019int\u00e9rieur, se glisser, entrevoir des bouts d\u2019histoires\u2026<\/em><\/p>\n\n\n\n<p class=\"has-text-align-right\"><em>Voyage sonore et visuel, po\u00e8mes, ritournelles, chants, histoires et comptines, comme des bo\u00eetes \u00e0 tr\u00e9sor \u00e9gren\u00e9es doucement.<\/em>\u00ab\u00a0<\/p>\n\n\n\n<p class=\"has-text-align-right\"><em>Le spectacle Fen\u00eatres est une invitation par-del\u00e0 les ch\u00e2ssis dans les deux sens du battant&nbsp;: regardez ce grand monde qui palpite, qui discute, qui tonitrue, qui aime&nbsp;! Ecoutez ce petit monde qui chuchote, qui chante, qui se tait&nbsp;!<\/em><\/p>\n\n\n\n<p class=\"has-text-align-right\"><em>Sur sc\u00e8ne, deux com\u00e9diennes qui ouvrent, ferment, chantent, racontent, mangent, dansent, construisent des fen\u00eatres dans une sc\u00e9nographie ludique et po\u00e9tique de Sandrine Clark.<\/em><\/p>\n\n\n\n<p class=\"has-text-align-right\"><em>Pr\u00e8s de 250 repr\u00e9sentations en Belgique et en France<\/em><\/p>\n\n\n\n<p>Mise en sc\u00e8ne: <strong>Marie Renson<\/strong><\/p>\n\n\n\n<p>Interpr\u00e9tation: <strong>Florence Laloy <\/strong>et <strong>B\u00e9n\u00e9dicte Moreau<\/strong><\/p>\n\n\n\n<p>Sc\u00e9nographie et costumes: <strong>Sandrine Clark<\/strong><\/p>\n\n\n\n<p>Cr\u00e9ation lumi\u00e8re: <strong>Jacques Verhaegen<\/strong><\/p>\n\n\n\n<p>Conseil artistique: <strong>Denise Yerl\u00e8s<\/strong><\/p>\n\n\n\n<div style=\"height:17px\" aria-hidden=\"true\" class=\"wp-block-spacer\"><\/div>\n\n\n\n<p class=\"has-text-align-right\"><a href=\"http:\/\/www.oz-asbl.be\">www.oz-asbl.be<\/a><\/p>\n","protected":false},"excerpt":{"rendered":"<p>Spectacle tout public \u00e0 partir de 2 ans et demi Cr\u00e9ation collective du Th\u00e9\u00e2tre Oz en ao\u00fbt 2009 \u00ab\u00a0La fen\u00eatre de G\u00e9rard, celle de Fred, celle d\u2019In\u00e8s, celle de Zazou, celle de Gunther, celle de Marthe, celle d\u2019Etienne et de F\u00e9lix\u2026 Regarder \u00e0 l\u2019int\u00e9rieur, se glisser, entrevoir des bouts d\u2019histoires\u2026 Voyage sonore et visuel, po\u00e8mes, [&hellip;]<\/p>\n","protected":false},"author":1,"featured_media":0,"parent":0,"menu_order":0,"comment_status":"closed","ping_status":"closed","template":"","meta":{"_coblocks_attr":"","_coblocks_dimensions":"","_coblocks_responsive_height":"","_coblocks_accordion_ie_support":"","spay_email":""},"_links":{"self":[{"href":"https:\/\/sandrineclark.be\/index.php\/wp-json\/wp\/v2\/pages\/360"}],"collection":[{"href":"https:\/\/sandrineclark.be\/index.php\/wp-json\/wp\/v2\/pages"}],"about":[{"href":"https:\/\/sandrineclark.be\/index.php\/wp-json\/wp\/v2\/types\/page"}],"author":[{"embeddable":true,"href":"https:\/\/sandrineclark.be\/index.php\/wp-json\/wp\/v2\/users\/1"}],"replies":[{"embeddable":true,"href":"https:\/\/sandrineclark.be\/index.php\/wp-json\/wp\/v2\/comments?post=360"}],"version-history":[{"count":2,"href":"https:\/\/sandrineclark.be\/index.php\/wp-json\/wp\/v2\/pages\/360\/revisions"}],"predecessor-version":[{"id":525,"href":"https:\/\/sandrineclark.be\/index.php\/wp-json\/wp\/v2\/pages\/360\/revisions\/525"}],"wp:attachment":[{"href":"https:\/\/sandrineclark.be\/index.php\/wp-json\/wp\/v2\/media?parent=360"}],"curies":[{"name":"wp","href":"https:\/\/api.w.org\/{rel}","templated":true}]}}