{"id":379,"date":"2021-10-25T09:50:47","date_gmt":"2021-10-25T07:50:47","guid":{"rendered":"http:\/\/sandrineclark.be\/?page_id=379"},"modified":"2021-10-25T09:50:47","modified_gmt":"2021-10-25T07:50:47","slug":"misss-pong","status":"publish","type":"page","link":"https:\/\/sandrineclark.be\/index.php\/misss-pong\/","title":{"rendered":"Miss&rsquo;s Pong"},"content":{"rendered":"\n<p class=\"has-text-align-center\">Th\u00e9\u00e2tre<\/p>\n\n\n\n<figure class=\"wp-block-image size-full is-style-rounded\"><img loading=\"lazy\" width=\"1000\" height=\"727\" src=\"http:\/\/sandrineclark.be\/wp-content\/uploads\/2021\/10\/CollectifH2Oz-MisssPong-visuel-02.jpg\" alt=\"\" class=\"wp-image-380\" srcset=\"https:\/\/sandrineclark.be\/wp-content\/uploads\/2021\/10\/CollectifH2Oz-MisssPong-visuel-02.jpg 1000w, https:\/\/sandrineclark.be\/wp-content\/uploads\/2021\/10\/CollectifH2Oz-MisssPong-visuel-02-300x218.jpg 300w, https:\/\/sandrineclark.be\/wp-content\/uploads\/2021\/10\/CollectifH2Oz-MisssPong-visuel-02-768x558.jpg 768w\" sizes=\"(max-width: 1000px) 100vw, 1000px\" \/><\/figure>\n\n\n\n<p class=\"has-text-align-center has-large-font-size\"><strong>Entresort tout public<\/strong><\/p>\n\n\n\n<p class=\"has-text-align-right\"><em>Poussez la porte du petit chapiteau rouge et installez-vous. Les Miss\u2019s Pong vous invitent dans leur petit monde \u00e9triqu\u00e9 et bien organis\u00e9 o\u00f9 vous serez examin\u00e9s en un coup d\u2019\u0153il, fich\u00e9s et encod\u00e9s.<\/em><\/p>\n\n\n\n<p class=\"has-text-align-right\"><em>Le travail c\u2019est la sant\u00e9 !?\u2026 <\/em><\/p>\n\n\n\n<p class=\"has-text-align-right\"><em>Mais voil\u00e0 que l\u2019heure de la pause a sonn\u00e9 <\/em>\u2026<\/p>\n\n\n\n<p class=\"has-text-align-right\"><em>Durant cet entresort d\u2019une dizaine de minutes vous \u00eates convi\u00e9s, \u00e0 un petit moment suspendu, ludique, rythmique et musical.<\/em><\/p>\n\n\n\n<div style=\"height:35px\" aria-hidden=\"true\" class=\"wp-block-spacer\"><\/div>\n\n\n\n<p>Cr\u00e9ation et interpr\u00e9tation: <strong>Florence Laloy<\/strong> et <strong>Scarlett Schmitz<\/strong><\/p>\n\n\n\n<p>Regard ext\u00e9rieur: <strong>Sandrine Clark<\/strong><\/p>\n\n\n\n<p>Aide aux costumes: <strong>No\u00eblle Deckmyn<\/strong><\/p>\n\n\n\n<div style=\"height:22px\" aria-hidden=\"true\" class=\"wp-block-spacer\"><\/div>\n\n\n\n<p class=\"has-text-align-right\"><a href=\"http:\/\/www.oz-asbl.be\">www.oz-asbl.be<\/a><\/p>\n","protected":false},"excerpt":{"rendered":"<p>Th\u00e9\u00e2tre Entresort tout public Poussez la porte du petit chapiteau rouge et installez-vous. Les Miss\u2019s Pong vous invitent dans leur petit monde \u00e9triqu\u00e9 et bien organis\u00e9 o\u00f9 vous serez examin\u00e9s en un coup d\u2019\u0153il, fich\u00e9s et encod\u00e9s. Le travail c\u2019est la sant\u00e9 !?\u2026 Mais voil\u00e0 que l\u2019heure de la pause a sonn\u00e9 \u2026 Durant cet [&hellip;]<\/p>\n","protected":false},"author":1,"featured_media":0,"parent":0,"menu_order":0,"comment_status":"closed","ping_status":"closed","template":"","meta":{"_coblocks_attr":"","_coblocks_dimensions":"","_coblocks_responsive_height":"","_coblocks_accordion_ie_support":"","spay_email":""},"_links":{"self":[{"href":"https:\/\/sandrineclark.be\/index.php\/wp-json\/wp\/v2\/pages\/379"}],"collection":[{"href":"https:\/\/sandrineclark.be\/index.php\/wp-json\/wp\/v2\/pages"}],"about":[{"href":"https:\/\/sandrineclark.be\/index.php\/wp-json\/wp\/v2\/types\/page"}],"author":[{"embeddable":true,"href":"https:\/\/sandrineclark.be\/index.php\/wp-json\/wp\/v2\/users\/1"}],"replies":[{"embeddable":true,"href":"https:\/\/sandrineclark.be\/index.php\/wp-json\/wp\/v2\/comments?post=379"}],"version-history":[{"count":1,"href":"https:\/\/sandrineclark.be\/index.php\/wp-json\/wp\/v2\/pages\/379\/revisions"}],"predecessor-version":[{"id":381,"href":"https:\/\/sandrineclark.be\/index.php\/wp-json\/wp\/v2\/pages\/379\/revisions\/381"}],"wp:attachment":[{"href":"https:\/\/sandrineclark.be\/index.php\/wp-json\/wp\/v2\/media?parent=379"}],"curies":[{"name":"wp","href":"https:\/\/api.w.org\/{rel}","templated":true}]}}