{"id":400,"date":"2022-09-11T18:34:34","date_gmt":"2022-09-11T16:34:34","guid":{"rendered":"http:\/\/sandrineclark.be\/?page_id=400"},"modified":"2022-09-11T18:34:34","modified_gmt":"2022-09-11T16:34:34","slug":"ailleurs","status":"publish","type":"page","link":"https:\/\/sandrineclark.be\/index.php\/ailleurs\/","title":{"rendered":"Ailleurs"},"content":{"rendered":"\n<p class=\"has-text-align-center\">Spectacle pour tous \u00e0 partir de 7 ans<\/p>\n\n\n\n<div style=\"height:50px\" aria-hidden=\"true\" class=\"wp-block-spacer\"><\/div>\n\n\n\n<figure class=\"wp-block-image size-large is-style-rounded\"><img loading=\"lazy\" width=\"1024\" height=\"666\" src=\"http:\/\/sandrineclark.be\/wp-content\/uploads\/2022\/09\/Sequenza-et-Cie_Ailleurs-9-1024x666.jpg\" alt=\"\" class=\"wp-image-403\" srcset=\"https:\/\/sandrineclark.be\/wp-content\/uploads\/2022\/09\/Sequenza-et-Cie_Ailleurs-9-1024x666.jpg 1024w, https:\/\/sandrineclark.be\/wp-content\/uploads\/2022\/09\/Sequenza-et-Cie_Ailleurs-9-300x195.jpg 300w, https:\/\/sandrineclark.be\/wp-content\/uploads\/2022\/09\/Sequenza-et-Cie_Ailleurs-9-768x500.jpg 768w, https:\/\/sandrineclark.be\/wp-content\/uploads\/2022\/09\/Sequenza-et-Cie_Ailleurs-9-1536x1000.jpg 1536w, https:\/\/sandrineclark.be\/wp-content\/uploads\/2022\/09\/Sequenza-et-Cie_Ailleurs-9-2048x1333.jpg 2048w, https:\/\/sandrineclark.be\/wp-content\/uploads\/2022\/09\/Sequenza-et-Cie_Ailleurs-9-1200x781.jpg 1200w, https:\/\/sandrineclark.be\/wp-content\/uploads\/2022\/09\/Sequenza-et-Cie_Ailleurs-9-1980x1289.jpg 1980w\" sizes=\"(max-width: 1024px) 100vw, 1024px\" \/><\/figure>\n\n\n\n<div style=\"height:61px\" aria-hidden=\"true\" class=\"wp-block-spacer\"><\/div>\n\n\n\n<div class=\"wp-block-jetpack-tiled-gallery aligncenter is-style-rectangular\"><div class=\"tiled-gallery__gallery\"><div class=\"tiled-gallery__row\"><div class=\"tiled-gallery__col\"><figure class=\"tiled-gallery__item\"><img srcset=\"https:\/\/i1.wp.com\/sandrineclark.be\/wp-content\/uploads\/2022\/09\/Sequenza-et-Cie_Ailleurs-2-scaled.jpg?strip=info&#038;w=600 600w,https:\/\/i1.wp.com\/sandrineclark.be\/wp-content\/uploads\/2022\/09\/Sequenza-et-Cie_Ailleurs-2-scaled.jpg?strip=info&#038;w=900 900w,https:\/\/i1.wp.com\/sandrineclark.be\/wp-content\/uploads\/2022\/09\/Sequenza-et-Cie_Ailleurs-2-scaled.jpg?strip=info&#038;w=1200 1200w,https:\/\/i1.wp.com\/sandrineclark.be\/wp-content\/uploads\/2022\/09\/Sequenza-et-Cie_Ailleurs-2-scaled.jpg?strip=info&#038;w=1500 1500w,https:\/\/i1.wp.com\/sandrineclark.be\/wp-content\/uploads\/2022\/09\/Sequenza-et-Cie_Ailleurs-2-scaled.jpg?strip=info&#038;w=1707 1707w\" alt=\"\" data-height=\"1707\" data-id=\"404\" data-link=\"http:\/\/sandrineclark.be\/?attachment_id=404\" data-url=\"http:\/\/sandrineclark.be\/wp-content\/uploads\/2022\/09\/Sequenza-et-Cie_Ailleurs-2-scaled.jpg\" data-width=\"2560\" src=\"https:\/\/i1.wp.com\/sandrineclark.be\/wp-content\/uploads\/2022\/09\/Sequenza-et-Cie_Ailleurs-2-scaled.jpg\"\/><\/figure><\/div><div class=\"tiled-gallery__col\"><figure class=\"tiled-gallery__item\"><img srcset=\"https:\/\/i1.wp.com\/sandrineclark.be\/wp-content\/uploads\/2022\/09\/Sequenza-et-Cie_Ailleurs-3-scaled.jpg?strip=info&#038;w=600 600w,https:\/\/i1.wp.com\/sandrineclark.be\/wp-content\/uploads\/2022\/09\/Sequenza-et-Cie_Ailleurs-3-scaled.jpg?strip=info&#038;w=900 900w,https:\/\/i1.wp.com\/sandrineclark.be\/wp-content\/uploads\/2022\/09\/Sequenza-et-Cie_Ailleurs-3-scaled.jpg?strip=info&#038;w=1200 1200w,https:\/\/i1.wp.com\/sandrineclark.be\/wp-content\/uploads\/2022\/09\/Sequenza-et-Cie_Ailleurs-3-scaled.jpg?strip=info&#038;w=1500 1500w,https:\/\/i1.wp.com\/sandrineclark.be\/wp-content\/uploads\/2022\/09\/Sequenza-et-Cie_Ailleurs-3-scaled.jpg?strip=info&#038;w=1800 1800w,https:\/\/i1.wp.com\/sandrineclark.be\/wp-content\/uploads\/2022\/09\/Sequenza-et-Cie_Ailleurs-3-scaled.jpg?strip=info&#038;w=2000 2000w\" alt=\"\" data-height=\"2560\" data-id=\"405\" data-link=\"http:\/\/sandrineclark.be\/?attachment_id=405\" data-url=\"http:\/\/sandrineclark.be\/wp-content\/uploads\/2022\/09\/Sequenza-et-Cie_Ailleurs-3-scaled.jpg\" data-width=\"1902\" src=\"https:\/\/i1.wp.com\/sandrineclark.be\/wp-content\/uploads\/2022\/09\/Sequenza-et-Cie_Ailleurs-3-scaled.jpg\"\/><\/figure><\/div><\/div><div class=\"tiled-gallery__row\"><div class=\"tiled-gallery__col\"><figure class=\"tiled-gallery__item\"><img srcset=\"https:\/\/i1.wp.com\/sandrineclark.be\/wp-content\/uploads\/2022\/09\/Sequenza-et-Cie_Ailleurs-4-scaled.jpg?strip=info&#038;w=600 600w,https:\/\/i1.wp.com\/sandrineclark.be\/wp-content\/uploads\/2022\/09\/Sequenza-et-Cie_Ailleurs-4-scaled.jpg?strip=info&#038;w=900 900w,https:\/\/i1.wp.com\/sandrineclark.be\/wp-content\/uploads\/2022\/09\/Sequenza-et-Cie_Ailleurs-4-scaled.jpg?strip=info&#038;w=1200 1200w,https:\/\/i1.wp.com\/sandrineclark.be\/wp-content\/uploads\/2022\/09\/Sequenza-et-Cie_Ailleurs-4-scaled.jpg?strip=info&#038;w=1500 1500w,https:\/\/i1.wp.com\/sandrineclark.be\/wp-content\/uploads\/2022\/09\/Sequenza-et-Cie_Ailleurs-4-scaled.jpg?strip=info&#038;w=1800 1800w,https:\/\/i1.wp.com\/sandrineclark.be\/wp-content\/uploads\/2022\/09\/Sequenza-et-Cie_Ailleurs-4-scaled.jpg?strip=info&#038;w=2000 2000w\" alt=\"\" data-height=\"2173\" data-id=\"409\" data-link=\"http:\/\/sandrineclark.be\/?attachment_id=409\" data-url=\"http:\/\/sandrineclark.be\/wp-content\/uploads\/2022\/09\/Sequenza-et-Cie_Ailleurs-4-scaled.jpg\" data-width=\"2560\" src=\"https:\/\/i1.wp.com\/sandrineclark.be\/wp-content\/uploads\/2022\/09\/Sequenza-et-Cie_Ailleurs-4-scaled.jpg\"\/><\/figure><\/div><div class=\"tiled-gallery__col\"><figure class=\"tiled-gallery__item\"><img srcset=\"https:\/\/i0.wp.com\/sandrineclark.be\/wp-content\/uploads\/2022\/09\/Sequenza-et-Cie_Ailleurs-6-scaled.jpg?strip=info&#038;w=600 600w,https:\/\/i0.wp.com\/sandrineclark.be\/wp-content\/uploads\/2022\/09\/Sequenza-et-Cie_Ailleurs-6-scaled.jpg?strip=info&#038;w=900 900w,https:\/\/i0.wp.com\/sandrineclark.be\/wp-content\/uploads\/2022\/09\/Sequenza-et-Cie_Ailleurs-6-scaled.jpg?strip=info&#038;w=1200 1200w,https:\/\/i0.wp.com\/sandrineclark.be\/wp-content\/uploads\/2022\/09\/Sequenza-et-Cie_Ailleurs-6-scaled.jpg?strip=info&#038;w=1500 1500w,https:\/\/i0.wp.com\/sandrineclark.be\/wp-content\/uploads\/2022\/09\/Sequenza-et-Cie_Ailleurs-6-scaled.jpg?strip=info&#038;w=1800 1800w,https:\/\/i0.wp.com\/sandrineclark.be\/wp-content\/uploads\/2022\/09\/Sequenza-et-Cie_Ailleurs-6-scaled.jpg?strip=info&#038;w=2000 2000w\" alt=\"\" data-height=\"2560\" data-id=\"406\" data-link=\"http:\/\/sandrineclark.be\/?attachment_id=406\" data-url=\"http:\/\/sandrineclark.be\/wp-content\/uploads\/2022\/09\/Sequenza-et-Cie_Ailleurs-6-scaled.jpg\" data-width=\"1588\" src=\"https:\/\/i0.wp.com\/sandrineclark.be\/wp-content\/uploads\/2022\/09\/Sequenza-et-Cie_Ailleurs-6-scaled.jpg\"\/><\/figure><\/div><\/div><div class=\"tiled-gallery__row\"><div class=\"tiled-gallery__col\"><figure class=\"tiled-gallery__item\"><img srcset=\"https:\/\/i2.wp.com\/sandrineclark.be\/wp-content\/uploads\/2022\/09\/Sequenza-et-Cie_Ailleurs-7-scaled.jpg?strip=info&#038;w=600 600w,https:\/\/i2.wp.com\/sandrineclark.be\/wp-content\/uploads\/2022\/09\/Sequenza-et-Cie_Ailleurs-7-scaled.jpg?strip=info&#038;w=900 900w,https:\/\/i2.wp.com\/sandrineclark.be\/wp-content\/uploads\/2022\/09\/Sequenza-et-Cie_Ailleurs-7-scaled.jpg?strip=info&#038;w=1200 1200w,https:\/\/i2.wp.com\/sandrineclark.be\/wp-content\/uploads\/2022\/09\/Sequenza-et-Cie_Ailleurs-7-scaled.jpg?strip=info&#038;w=1500 1500w,https:\/\/i2.wp.com\/sandrineclark.be\/wp-content\/uploads\/2022\/09\/Sequenza-et-Cie_Ailleurs-7-scaled.jpg?strip=info&#038;w=1800 1800w,https:\/\/i2.wp.com\/sandrineclark.be\/wp-content\/uploads\/2022\/09\/Sequenza-et-Cie_Ailleurs-7-scaled.jpg?strip=info&#038;w=1888 1888w\" alt=\"\" data-height=\"1888\" data-id=\"407\" data-link=\"http:\/\/sandrineclark.be\/?attachment_id=407\" data-url=\"http:\/\/sandrineclark.be\/wp-content\/uploads\/2022\/09\/Sequenza-et-Cie_Ailleurs-7-scaled.jpg\" data-width=\"2560\" src=\"https:\/\/i2.wp.com\/sandrineclark.be\/wp-content\/uploads\/2022\/09\/Sequenza-et-Cie_Ailleurs-7-scaled.jpg\"\/><\/figure><\/div><div class=\"tiled-gallery__col\"><figure class=\"tiled-gallery__item\"><img srcset=\"https:\/\/i1.wp.com\/sandrineclark.be\/wp-content\/uploads\/2022\/09\/Sequenza-et-Cie_Ailleurs-10-scaled.jpg?strip=info&#038;w=600 600w,https:\/\/i1.wp.com\/sandrineclark.be\/wp-content\/uploads\/2022\/09\/Sequenza-et-Cie_Ailleurs-10-scaled.jpg?strip=info&#038;w=900 900w,https:\/\/i1.wp.com\/sandrineclark.be\/wp-content\/uploads\/2022\/09\/Sequenza-et-Cie_Ailleurs-10-scaled.jpg?strip=info&#038;w=1200 1200w,https:\/\/i1.wp.com\/sandrineclark.be\/wp-content\/uploads\/2022\/09\/Sequenza-et-Cie_Ailleurs-10-scaled.jpg?strip=info&#038;w=1500 1500w,https:\/\/i1.wp.com\/sandrineclark.be\/wp-content\/uploads\/2022\/09\/Sequenza-et-Cie_Ailleurs-10-scaled.jpg?strip=info&#038;w=1800 1800w,https:\/\/i1.wp.com\/sandrineclark.be\/wp-content\/uploads\/2022\/09\/Sequenza-et-Cie_Ailleurs-10-scaled.jpg?strip=info&#038;w=2000 2000w\" alt=\"\" data-height=\"2560\" data-id=\"408\" data-link=\"http:\/\/sandrineclark.be\/?attachment_id=408\" data-url=\"http:\/\/sandrineclark.be\/wp-content\/uploads\/2022\/09\/Sequenza-et-Cie_Ailleurs-10-scaled.jpg\" data-width=\"1792\" src=\"https:\/\/i1.wp.com\/sandrineclark.be\/wp-content\/uploads\/2022\/09\/Sequenza-et-Cie_Ailleurs-10-scaled.jpg\"\/><\/figure><\/div><\/div><div class=\"tiled-gallery__row\"><div class=\"tiled-gallery__col\"><figure class=\"tiled-gallery__item\"><img srcset=\"https:\/\/i1.wp.com\/sandrineclark.be\/wp-content\/uploads\/2022\/09\/Sequenza-et-Cie_Ailleurs-14-scaled.jpg?strip=info&#038;w=600 600w,https:\/\/i1.wp.com\/sandrineclark.be\/wp-content\/uploads\/2022\/09\/Sequenza-et-Cie_Ailleurs-14-scaled.jpg?strip=info&#038;w=900 900w,https:\/\/i1.wp.com\/sandrineclark.be\/wp-content\/uploads\/2022\/09\/Sequenza-et-Cie_Ailleurs-14-scaled.jpg?strip=info&#038;w=1200 1200w,https:\/\/i1.wp.com\/sandrineclark.be\/wp-content\/uploads\/2022\/09\/Sequenza-et-Cie_Ailleurs-14-scaled.jpg?strip=info&#038;w=1500 1500w,https:\/\/i1.wp.com\/sandrineclark.be\/wp-content\/uploads\/2022\/09\/Sequenza-et-Cie_Ailleurs-14-scaled.jpg?strip=info&#038;w=1800 1800w,https:\/\/i1.wp.com\/sandrineclark.be\/wp-content\/uploads\/2022\/09\/Sequenza-et-Cie_Ailleurs-14-scaled.jpg?strip=info&#038;w=1821 1821w\" alt=\"\" data-height=\"1821\" data-id=\"411\" data-link=\"http:\/\/sandrineclark.be\/?attachment_id=411\" data-url=\"http:\/\/sandrineclark.be\/wp-content\/uploads\/2022\/09\/Sequenza-et-Cie_Ailleurs-14-scaled.jpg\" data-width=\"2560\" src=\"https:\/\/i1.wp.com\/sandrineclark.be\/wp-content\/uploads\/2022\/09\/Sequenza-et-Cie_Ailleurs-14-scaled.jpg\"\/><\/figure><figure class=\"tiled-gallery__item\"><img srcset=\"https:\/\/i1.wp.com\/sandrineclark.be\/wp-content\/uploads\/2022\/09\/Sequenza-et-Cie_Ailleurs-16-scaled.jpg?strip=info&#038;w=600 600w,https:\/\/i1.wp.com\/sandrineclark.be\/wp-content\/uploads\/2022\/09\/Sequenza-et-Cie_Ailleurs-16-scaled.jpg?strip=info&#038;w=900 900w,https:\/\/i1.wp.com\/sandrineclark.be\/wp-content\/uploads\/2022\/09\/Sequenza-et-Cie_Ailleurs-16-scaled.jpg?strip=info&#038;w=1200 1200w,https:\/\/i1.wp.com\/sandrineclark.be\/wp-content\/uploads\/2022\/09\/Sequenza-et-Cie_Ailleurs-16-scaled.jpg?strip=info&#038;w=1500 1500w,https:\/\/i1.wp.com\/sandrineclark.be\/wp-content\/uploads\/2022\/09\/Sequenza-et-Cie_Ailleurs-16-scaled.jpg?strip=info&#038;w=1800 1800w,https:\/\/i1.wp.com\/sandrineclark.be\/wp-content\/uploads\/2022\/09\/Sequenza-et-Cie_Ailleurs-16-scaled.jpg?strip=info&#038;w=2000 2000w\" alt=\"\" data-height=\"2522\" data-id=\"412\" data-link=\"http:\/\/sandrineclark.be\/?attachment_id=412\" data-url=\"http:\/\/sandrineclark.be\/wp-content\/uploads\/2022\/09\/Sequenza-et-Cie_Ailleurs-16-scaled.jpg\" data-width=\"2560\" src=\"https:\/\/i1.wp.com\/sandrineclark.be\/wp-content\/uploads\/2022\/09\/Sequenza-et-Cie_Ailleurs-16-scaled.jpg\"\/><\/figure><\/div><div class=\"tiled-gallery__col\"><figure class=\"tiled-gallery__item\"><img srcset=\"https:\/\/i0.wp.com\/sandrineclark.be\/wp-content\/uploads\/2022\/09\/Sequenza-et-Cie_Ailleurs-17-scaled.jpg?strip=info&#038;w=600 600w,https:\/\/i0.wp.com\/sandrineclark.be\/wp-content\/uploads\/2022\/09\/Sequenza-et-Cie_Ailleurs-17-scaled.jpg?strip=info&#038;w=900 900w,https:\/\/i0.wp.com\/sandrineclark.be\/wp-content\/uploads\/2022\/09\/Sequenza-et-Cie_Ailleurs-17-scaled.jpg?strip=info&#038;w=1200 1200w,https:\/\/i0.wp.com\/sandrineclark.be\/wp-content\/uploads\/2022\/09\/Sequenza-et-Cie_Ailleurs-17-scaled.jpg?strip=info&#038;w=1500 1500w,https:\/\/i0.wp.com\/sandrineclark.be\/wp-content\/uploads\/2022\/09\/Sequenza-et-Cie_Ailleurs-17-scaled.jpg?strip=info&#038;w=1800 1800w,https:\/\/i0.wp.com\/sandrineclark.be\/wp-content\/uploads\/2022\/09\/Sequenza-et-Cie_Ailleurs-17-scaled.jpg?strip=info&#038;w=2000 2000w\" alt=\"\" data-height=\"2560\" data-id=\"413\" data-link=\"http:\/\/sandrineclark.be\/?attachment_id=413\" data-url=\"http:\/\/sandrineclark.be\/wp-content\/uploads\/2022\/09\/Sequenza-et-Cie_Ailleurs-17-scaled.jpg\" data-width=\"1707\" src=\"https:\/\/i0.wp.com\/sandrineclark.be\/wp-content\/uploads\/2022\/09\/Sequenza-et-Cie_Ailleurs-17-scaled.jpg\"\/><\/figure><\/div><\/div><\/div><\/div>\n\n\n\n<div style=\"height:10px\" aria-hidden=\"true\" class=\"wp-block-spacer\"><\/div>\n\n\n\n<p class=\"has-text-color has-large-font-size\" style=\"color:#014866\"><strong>Cr\u00e9ation par la Compagnie Sequenza en ao\u00fbt 2022<\/strong><\/p>\n\n\n\n<div style=\"height:10px\" aria-hidden=\"true\" class=\"wp-block-spacer\"><\/div>\n\n\n\n<p class=\"has-text-align-right\">\u00ab\u00a0<em>Gorg est un jeune ours. L\u2019eau de la rivi\u00e8re vient \u00e0 manquer. Il quitte les montagnes et entreprend un long voyage. Arriv\u00e9 en ville, il s\u2019installe dans un parc. Gorg, les yeux \u00e9carquill\u00e9s et curieux, d\u00e9couvre les usages \u00e9tranges des humains<\/em>\u00ab\u00a0<\/p>\n\n\n\n<div style=\"height:11px\" aria-hidden=\"true\" class=\"wp-block-spacer\"><\/div>\n\n\n\n<p class=\"has-text-align-right\">Au travers du regard de Gorg, le rapport que les Hommes \u00e9tablissent avec leur environnement est mis en perspective. Il s\u2019agit, au travers de ce projet, de questionner les liens qui unissent les \u00eatres humains au reste des \u00eatres vivants. Sur les traces d\u2019auteurs tel qu\u2019Italo Calvino (Palomar), Jacques Lacarri\u00e8re (Le Pays sous l\u2019\u00e9corce) et Vinciane Despret (Habiter en oiseau) nous interrogeons\u00a0nos liens d\u2019appartenance et la fa\u00e7on dont nous dialoguons avec le r\u00e8gne animal et v\u00e9g\u00e9tal.<\/p>\n\n\n\n<div style=\"height:20px\" aria-hidden=\"true\" class=\"wp-block-spacer\"><\/div>\n\n\n\n<p>Mise en sc\u00e8ne &amp; Ecriture :<strong> Loris LIBERALE<\/strong><\/p>\n\n\n\n<p>Com\u00e9diennes : <strong>Caroline DONNELLY, Amandine VANDENHEEDE <\/strong>&amp; <strong>Justine VERSCHUERE-BUCH<\/strong><\/p>\n\n\n\n<p>Sc\u00e9nographie : <strong>Sandrine CLARK<\/strong><\/p>\n\n\n\n<p>Cr\u00e9ation lumi\u00e8re : <strong>Xavier LAUWERS<\/strong><\/p>\n\n\n\n<p>Design sonore : <strong>Fabien MOUTON<\/strong><\/p>\n\n\n\n<p>Costumes : <strong>Carine DUARTE<\/strong><\/p>\n\n\n\n<div style=\"height:30px\" aria-hidden=\"true\" class=\"wp-block-spacer\"><\/div>\n\n\n\n<p class=\"has-text-align-right\"><a href=\"https:\/\/liberaleloris.wixsite.com\/spectacle\">https:\/\/liberaleloris.wixsite.com\/spectacle<\/a><\/p>\n","protected":false},"excerpt":{"rendered":"<p>Spectacle pour tous \u00e0 partir de 7 ans Cr\u00e9ation par la Compagnie Sequenza en ao\u00fbt 2022 \u00ab\u00a0Gorg est un jeune ours. L\u2019eau de la rivi\u00e8re vient \u00e0 manquer. Il quitte les montagnes et entreprend un long voyage. Arriv\u00e9 en ville, il s\u2019installe dans un parc. Gorg, les yeux \u00e9carquill\u00e9s et curieux, d\u00e9couvre les usages \u00e9tranges [&hellip;]<\/p>\n","protected":false},"author":1,"featured_media":0,"parent":0,"menu_order":0,"comment_status":"closed","ping_status":"closed","template":"","meta":{"_coblocks_attr":"","_coblocks_dimensions":"","_coblocks_responsive_height":"","_coblocks_accordion_ie_support":"","spay_email":""},"_links":{"self":[{"href":"https:\/\/sandrineclark.be\/index.php\/wp-json\/wp\/v2\/pages\/400"}],"collection":[{"href":"https:\/\/sandrineclark.be\/index.php\/wp-json\/wp\/v2\/pages"}],"about":[{"href":"https:\/\/sandrineclark.be\/index.php\/wp-json\/wp\/v2\/types\/page"}],"author":[{"embeddable":true,"href":"https:\/\/sandrineclark.be\/index.php\/wp-json\/wp\/v2\/users\/1"}],"replies":[{"embeddable":true,"href":"https:\/\/sandrineclark.be\/index.php\/wp-json\/wp\/v2\/comments?post=400"}],"version-history":[{"count":1,"href":"https:\/\/sandrineclark.be\/index.php\/wp-json\/wp\/v2\/pages\/400\/revisions"}],"predecessor-version":[{"id":416,"href":"https:\/\/sandrineclark.be\/index.php\/wp-json\/wp\/v2\/pages\/400\/revisions\/416"}],"wp:attachment":[{"href":"https:\/\/sandrineclark.be\/index.php\/wp-json\/wp\/v2\/media?parent=400"}],"curies":[{"name":"wp","href":"https:\/\/api.w.org\/{rel}","templated":true}]}}