{"id":432,"date":"2022-09-17T21:54:30","date_gmt":"2022-09-17T19:54:30","guid":{"rendered":"http:\/\/sandrineclark.be\/?page_id=432"},"modified":"2022-09-17T21:54:50","modified_gmt":"2022-09-17T19:54:50","slug":"monsieur-phone-et-les-sardines","status":"publish","type":"page","link":"https:\/\/sandrineclark.be\/index.php\/monsieur-phone-et-les-sardines\/","title":{"rendered":"Monsieur Ph\u00f4ne et les Sardines"},"content":{"rendered":"\n<p class=\"has-text-align-center\">Spectacle pour tous \u00e0 partir de 7 ans<\/p>\n\n\n\n<div style=\"height:10px\" aria-hidden=\"true\" class=\"wp-block-spacer\"><\/div>\n\n\n\n<figure class=\"wp-block-image size-large is-style-rounded\"><img loading=\"lazy\" width=\"1024\" height=\"683\" src=\"http:\/\/sandrineclark.be\/wp-content\/uploads\/2022\/09\/Compagnie-La-Bete-curieuse-Monsieur-Phone-et-les-sardines-1-1024x683.jpg\" alt=\"\" class=\"wp-image-433\" srcset=\"https:\/\/sandrineclark.be\/wp-content\/uploads\/2022\/09\/Compagnie-La-Bete-curieuse-Monsieur-Phone-et-les-sardines-1-1024x683.jpg 1024w, https:\/\/sandrineclark.be\/wp-content\/uploads\/2022\/09\/Compagnie-La-Bete-curieuse-Monsieur-Phone-et-les-sardines-1-300x200.jpg 300w, https:\/\/sandrineclark.be\/wp-content\/uploads\/2022\/09\/Compagnie-La-Bete-curieuse-Monsieur-Phone-et-les-sardines-1-768x512.jpg 768w, https:\/\/sandrineclark.be\/wp-content\/uploads\/2022\/09\/Compagnie-La-Bete-curieuse-Monsieur-Phone-et-les-sardines-1-1536x1024.jpg 1536w, https:\/\/sandrineclark.be\/wp-content\/uploads\/2022\/09\/Compagnie-La-Bete-curieuse-Monsieur-Phone-et-les-sardines-1-2048x1365.jpg 2048w, https:\/\/sandrineclark.be\/wp-content\/uploads\/2022\/09\/Compagnie-La-Bete-curieuse-Monsieur-Phone-et-les-sardines-1-1200x800.jpg 1200w, https:\/\/sandrineclark.be\/wp-content\/uploads\/2022\/09\/Compagnie-La-Bete-curieuse-Monsieur-Phone-et-les-sardines-1-1980x1320.jpg 1980w\" sizes=\"(max-width: 1024px) 100vw, 1024px\" \/><\/figure>\n\n\n\n<div style=\"height:20px\" aria-hidden=\"true\" class=\"wp-block-spacer\"><\/div>\n\n\n\n<figure class=\"wp-block-gallery columns-3 is-cropped\"><ul class=\"blocks-gallery-grid\"><li class=\"blocks-gallery-item\"><figure><img loading=\"lazy\" width=\"1024\" height=\"735\" src=\"http:\/\/sandrineclark.be\/wp-content\/uploads\/2022\/09\/Compagnie-La-Bete-curieuse-Monsieur-Phone-et-les-sardines-4-1024x735.jpg\" alt=\"\" data-id=\"434\" data-link=\"http:\/\/sandrineclark.be\/?attachment_id=434\" class=\"wp-image-434\" srcset=\"https:\/\/sandrineclark.be\/wp-content\/uploads\/2022\/09\/Compagnie-La-Bete-curieuse-Monsieur-Phone-et-les-sardines-4-1024x735.jpg 1024w, https:\/\/sandrineclark.be\/wp-content\/uploads\/2022\/09\/Compagnie-La-Bete-curieuse-Monsieur-Phone-et-les-sardines-4-300x215.jpg 300w, https:\/\/sandrineclark.be\/wp-content\/uploads\/2022\/09\/Compagnie-La-Bete-curieuse-Monsieur-Phone-et-les-sardines-4-768x551.jpg 768w, https:\/\/sandrineclark.be\/wp-content\/uploads\/2022\/09\/Compagnie-La-Bete-curieuse-Monsieur-Phone-et-les-sardines-4-1536x1103.jpg 1536w, https:\/\/sandrineclark.be\/wp-content\/uploads\/2022\/09\/Compagnie-La-Bete-curieuse-Monsieur-Phone-et-les-sardines-4-2048x1471.jpg 2048w, https:\/\/sandrineclark.be\/wp-content\/uploads\/2022\/09\/Compagnie-La-Bete-curieuse-Monsieur-Phone-et-les-sardines-4-1200x862.jpg 1200w, https:\/\/sandrineclark.be\/wp-content\/uploads\/2022\/09\/Compagnie-La-Bete-curieuse-Monsieur-Phone-et-les-sardines-4-1980x1422.jpg 1980w\" sizes=\"(max-width: 1024px) 100vw, 1024px\" \/><\/figure><\/li><li class=\"blocks-gallery-item\"><figure><img loading=\"lazy\" width=\"1024\" height=\"773\" src=\"http:\/\/sandrineclark.be\/wp-content\/uploads\/2022\/09\/Compagnie-La-Bete-curieuse-Monsieur-Phone-et-les-sardines-6-1024x773.jpg\" alt=\"\" data-id=\"436\" data-link=\"http:\/\/sandrineclark.be\/?attachment_id=436\" class=\"wp-image-436\" srcset=\"https:\/\/sandrineclark.be\/wp-content\/uploads\/2022\/09\/Compagnie-La-Bete-curieuse-Monsieur-Phone-et-les-sardines-6-1024x773.jpg 1024w, https:\/\/sandrineclark.be\/wp-content\/uploads\/2022\/09\/Compagnie-La-Bete-curieuse-Monsieur-Phone-et-les-sardines-6-300x226.jpg 300w, https:\/\/sandrineclark.be\/wp-content\/uploads\/2022\/09\/Compagnie-La-Bete-curieuse-Monsieur-Phone-et-les-sardines-6-768x579.jpg 768w, https:\/\/sandrineclark.be\/wp-content\/uploads\/2022\/09\/Compagnie-La-Bete-curieuse-Monsieur-Phone-et-les-sardines-6-1536x1159.jpg 1536w, https:\/\/sandrineclark.be\/wp-content\/uploads\/2022\/09\/Compagnie-La-Bete-curieuse-Monsieur-Phone-et-les-sardines-6-2048x1545.jpg 2048w, https:\/\/sandrineclark.be\/wp-content\/uploads\/2022\/09\/Compagnie-La-Bete-curieuse-Monsieur-Phone-et-les-sardines-6-1200x905.jpg 1200w, https:\/\/sandrineclark.be\/wp-content\/uploads\/2022\/09\/Compagnie-La-Bete-curieuse-Monsieur-Phone-et-les-sardines-6-1980x1494.jpg 1980w\" sizes=\"(max-width: 1024px) 100vw, 1024px\" \/><\/figure><\/li><li class=\"blocks-gallery-item\"><figure><img loading=\"lazy\" width=\"1024\" height=\"683\" src=\"http:\/\/sandrineclark.be\/wp-content\/uploads\/2022\/09\/Compagnie-La-Bete-curieuse-Monsieur-Phone-et-les-sardines-2-1024x683.jpg\" alt=\"\" data-id=\"443\" data-link=\"http:\/\/sandrineclark.be\/?attachment_id=443\" class=\"wp-image-443\" srcset=\"https:\/\/sandrineclark.be\/wp-content\/uploads\/2022\/09\/Compagnie-La-Bete-curieuse-Monsieur-Phone-et-les-sardines-2-1024x683.jpg 1024w, https:\/\/sandrineclark.be\/wp-content\/uploads\/2022\/09\/Compagnie-La-Bete-curieuse-Monsieur-Phone-et-les-sardines-2-300x200.jpg 300w, https:\/\/sandrineclark.be\/wp-content\/uploads\/2022\/09\/Compagnie-La-Bete-curieuse-Monsieur-Phone-et-les-sardines-2-768x512.jpg 768w, https:\/\/sandrineclark.be\/wp-content\/uploads\/2022\/09\/Compagnie-La-Bete-curieuse-Monsieur-Phone-et-les-sardines-2-1536x1024.jpg 1536w, https:\/\/sandrineclark.be\/wp-content\/uploads\/2022\/09\/Compagnie-La-Bete-curieuse-Monsieur-Phone-et-les-sardines-2-2048x1365.jpg 2048w, https:\/\/sandrineclark.be\/wp-content\/uploads\/2022\/09\/Compagnie-La-Bete-curieuse-Monsieur-Phone-et-les-sardines-2-1200x800.jpg 1200w, https:\/\/sandrineclark.be\/wp-content\/uploads\/2022\/09\/Compagnie-La-Bete-curieuse-Monsieur-Phone-et-les-sardines-2-1980x1320.jpg 1980w\" sizes=\"(max-width: 1024px) 100vw, 1024px\" \/><\/figure><\/li><li class=\"blocks-gallery-item\"><figure><img loading=\"lazy\" width=\"1024\" height=\"683\" src=\"http:\/\/sandrineclark.be\/wp-content\/uploads\/2022\/09\/Compagnie-La-Bete-curieuse-Monsieur-Phone-et-les-sardines-12-1-1024x683.jpg\" alt=\"\" data-id=\"440\" data-link=\"http:\/\/sandrineclark.be\/?attachment_id=440\" class=\"wp-image-440\" srcset=\"https:\/\/sandrineclark.be\/wp-content\/uploads\/2022\/09\/Compagnie-La-Bete-curieuse-Monsieur-Phone-et-les-sardines-12-1-1024x683.jpg 1024w, https:\/\/sandrineclark.be\/wp-content\/uploads\/2022\/09\/Compagnie-La-Bete-curieuse-Monsieur-Phone-et-les-sardines-12-1-300x200.jpg 300w, https:\/\/sandrineclark.be\/wp-content\/uploads\/2022\/09\/Compagnie-La-Bete-curieuse-Monsieur-Phone-et-les-sardines-12-1-768x512.jpg 768w, https:\/\/sandrineclark.be\/wp-content\/uploads\/2022\/09\/Compagnie-La-Bete-curieuse-Monsieur-Phone-et-les-sardines-12-1-1536x1024.jpg 1536w, https:\/\/sandrineclark.be\/wp-content\/uploads\/2022\/09\/Compagnie-La-Bete-curieuse-Monsieur-Phone-et-les-sardines-12-1-2048x1365.jpg 2048w, https:\/\/sandrineclark.be\/wp-content\/uploads\/2022\/09\/Compagnie-La-Bete-curieuse-Monsieur-Phone-et-les-sardines-12-1-1200x800.jpg 1200w, https:\/\/sandrineclark.be\/wp-content\/uploads\/2022\/09\/Compagnie-La-Bete-curieuse-Monsieur-Phone-et-les-sardines-12-1-1980x1320.jpg 1980w\" sizes=\"(max-width: 1024px) 100vw, 1024px\" \/><\/figure><\/li><li class=\"blocks-gallery-item\"><figure><img loading=\"lazy\" width=\"1024\" height=\"640\" src=\"http:\/\/sandrineclark.be\/wp-content\/uploads\/2022\/09\/Compagnie-La-Bete-curieuse-Monsieur-Phone-et-les-sardines-5-1-1024x640.jpg\" alt=\"\" data-id=\"444\" data-link=\"http:\/\/sandrineclark.be\/?attachment_id=444\" class=\"wp-image-444\" srcset=\"https:\/\/sandrineclark.be\/wp-content\/uploads\/2022\/09\/Compagnie-La-Bete-curieuse-Monsieur-Phone-et-les-sardines-5-1-1024x640.jpg 1024w, https:\/\/sandrineclark.be\/wp-content\/uploads\/2022\/09\/Compagnie-La-Bete-curieuse-Monsieur-Phone-et-les-sardines-5-1-300x188.jpg 300w, https:\/\/sandrineclark.be\/wp-content\/uploads\/2022\/09\/Compagnie-La-Bete-curieuse-Monsieur-Phone-et-les-sardines-5-1-768x480.jpg 768w, https:\/\/sandrineclark.be\/wp-content\/uploads\/2022\/09\/Compagnie-La-Bete-curieuse-Monsieur-Phone-et-les-sardines-5-1-1536x961.jpg 1536w, https:\/\/sandrineclark.be\/wp-content\/uploads\/2022\/09\/Compagnie-La-Bete-curieuse-Monsieur-Phone-et-les-sardines-5-1-2048x1281.jpg 2048w, https:\/\/sandrineclark.be\/wp-content\/uploads\/2022\/09\/Compagnie-La-Bete-curieuse-Monsieur-Phone-et-les-sardines-5-1-1200x751.jpg 1200w, https:\/\/sandrineclark.be\/wp-content\/uploads\/2022\/09\/Compagnie-La-Bete-curieuse-Monsieur-Phone-et-les-sardines-5-1-1980x1238.jpg 1980w\" sizes=\"(max-width: 1024px) 100vw, 1024px\" \/><\/figure><\/li><li class=\"blocks-gallery-item\"><figure><img loading=\"lazy\" width=\"1024\" height=\"673\" src=\"http:\/\/sandrineclark.be\/wp-content\/uploads\/2022\/09\/Compagnie-La-Bete-curieuse-Monsieur-Phone-et-les-sardines-11-1024x673.jpg\" alt=\"\" data-id=\"445\" data-full-url=\"http:\/\/sandrineclark.be\/wp-content\/uploads\/2022\/09\/Compagnie-La-Bete-curieuse-Monsieur-Phone-et-les-sardines-11-scaled.jpg\" data-link=\"http:\/\/sandrineclark.be\/?attachment_id=445\" class=\"wp-image-445\" srcset=\"https:\/\/sandrineclark.be\/wp-content\/uploads\/2022\/09\/Compagnie-La-Bete-curieuse-Monsieur-Phone-et-les-sardines-11-1024x673.jpg 1024w, https:\/\/sandrineclark.be\/wp-content\/uploads\/2022\/09\/Compagnie-La-Bete-curieuse-Monsieur-Phone-et-les-sardines-11-300x197.jpg 300w, https:\/\/sandrineclark.be\/wp-content\/uploads\/2022\/09\/Compagnie-La-Bete-curieuse-Monsieur-Phone-et-les-sardines-11-768x504.jpg 768w, https:\/\/sandrineclark.be\/wp-content\/uploads\/2022\/09\/Compagnie-La-Bete-curieuse-Monsieur-Phone-et-les-sardines-11-1536x1009.jpg 1536w, https:\/\/sandrineclark.be\/wp-content\/uploads\/2022\/09\/Compagnie-La-Bete-curieuse-Monsieur-Phone-et-les-sardines-11-2048x1345.jpg 2048w, https:\/\/sandrineclark.be\/wp-content\/uploads\/2022\/09\/Compagnie-La-Bete-curieuse-Monsieur-Phone-et-les-sardines-11-1200x788.jpg 1200w, https:\/\/sandrineclark.be\/wp-content\/uploads\/2022\/09\/Compagnie-La-Bete-curieuse-Monsieur-Phone-et-les-sardines-11-1980x1300.jpg 1980w\" sizes=\"(max-width: 1024px) 100vw, 1024px\" \/><\/figure><\/li><li class=\"blocks-gallery-item\"><figure><img loading=\"lazy\" width=\"1024\" height=\"683\" src=\"http:\/\/sandrineclark.be\/wp-content\/uploads\/2022\/09\/Compagnie-La-Bete-curieuse-Monsieur-Phone-et-les-sardines-18-1024x683.jpg\" alt=\"\" data-id=\"441\" data-link=\"http:\/\/sandrineclark.be\/?attachment_id=441\" class=\"wp-image-441\" srcset=\"https:\/\/sandrineclark.be\/wp-content\/uploads\/2022\/09\/Compagnie-La-Bete-curieuse-Monsieur-Phone-et-les-sardines-18-1024x683.jpg 1024w, https:\/\/sandrineclark.be\/wp-content\/uploads\/2022\/09\/Compagnie-La-Bete-curieuse-Monsieur-Phone-et-les-sardines-18-300x200.jpg 300w, https:\/\/sandrineclark.be\/wp-content\/uploads\/2022\/09\/Compagnie-La-Bete-curieuse-Monsieur-Phone-et-les-sardines-18-768x512.jpg 768w, https:\/\/sandrineclark.be\/wp-content\/uploads\/2022\/09\/Compagnie-La-Bete-curieuse-Monsieur-Phone-et-les-sardines-18-1536x1024.jpg 1536w, https:\/\/sandrineclark.be\/wp-content\/uploads\/2022\/09\/Compagnie-La-Bete-curieuse-Monsieur-Phone-et-les-sardines-18-2048x1365.jpg 2048w, https:\/\/sandrineclark.be\/wp-content\/uploads\/2022\/09\/Compagnie-La-Bete-curieuse-Monsieur-Phone-et-les-sardines-18-1200x800.jpg 1200w, https:\/\/sandrineclark.be\/wp-content\/uploads\/2022\/09\/Compagnie-La-Bete-curieuse-Monsieur-Phone-et-les-sardines-18-1980x1320.jpg 1980w\" sizes=\"(max-width: 1024px) 100vw, 1024px\" \/><\/figure><\/li><li class=\"blocks-gallery-item\"><figure><img loading=\"lazy\" width=\"1024\" height=\"788\" src=\"http:\/\/sandrineclark.be\/wp-content\/uploads\/2022\/09\/Compagnie-La-Bete-curieuse-Monsieur-Phone-et-les-sardines-19-1024x788.jpg\" alt=\"\" data-id=\"442\" data-link=\"http:\/\/sandrineclark.be\/?attachment_id=442\" class=\"wp-image-442\" srcset=\"https:\/\/sandrineclark.be\/wp-content\/uploads\/2022\/09\/Compagnie-La-Bete-curieuse-Monsieur-Phone-et-les-sardines-19-1024x788.jpg 1024w, https:\/\/sandrineclark.be\/wp-content\/uploads\/2022\/09\/Compagnie-La-Bete-curieuse-Monsieur-Phone-et-les-sardines-19-300x231.jpg 300w, https:\/\/sandrineclark.be\/wp-content\/uploads\/2022\/09\/Compagnie-La-Bete-curieuse-Monsieur-Phone-et-les-sardines-19-768x591.jpg 768w, https:\/\/sandrineclark.be\/wp-content\/uploads\/2022\/09\/Compagnie-La-Bete-curieuse-Monsieur-Phone-et-les-sardines-19-1536x1181.jpg 1536w, https:\/\/sandrineclark.be\/wp-content\/uploads\/2022\/09\/Compagnie-La-Bete-curieuse-Monsieur-Phone-et-les-sardines-19-2048x1575.jpg 2048w, https:\/\/sandrineclark.be\/wp-content\/uploads\/2022\/09\/Compagnie-La-Bete-curieuse-Monsieur-Phone-et-les-sardines-19-1200x923.jpg 1200w, https:\/\/sandrineclark.be\/wp-content\/uploads\/2022\/09\/Compagnie-La-Bete-curieuse-Monsieur-Phone-et-les-sardines-19-1980x1523.jpg 1980w\" sizes=\"(max-width: 1024px) 100vw, 1024px\" \/><\/figure><\/li><\/ul><\/figure>\n\n\n\n<div style=\"height:10px\" aria-hidden=\"true\" class=\"wp-block-spacer\"><\/div>\n\n\n\n<p class=\"has-text-align-center has-text-color has-large-font-size\" style=\"color:#015072\"><strong>Cr\u00e9ation par la Compagnie la b\u00eate curieuse <\/strong><\/p>\n\n\n\n<p class=\"has-text-align-center has-text-color has-large-font-size\" style=\"color:#025375\"><strong>en ao\u00fbt 2022<\/strong><\/p>\n\n\n\n<p>\u00ab\u00a0<em>C\u2019est l\u2019histoire d\u2019un homme qui ne fait rien comme il faut. Monsieur Ph\u00f4ne. Ce n&rsquo;est pas sa faute. Il essaie mais il n&rsquo;y arrive pas. Tout seul dans sa maison au fond de la for\u00eat, Monsieur Ph\u00f4ne dort quand il veut, marche o\u00f9 il veut, ramasse ce qu&rsquo;il veut. Mais il ramasse tellement d&rsquo;objets qu&rsquo;un jour sa maison explose. Il doit partir vivre chez sa soeur Catherine. Une vraie maniaque. Elle non plus, ce n&rsquo;est pas sa faute. Et Monsieur Ph\u00f4ne essaie bien, promis &#8211; jur\u00e9, de ne rien d\u00e9ranger. Mais est-ce vraiment sa faute si un jour cinq sardines \u00e0 l&rsquo;huile en bo\u00eete, bien d\u00e9cid\u00e9es \u00e0 faire la r\u00e9volution, d\u00e9barquent dans la cuisine?<\/em>\u00ab\u00a0<\/p>\n\n\n\n<div style=\"height:10px\" aria-hidden=\"true\" class=\"wp-block-spacer\"><\/div>\n\n\n\n<p>Texte : <strong>C\u00e9line LEFEBVRE<\/strong><\/p>\n\n\n\n<p>Mise en sc\u00e8ne : <strong>V\u00e9ronique DUMONT et Sarah LEFEVRE<\/strong><\/p>\n\n\n\n<p>Distribution : <strong>V\u00e9ronique DUMONT, Anne ROMAIN, Martin THOMAS<\/strong><\/p>\n\n\n\n<p>Sc\u00e9nographie : <strong>Sandrine CLARK<\/strong><\/p>\n\n\n\n<p>Cr\u00e9ation lumi\u00e8res : <strong>Jacques VERHAEGEN<\/strong><\/p>\n\n\n\n<div style=\"height:20px\" aria-hidden=\"true\" class=\"wp-block-spacer\"><\/div>\n\n\n\n<p class=\"has-text-align-right\"><a href=\"https:\/\/www.ideesfixes.be\/phone\">https:\/\/www.ideesfixes.be\/phone<\/a><\/p>\n","protected":false},"excerpt":{"rendered":"<p>Spectacle pour tous \u00e0 partir de 7 ans Cr\u00e9ation par la Compagnie la b\u00eate curieuse en ao\u00fbt 2022 \u00ab\u00a0C\u2019est l\u2019histoire d\u2019un homme qui ne fait rien comme il faut. Monsieur Ph\u00f4ne. Ce n&rsquo;est pas sa faute. Il essaie mais il n&rsquo;y arrive pas. Tout seul dans sa maison au fond de la for\u00eat, Monsieur Ph\u00f4ne [&hellip;]<\/p>\n","protected":false},"author":1,"featured_media":0,"parent":0,"menu_order":0,"comment_status":"closed","ping_status":"closed","template":"","meta":{"_coblocks_attr":"","_coblocks_dimensions":"","_coblocks_responsive_height":"","_coblocks_accordion_ie_support":"","spay_email":""},"_links":{"self":[{"href":"https:\/\/sandrineclark.be\/index.php\/wp-json\/wp\/v2\/pages\/432"}],"collection":[{"href":"https:\/\/sandrineclark.be\/index.php\/wp-json\/wp\/v2\/pages"}],"about":[{"href":"https:\/\/sandrineclark.be\/index.php\/wp-json\/wp\/v2\/types\/page"}],"author":[{"embeddable":true,"href":"https:\/\/sandrineclark.be\/index.php\/wp-json\/wp\/v2\/users\/1"}],"replies":[{"embeddable":true,"href":"https:\/\/sandrineclark.be\/index.php\/wp-json\/wp\/v2\/comments?post=432"}],"version-history":[{"count":2,"href":"https:\/\/sandrineclark.be\/index.php\/wp-json\/wp\/v2\/pages\/432\/revisions"}],"predecessor-version":[{"id":447,"href":"https:\/\/sandrineclark.be\/index.php\/wp-json\/wp\/v2\/pages\/432\/revisions\/447"}],"wp:attachment":[{"href":"https:\/\/sandrineclark.be\/index.php\/wp-json\/wp\/v2\/media?parent=432"}],"curies":[{"name":"wp","href":"https:\/\/api.w.org\/{rel}","templated":true}]}}