{"id":467,"date":"2023-09-29T20:07:06","date_gmt":"2023-09-29T18:07:06","guid":{"rendered":"http:\/\/sandrineclark.be\/?page_id=467"},"modified":"2023-09-29T20:07:06","modified_gmt":"2023-09-29T18:07:06","slug":"cosquillas","status":"publish","type":"page","link":"https:\/\/sandrineclark.be\/index.php\/cosquillas\/","title":{"rendered":"Cosquillas"},"content":{"rendered":"\n<p class=\"has-text-align-center\">Spectacle pour tout public \u00e0 partir de 3 ans<\/p>\n\n\n\n<p><\/p>\n\n\n\n<figure class=\"wp-block-image size-large is-style-rounded\"><img loading=\"lazy\" width=\"1024\" height=\"674\" src=\"http:\/\/sandrineclark.be\/wp-content\/uploads\/2023\/09\/MG_6113-ConvertImage-1-1024x674.jpg\" alt=\"\" class=\"wp-image-479\" srcset=\"https:\/\/sandrineclark.be\/wp-content\/uploads\/2023\/09\/MG_6113-ConvertImage-1-1024x674.jpg 1024w, https:\/\/sandrineclark.be\/wp-content\/uploads\/2023\/09\/MG_6113-ConvertImage-1-300x198.jpg 300w, https:\/\/sandrineclark.be\/wp-content\/uploads\/2023\/09\/MG_6113-ConvertImage-1-768x506.jpg 768w, https:\/\/sandrineclark.be\/wp-content\/uploads\/2023\/09\/MG_6113-ConvertImage-1-1536x1011.jpg 1536w, https:\/\/sandrineclark.be\/wp-content\/uploads\/2023\/09\/MG_6113-ConvertImage-1-2048x1349.jpg 2048w, https:\/\/sandrineclark.be\/wp-content\/uploads\/2023\/09\/MG_6113-ConvertImage-1-1200x790.jpg 1200w, https:\/\/sandrineclark.be\/wp-content\/uploads\/2023\/09\/MG_6113-ConvertImage-1-1980x1304.jpg 1980w\" sizes=\"(max-width: 1024px) 100vw, 1024px\" \/><\/figure>\n\n\n\n<p><\/p>\n\n\n\n<div class=\"wp-block-coblocks-gallery-masonry alignwide\"><div class=\"coblocks-gallery has-caption-style-dark has-gutter\"><ul class=\"has-grid-med has-gutter-15 has-gutter-mobile-40\"><li class=\"coblocks-gallery--item\"><figure class=\"coblocks-gallery--figure\"><img loading=\"lazy\" width=\"1024\" height=\"1024\" src=\"http:\/\/sandrineclark.be\/wp-content\/uploads\/2023\/09\/MG_6073-ConvertImage1-1024x1024.jpg\" alt=\"\" data-id=\"477\" data-link=\"http:\/\/sandrineclark.be\/?attachment_id=477\" class=\"wp-image-477\" srcset=\"https:\/\/sandrineclark.be\/wp-content\/uploads\/2023\/09\/MG_6073-ConvertImage1-1024x1024.jpg 1024w, https:\/\/sandrineclark.be\/wp-content\/uploads\/2023\/09\/MG_6073-ConvertImage1-300x300.jpg 300w, https:\/\/sandrineclark.be\/wp-content\/uploads\/2023\/09\/MG_6073-ConvertImage1-150x150.jpg 150w, https:\/\/sandrineclark.be\/wp-content\/uploads\/2023\/09\/MG_6073-ConvertImage1-768x768.jpg 768w, https:\/\/sandrineclark.be\/wp-content\/uploads\/2023\/09\/MG_6073-ConvertImage1-1536x1536.jpg 1536w, https:\/\/sandrineclark.be\/wp-content\/uploads\/2023\/09\/MG_6073-ConvertImage1-2048x2048.jpg 2048w, https:\/\/sandrineclark.be\/wp-content\/uploads\/2023\/09\/MG_6073-ConvertImage1-1200x1200.jpg 1200w, https:\/\/sandrineclark.be\/wp-content\/uploads\/2023\/09\/MG_6073-ConvertImage1-1980x1980.jpg 1980w\" sizes=\"(max-width: 1024px) 100vw, 1024px\" \/><\/figure><\/li><li class=\"coblocks-gallery--item\"><figure class=\"coblocks-gallery--figure\"><img loading=\"lazy\" width=\"738\" height=\"1024\" src=\"http:\/\/sandrineclark.be\/wp-content\/uploads\/2023\/09\/MG_6189-ConvertImage-738x1024.jpg\" alt=\"\" data-id=\"470\" data-imglink=\"\" data-link=\"http:\/\/sandrineclark.be\/?attachment_id=470\" class=\"wp-image-470\" srcset=\"https:\/\/sandrineclark.be\/wp-content\/uploads\/2023\/09\/MG_6189-ConvertImage-738x1024.jpg 738w, https:\/\/sandrineclark.be\/wp-content\/uploads\/2023\/09\/MG_6189-ConvertImage-216x300.jpg 216w, https:\/\/sandrineclark.be\/wp-content\/uploads\/2023\/09\/MG_6189-ConvertImage-768x1066.jpg 768w, https:\/\/sandrineclark.be\/wp-content\/uploads\/2023\/09\/MG_6189-ConvertImage-1107x1536.jpg 1107w, https:\/\/sandrineclark.be\/wp-content\/uploads\/2023\/09\/MG_6189-ConvertImage-1476x2048.jpg 1476w, https:\/\/sandrineclark.be\/wp-content\/uploads\/2023\/09\/MG_6189-ConvertImage-1200x1665.jpg 1200w, https:\/\/sandrineclark.be\/wp-content\/uploads\/2023\/09\/MG_6189-ConvertImage-1980x2748.jpg 1980w, https:\/\/sandrineclark.be\/wp-content\/uploads\/2023\/09\/MG_6189-ConvertImage-scaled.jpg 1845w\" sizes=\"(max-width: 738px) 100vw, 738px\" \/><\/figure><\/li><li class=\"coblocks-gallery--item\"><figure class=\"coblocks-gallery--figure\"><img loading=\"lazy\" width=\"1024\" height=\"683\" src=\"http:\/\/sandrineclark.be\/wp-content\/uploads\/2023\/09\/MG_6164-ConvertImage-1024x683.jpg\" alt=\"\" data-id=\"471\" data-imglink=\"\" data-link=\"http:\/\/sandrineclark.be\/?attachment_id=471\" class=\"wp-image-471\" srcset=\"https:\/\/sandrineclark.be\/wp-content\/uploads\/2023\/09\/MG_6164-ConvertImage-1024x683.jpg 1024w, https:\/\/sandrineclark.be\/wp-content\/uploads\/2023\/09\/MG_6164-ConvertImage-300x200.jpg 300w, https:\/\/sandrineclark.be\/wp-content\/uploads\/2023\/09\/MG_6164-ConvertImage-768x512.jpg 768w, https:\/\/sandrineclark.be\/wp-content\/uploads\/2023\/09\/MG_6164-ConvertImage-1536x1024.jpg 1536w, https:\/\/sandrineclark.be\/wp-content\/uploads\/2023\/09\/MG_6164-ConvertImage-2048x1365.jpg 2048w, https:\/\/sandrineclark.be\/wp-content\/uploads\/2023\/09\/MG_6164-ConvertImage-1200x800.jpg 1200w, https:\/\/sandrineclark.be\/wp-content\/uploads\/2023\/09\/MG_6164-ConvertImage-1980x1320.jpg 1980w\" sizes=\"(max-width: 1024px) 100vw, 1024px\" \/><\/figure><\/li><li class=\"coblocks-gallery--item\"><figure class=\"coblocks-gallery--figure\"><img loading=\"lazy\" width=\"1024\" height=\"683\" src=\"http:\/\/sandrineclark.be\/wp-content\/uploads\/2023\/09\/MG_6155-ConvertImage-1024x683.jpg\" alt=\"\" data-id=\"472\" data-link=\"http:\/\/sandrineclark.be\/?attachment_id=472\" class=\"wp-image-472\" srcset=\"https:\/\/sandrineclark.be\/wp-content\/uploads\/2023\/09\/MG_6155-ConvertImage-1024x683.jpg 1024w, https:\/\/sandrineclark.be\/wp-content\/uploads\/2023\/09\/MG_6155-ConvertImage-300x200.jpg 300w, https:\/\/sandrineclark.be\/wp-content\/uploads\/2023\/09\/MG_6155-ConvertImage-768x512.jpg 768w, https:\/\/sandrineclark.be\/wp-content\/uploads\/2023\/09\/MG_6155-ConvertImage-1536x1024.jpg 1536w, https:\/\/sandrineclark.be\/wp-content\/uploads\/2023\/09\/MG_6155-ConvertImage-2048x1365.jpg 2048w, https:\/\/sandrineclark.be\/wp-content\/uploads\/2023\/09\/MG_6155-ConvertImage-1200x800.jpg 1200w, https:\/\/sandrineclark.be\/wp-content\/uploads\/2023\/09\/MG_6155-ConvertImage-1980x1320.jpg 1980w\" sizes=\"(max-width: 1024px) 100vw, 1024px\" \/><\/figure><\/li><li class=\"coblocks-gallery--item\"><figure class=\"coblocks-gallery--figure\"><img loading=\"lazy\" width=\"1024\" height=\"907\" src=\"http:\/\/sandrineclark.be\/wp-content\/uploads\/2023\/09\/MG_6132-ConvertImage-1024x907.jpg\" alt=\"\" data-id=\"473\" data-link=\"http:\/\/sandrineclark.be\/?attachment_id=473\" class=\"wp-image-473\" srcset=\"https:\/\/sandrineclark.be\/wp-content\/uploads\/2023\/09\/MG_6132-ConvertImage-1024x907.jpg 1024w, https:\/\/sandrineclark.be\/wp-content\/uploads\/2023\/09\/MG_6132-ConvertImage-300x266.jpg 300w, https:\/\/sandrineclark.be\/wp-content\/uploads\/2023\/09\/MG_6132-ConvertImage-768x680.jpg 768w, https:\/\/sandrineclark.be\/wp-content\/uploads\/2023\/09\/MG_6132-ConvertImage-1536x1360.jpg 1536w, https:\/\/sandrineclark.be\/wp-content\/uploads\/2023\/09\/MG_6132-ConvertImage-2048x1813.jpg 2048w, https:\/\/sandrineclark.be\/wp-content\/uploads\/2023\/09\/MG_6132-ConvertImage-1200x1062.jpg 1200w, https:\/\/sandrineclark.be\/wp-content\/uploads\/2023\/09\/MG_6132-ConvertImage-1980x1753.jpg 1980w\" sizes=\"(max-width: 1024px) 100vw, 1024px\" \/><\/figure><\/li><li class=\"coblocks-gallery--item\"><figure class=\"coblocks-gallery--figure\"><img loading=\"lazy\" width=\"1024\" height=\"1004\" src=\"http:\/\/sandrineclark.be\/wp-content\/uploads\/2023\/09\/MG_6122-ConvertImage-1-1024x1004.jpg\" alt=\"\" data-id=\"474\" data-link=\"http:\/\/sandrineclark.be\/?attachment_id=474\" class=\"wp-image-474\" srcset=\"https:\/\/sandrineclark.be\/wp-content\/uploads\/2023\/09\/MG_6122-ConvertImage-1-1024x1004.jpg 1024w, https:\/\/sandrineclark.be\/wp-content\/uploads\/2023\/09\/MG_6122-ConvertImage-1-300x294.jpg 300w, https:\/\/sandrineclark.be\/wp-content\/uploads\/2023\/09\/MG_6122-ConvertImage-1-768x753.jpg 768w, https:\/\/sandrineclark.be\/wp-content\/uploads\/2023\/09\/MG_6122-ConvertImage-1-1536x1506.jpg 1536w, https:\/\/sandrineclark.be\/wp-content\/uploads\/2023\/09\/MG_6122-ConvertImage-1-2048x2008.jpg 2048w, https:\/\/sandrineclark.be\/wp-content\/uploads\/2023\/09\/MG_6122-ConvertImage-1-1200x1177.jpg 1200w, https:\/\/sandrineclark.be\/wp-content\/uploads\/2023\/09\/MG_6122-ConvertImage-1-1980x1941.jpg 1980w\" sizes=\"(max-width: 1024px) 100vw, 1024px\" \/><\/figure><\/li><li class=\"coblocks-gallery--item\"><figure class=\"coblocks-gallery--figure\"><img loading=\"lazy\" width=\"863\" height=\"1024\" src=\"http:\/\/sandrineclark.be\/wp-content\/uploads\/2023\/09\/MG_6105-ConvertImage-863x1024.jpg\" alt=\"\" data-id=\"476\" data-link=\"http:\/\/sandrineclark.be\/?attachment_id=476\" class=\"wp-image-476\" srcset=\"https:\/\/sandrineclark.be\/wp-content\/uploads\/2023\/09\/MG_6105-ConvertImage-863x1024.jpg 863w, https:\/\/sandrineclark.be\/wp-content\/uploads\/2023\/09\/MG_6105-ConvertImage-253x300.jpg 253w, https:\/\/sandrineclark.be\/wp-content\/uploads\/2023\/09\/MG_6105-ConvertImage-768x911.jpg 768w, https:\/\/sandrineclark.be\/wp-content\/uploads\/2023\/09\/MG_6105-ConvertImage-1295x1536.jpg 1295w, https:\/\/sandrineclark.be\/wp-content\/uploads\/2023\/09\/MG_6105-ConvertImage-1727x2048.jpg 1727w, https:\/\/sandrineclark.be\/wp-content\/uploads\/2023\/09\/MG_6105-ConvertImage-1200x1423.jpg 1200w, https:\/\/sandrineclark.be\/wp-content\/uploads\/2023\/09\/MG_6105-ConvertImage-1980x2348.jpg 1980w\" sizes=\"(max-width: 863px) 100vw, 863px\" \/><\/figure><\/li><li class=\"coblocks-gallery--item\"><figure class=\"coblocks-gallery--figure\"><img loading=\"lazy\" width=\"1024\" height=\"809\" src=\"http:\/\/sandrineclark.be\/wp-content\/uploads\/2023\/09\/MG_6203-ConvertImage-1024x809.jpg\" alt=\"\" data-id=\"469\" data-imglink=\"\" data-link=\"http:\/\/sandrineclark.be\/?attachment_id=469\" class=\"wp-image-469\" srcset=\"https:\/\/sandrineclark.be\/wp-content\/uploads\/2023\/09\/MG_6203-ConvertImage-1024x809.jpg 1024w, https:\/\/sandrineclark.be\/wp-content\/uploads\/2023\/09\/MG_6203-ConvertImage-300x237.jpg 300w, https:\/\/sandrineclark.be\/wp-content\/uploads\/2023\/09\/MG_6203-ConvertImage-768x607.jpg 768w, https:\/\/sandrineclark.be\/wp-content\/uploads\/2023\/09\/MG_6203-ConvertImage-1536x1213.jpg 1536w, https:\/\/sandrineclark.be\/wp-content\/uploads\/2023\/09\/MG_6203-ConvertImage-2048x1617.jpg 2048w, https:\/\/sandrineclark.be\/wp-content\/uploads\/2023\/09\/MG_6203-ConvertImage-1200x948.jpg 1200w, https:\/\/sandrineclark.be\/wp-content\/uploads\/2023\/09\/MG_6203-ConvertImage-1980x1564.jpg 1980w\" sizes=\"(max-width: 1024px) 100vw, 1024px\" \/><\/figure><\/li><\/ul><\/div><\/div>\n\n\n\n<p><\/p>\n\n\n\n<p class=\"has-text-color\" style=\"color:#01577c\"><strong>CR\u00c9ATION par la Compagnie O Quel Dommage en 2022<\/strong><\/p>\n\n\n\n<p class=\"has-text-align-right\"><em>Cosquillas est un spectacle de th\u00e9\u00e2tre d&rsquo;objets g\u00e9ants d\u00e9di\u00e9 \u00e0 la force du corps, \u00e0 la sensualit\u00e9 ludique et au respect des limites de chacun.<\/em><\/p>\n\n\n\n<p class=\"has-text-align-right\"><em>Il \u00e9tait une fois un tube, une boule et une pyramide. Ils font la d\u00e9couverte d\u2019eux-m\u00eames et de leurs sensations. La sc\u00e8ne devient un petit monde \u00e0 part dans lequel ces trois formes font connaissance, explorant leur univers tactile, jouant pour l&rsquo;explorer et l&rsquo;explorant pour jouer.<\/em><\/p>\n\n\n\n<p class=\"has-text-align-right\"><em>Jouer ensemble s&rsquo;apprend et trouver l&rsquo;\u00e9quilibre n&rsquo;est pas toujours facile<\/em>.<br><\/p>\n\n\n\n<p class=\"has-text-align-right\"><em>A travers ce spectacle, nous explorerons ce corps qui nous \u00e9tonne d\u00e8s notre naissance et que nous tentons d&rsquo;apprivoiser et de rencontrer tout au long de notre vie. Cet instrument \u00e0 sensation qui nous permet de jouer notre partition dans la grande symphonie du monde. Cet objet de plaisir, de d\u00e9sir, de souffrance, de mouvement, de frustration, de pulsion&#8230; qui nous permet de go\u00fbter la vie par tous les sens. Ce refuge qui nous abrite et que nous habitons. Ce fid\u00e8le destrier qui nous permet de r\u00e9aliser notre voyage sur terre.<\/em><\/p>\n\n\n\n<p class=\"has-text-align-right\"><em>Nous explorons \u00e9galement le rapport au corps de l&rsquo;autre qui vient soulever tant de questions li\u00e9es \u00e0 l&rsquo;intimit\u00e9, la diff\u00e9rence, le d\u00e9sir, la tendresse et les limites. <\/em><\/p>\n\n\n\n<p>Initiatrice: <strong>Clara Lopez Casado<\/strong> <\/p>\n\n\n\n<p>De: <strong>Sandrine Clark et Clara Lopez<\/strong> <\/p>\n\n\n\n<p>Avec: <strong>Zosia Ladomirska, Tom Manaerts et Clara Lopez<\/strong> <\/p>\n\n\n\n<p>Mise en sc\u00e8ne: <strong>Julie Antoine <\/strong><\/p>\n\n\n\n<p>Accompagnement artistique: <strong>Isabelle Verlaine<\/strong> <\/p>\n\n\n\n<p>Sc\u00e9nographie: <strong>Sandrine Clark <\/strong><\/p>\n\n\n\n<p>Compositeur: <strong>Mark Dehou <\/strong><\/p>\n\n\n\n<p>Cr\u00e9ation lumi\u00e8re: <strong>Gaetan Van den Berg<\/strong> <\/p>\n\n\n\n<p>Inspiratrice, illustration et Graphisme: <strong>Laura Nicolas<\/strong><\/p>\n\n\n\n<p><\/p>\n\n\n\n<p class=\"has-text-align-right\"><a href=\"https:\/\/www.oqueldommage.be\/index.php\">https:\/\/www.oqueldommage.be\/index.php<\/a><\/p>\n","protected":false},"excerpt":{"rendered":"<p>Spectacle pour tout public \u00e0 partir de 3 ans CR\u00c9ATION par la Compagnie O Quel Dommage en 2022 Cosquillas est un spectacle de th\u00e9\u00e2tre d&rsquo;objets g\u00e9ants d\u00e9di\u00e9 \u00e0 la force du corps, \u00e0 la sensualit\u00e9 ludique et au respect des limites de chacun. Il \u00e9tait une fois un tube, une boule et une pyramide. Ils [&hellip;]<\/p>\n","protected":false},"author":1,"featured_media":0,"parent":0,"menu_order":0,"comment_status":"closed","ping_status":"closed","template":"","meta":{"_coblocks_attr":"","_coblocks_dimensions":"","_coblocks_responsive_height":"","_coblocks_accordion_ie_support":"","spay_email":""},"_links":{"self":[{"href":"https:\/\/sandrineclark.be\/index.php\/wp-json\/wp\/v2\/pages\/467"}],"collection":[{"href":"https:\/\/sandrineclark.be\/index.php\/wp-json\/wp\/v2\/pages"}],"about":[{"href":"https:\/\/sandrineclark.be\/index.php\/wp-json\/wp\/v2\/types\/page"}],"author":[{"embeddable":true,"href":"https:\/\/sandrineclark.be\/index.php\/wp-json\/wp\/v2\/users\/1"}],"replies":[{"embeddable":true,"href":"https:\/\/sandrineclark.be\/index.php\/wp-json\/wp\/v2\/comments?post=467"}],"version-history":[{"count":1,"href":"https:\/\/sandrineclark.be\/index.php\/wp-json\/wp\/v2\/pages\/467\/revisions"}],"predecessor-version":[{"id":480,"href":"https:\/\/sandrineclark.be\/index.php\/wp-json\/wp\/v2\/pages\/467\/revisions\/480"}],"wp:attachment":[{"href":"https:\/\/sandrineclark.be\/index.php\/wp-json\/wp\/v2\/media?parent=467"}],"curies":[{"name":"wp","href":"https:\/\/api.w.org\/{rel}","templated":true}]}}