{"id":526,"date":"2024-01-21T15:12:46","date_gmt":"2024-01-21T14:12:46","guid":{"rendered":"http:\/\/sandrineclark.be\/?page_id=526"},"modified":"2024-01-21T15:12:46","modified_gmt":"2024-01-21T14:12:46","slug":"guerre","status":"publish","type":"page","link":"https:\/\/sandrineclark.be\/index.php\/guerre\/","title":{"rendered":"Guerre"},"content":{"rendered":"\n<p class=\"has-text-align-center\">Spectacle pour tous \u00e0 partir de 12 ans<\/p>\n\n\n\n<p><\/p>\n\n\n\n<figure class=\"wp-block-image size-full is-style-rounded\"><img loading=\"lazy\" width=\"804\" height=\"722\" src=\"http:\/\/sandrineclark.be\/wp-content\/uploads\/2024\/01\/GUIMBARDE_Guerre-32.jpg\" alt=\"\" class=\"wp-image-527\" srcset=\"https:\/\/sandrineclark.be\/wp-content\/uploads\/2024\/01\/GUIMBARDE_Guerre-32.jpg 804w, https:\/\/sandrineclark.be\/wp-content\/uploads\/2024\/01\/GUIMBARDE_Guerre-32-300x269.jpg 300w, https:\/\/sandrineclark.be\/wp-content\/uploads\/2024\/01\/GUIMBARDE_Guerre-32-768x690.jpg 768w\" sizes=\"(max-width: 804px) 100vw, 804px\" \/><\/figure>\n\n\n\n<div class=\"wp-block-columns alignwide\">\n<div class=\"wp-block-column\" style=\"flex-basis:100%\">\n<div class=\"wp-block-group\"><div class=\"wp-block-group__inner-container\">\n<div class=\"wp-block-columns\">\n<div class=\"wp-block-column\" style=\"flex-basis:100%\">\n<div class=\"wp-block-jetpack-tiled-gallery aligncenter is-style-rectangular\"><div class=\"tiled-gallery__gallery\"><div class=\"tiled-gallery__row\"><div class=\"tiled-gallery__col\"><figure class=\"tiled-gallery__item\"><img srcset=\"https:\/\/i1.wp.com\/sandrineclark.be\/wp-content\/uploads\/2024\/01\/GUIMBARDE_Guerre-14.jpg?strip=info&#038;w=536 536w\" alt=\"\" data-height=\"536\" data-id=\"528\" data-link=\"http:\/\/sandrineclark.be\/?attachment_id=528\" data-url=\"http:\/\/sandrineclark.be\/wp-content\/uploads\/2024\/01\/GUIMBARDE_Guerre-14.jpg\" data-width=\"804\" src=\"https:\/\/i1.wp.com\/sandrineclark.be\/wp-content\/uploads\/2024\/01\/GUIMBARDE_Guerre-14.jpg\"\/><\/figure><\/div><div class=\"tiled-gallery__col\"><figure class=\"tiled-gallery__item\"><img srcset=\"https:\/\/i1.wp.com\/sandrineclark.be\/wp-content\/uploads\/2024\/01\/GUIMBARDE_Guerre-33.jpg?strip=info&#038;w=600 600w,https:\/\/i1.wp.com\/sandrineclark.be\/wp-content\/uploads\/2024\/01\/GUIMBARDE_Guerre-33.jpg?strip=info&#038;w=804 804w\" alt=\"\" data-height=\"804\" data-id=\"529\" data-link=\"http:\/\/sandrineclark.be\/?attachment_id=529\" data-url=\"http:\/\/sandrineclark.be\/wp-content\/uploads\/2024\/01\/GUIMBARDE_Guerre-33.jpg\" data-width=\"536\" src=\"https:\/\/i1.wp.com\/sandrineclark.be\/wp-content\/uploads\/2024\/01\/GUIMBARDE_Guerre-33.jpg\"\/><\/figure><\/div><\/div><div class=\"tiled-gallery__row\"><div class=\"tiled-gallery__col\"><figure class=\"tiled-gallery__item\"><img srcset=\"https:\/\/i1.wp.com\/sandrineclark.be\/wp-content\/uploads\/2024\/01\/GUIMBARDE_Guerre-36.jpg?strip=info&#038;w=417 417w\" alt=\"\" data-height=\"417\" data-id=\"530\" data-link=\"http:\/\/sandrineclark.be\/?attachment_id=530\" data-url=\"http:\/\/sandrineclark.be\/wp-content\/uploads\/2024\/01\/GUIMBARDE_Guerre-36.jpg\" data-width=\"804\" src=\"https:\/\/i1.wp.com\/sandrineclark.be\/wp-content\/uploads\/2024\/01\/GUIMBARDE_Guerre-36.jpg\"\/><\/figure><figure class=\"tiled-gallery__item\"><img srcset=\"https:\/\/i2.wp.com\/sandrineclark.be\/wp-content\/uploads\/2024\/01\/GUIMBARDE_Guerre-40.jpg?strip=info&#038;w=536 536w\" alt=\"\" data-height=\"536\" data-id=\"531\" data-link=\"http:\/\/sandrineclark.be\/?attachment_id=531\" data-url=\"http:\/\/sandrineclark.be\/wp-content\/uploads\/2024\/01\/GUIMBARDE_Guerre-40.jpg\" data-width=\"804\" src=\"https:\/\/i2.wp.com\/sandrineclark.be\/wp-content\/uploads\/2024\/01\/GUIMBARDE_Guerre-40.jpg\"\/><\/figure><\/div><div class=\"tiled-gallery__col\"><figure class=\"tiled-gallery__item\"><img srcset=\"https:\/\/i2.wp.com\/sandrineclark.be\/wp-content\/uploads\/2024\/01\/GUIMBARDE_Guerre-46.jpg?strip=info&#038;w=600 600w,https:\/\/i2.wp.com\/sandrineclark.be\/wp-content\/uploads\/2024\/01\/GUIMBARDE_Guerre-46.jpg?strip=info&#038;w=804 804w\" alt=\"\" data-height=\"804\" data-id=\"532\" data-link=\"http:\/\/sandrineclark.be\/?attachment_id=532\" data-url=\"http:\/\/sandrineclark.be\/wp-content\/uploads\/2024\/01\/GUIMBARDE_Guerre-46.jpg\" data-width=\"634\" src=\"https:\/\/i2.wp.com\/sandrineclark.be\/wp-content\/uploads\/2024\/01\/GUIMBARDE_Guerre-46.jpg\"\/><\/figure><\/div><\/div><div class=\"tiled-gallery__row\"><div class=\"tiled-gallery__col\"><figure class=\"tiled-gallery__item\"><img srcset=\"https:\/\/i0.wp.com\/sandrineclark.be\/wp-content\/uploads\/2024\/01\/GUIMBARDE_Guerre-67.jpg?strip=info&#038;w=600 600w,https:\/\/i0.wp.com\/sandrineclark.be\/wp-content\/uploads\/2024\/01\/GUIMBARDE_Guerre-67.jpg?strip=info&#038;w=804 804w\" alt=\"\" data-height=\"804\" data-id=\"533\" data-link=\"http:\/\/sandrineclark.be\/?attachment_id=533\" data-url=\"http:\/\/sandrineclark.be\/wp-content\/uploads\/2024\/01\/GUIMBARDE_Guerre-67.jpg\" data-width=\"536\" src=\"https:\/\/i0.wp.com\/sandrineclark.be\/wp-content\/uploads\/2024\/01\/GUIMBARDE_Guerre-67.jpg\"\/><\/figure><\/div><div class=\"tiled-gallery__col\"><figure class=\"tiled-gallery__item\"><img srcset=\"https:\/\/i1.wp.com\/sandrineclark.be\/wp-content\/uploads\/2024\/01\/GUIMBARDE_Guerre-70.jpg?strip=info&#038;w=483 483w\" alt=\"\" data-height=\"483\" data-id=\"534\" data-link=\"http:\/\/sandrineclark.be\/?attachment_id=534\" data-url=\"http:\/\/sandrineclark.be\/wp-content\/uploads\/2024\/01\/GUIMBARDE_Guerre-70.jpg\" data-width=\"804\" src=\"https:\/\/i1.wp.com\/sandrineclark.be\/wp-content\/uploads\/2024\/01\/GUIMBARDE_Guerre-70.jpg\"\/><\/figure><\/div><\/div><div class=\"tiled-gallery__row\"><div class=\"tiled-gallery__col\"><figure class=\"tiled-gallery__item\"><img srcset=\"https:\/\/i1.wp.com\/sandrineclark.be\/wp-content\/uploads\/2024\/01\/GUIMBARDE_Guerre-88.jpg?strip=info&#038;w=600 600w,https:\/\/i1.wp.com\/sandrineclark.be\/wp-content\/uploads\/2024\/01\/GUIMBARDE_Guerre-88.jpg?strip=info&#038;w=804 804w\" alt=\"\" data-height=\"804\" data-id=\"535\" data-link=\"http:\/\/sandrineclark.be\/?attachment_id=535\" data-url=\"http:\/\/sandrineclark.be\/wp-content\/uploads\/2024\/01\/GUIMBARDE_Guerre-88.jpg\" data-width=\"554\" src=\"https:\/\/i1.wp.com\/sandrineclark.be\/wp-content\/uploads\/2024\/01\/GUIMBARDE_Guerre-88.jpg\"\/><\/figure><\/div><div class=\"tiled-gallery__col\"><figure class=\"tiled-gallery__item\"><img srcset=\"https:\/\/i0.wp.com\/sandrineclark.be\/wp-content\/uploads\/2024\/01\/GUIMBARDE_Guerre-95.jpg?strip=info&#038;w=600 600w,https:\/\/i0.wp.com\/sandrineclark.be\/wp-content\/uploads\/2024\/01\/GUIMBARDE_Guerre-95.jpg?strip=info&#038;w=675 675w\" alt=\"\" data-height=\"675\" data-id=\"536\" data-link=\"http:\/\/sandrineclark.be\/?attachment_id=536\" data-url=\"http:\/\/sandrineclark.be\/wp-content\/uploads\/2024\/01\/GUIMBARDE_Guerre-95.jpg\" data-width=\"804\" src=\"https:\/\/i0.wp.com\/sandrineclark.be\/wp-content\/uploads\/2024\/01\/GUIMBARDE_Guerre-95.jpg\"\/><\/figure><\/div><\/div><div class=\"tiled-gallery__row\"><div class=\"tiled-gallery__col\"><figure class=\"tiled-gallery__item\"><img srcset=\"https:\/\/i2.wp.com\/sandrineclark.be\/wp-content\/uploads\/2024\/01\/GUIMBARDE_Guerre-113.jpg?strip=info&#038;w=600 600w,https:\/\/i2.wp.com\/sandrineclark.be\/wp-content\/uploads\/2024\/01\/GUIMBARDE_Guerre-113.jpg?strip=info&#038;w=804 804w\" alt=\"\" data-height=\"804\" data-id=\"537\" data-link=\"http:\/\/sandrineclark.be\/?attachment_id=537\" data-url=\"http:\/\/sandrineclark.be\/wp-content\/uploads\/2024\/01\/GUIMBARDE_Guerre-113.jpg\" data-width=\"536\" src=\"https:\/\/i2.wp.com\/sandrineclark.be\/wp-content\/uploads\/2024\/01\/GUIMBARDE_Guerre-113.jpg\"\/><\/figure><\/div><div class=\"tiled-gallery__col\"><figure class=\"tiled-gallery__item\"><img srcset=\"https:\/\/i1.wp.com\/sandrineclark.be\/wp-content\/uploads\/2024\/01\/GUIMBARDE_Guerre-122.jpg?strip=info&#038;w=600 600w,https:\/\/i1.wp.com\/sandrineclark.be\/wp-content\/uploads\/2024\/01\/GUIMBARDE_Guerre-122.jpg?strip=info&#038;w=609 609w\" alt=\"\" data-height=\"609\" data-id=\"538\" data-link=\"http:\/\/sandrineclark.be\/?attachment_id=538\" data-url=\"http:\/\/sandrineclark.be\/wp-content\/uploads\/2024\/01\/GUIMBARDE_Guerre-122.jpg\" data-width=\"804\" src=\"https:\/\/i1.wp.com\/sandrineclark.be\/wp-content\/uploads\/2024\/01\/GUIMBARDE_Guerre-122.jpg\"\/><\/figure><figure class=\"tiled-gallery__item\"><img srcset=\"https:\/\/i0.wp.com\/sandrineclark.be\/wp-content\/uploads\/2024\/01\/GUIMBARDE_Guerre-127.jpg?strip=info&#038;w=518 518w\" alt=\"\" data-height=\"518\" data-id=\"539\" data-link=\"http:\/\/sandrineclark.be\/?attachment_id=539\" data-url=\"http:\/\/sandrineclark.be\/wp-content\/uploads\/2024\/01\/GUIMBARDE_Guerre-127.jpg\" data-width=\"804\" src=\"https:\/\/i0.wp.com\/sandrineclark.be\/wp-content\/uploads\/2024\/01\/GUIMBARDE_Guerre-127.jpg\"\/><\/figure><\/div><\/div><\/div><\/div>\n<\/div>\n<\/div>\n<\/div><\/div>\n<\/div>\n<\/div>\n\n\n\n<p class=\"has-text-color\" style=\"color:#02384f;font-size:26.2px\"><strong>Cr\u00e9ation par le th\u00e9\u00e2tre de la Guimbarde en ao\u00fbt 2014<\/strong><\/p>\n\n\n\n<p class=\"has-text-align-right\">Une femme, pleine de ranc\u0153ur et d\u2019amertume, d\u00e9cide d\u2019enfanter seule et d\u2019\u00e9duquer son fils pour en faire un guerrier qui la vengera de toutes les injustices qu\u2019elle a subies.<\/p>\n\n\n\n<p class=\"has-text-align-right\">Porteur de ce lourd fardeau, l\u2019enfant choisit de quitter le gyn\u00e9c\u00e9e.<\/p>\n\n\n\n<p class=\"has-text-align-right\">Les rencontres qu\u2019il fera au cours de son p\u00e9riple remettront en question ce qui le pousse malgr\u00e9 lui \u00e0 r\u00e9aliser le dessein de sa m\u00e8re.<\/p>\n\n\n\n<p class=\"has-text-align-right\">Souvent les enfants sont le r\u00e9ceptacle des esp\u00e9rances et des projections de leurs parents. Comment ne pas en rester prisonnier\u00a0?<\/p>\n\n\n\n<p><\/p>\n\n\n\n<p>Mise en sc\u00e8ne et Auteur: <strong>Martin Staes-Polet<\/strong><\/p>\n\n\n\n<p>Interpr\u00e9tation: <strong>Aline Mahaux, Brigitte Dedry et Nicolas Laine<\/strong><\/p>\n\n\n\n<p>Cr\u00e9ation lumi\u00e8res: <strong>Vincent Stevens<\/strong><\/p>\n\n\n\n<p>Cr\u00e9ation sonore: <strong>Ga\u00ebtan van den Berg<\/strong><\/p>\n\n\n\n<p>Sc\u00e9nographie: <strong>Sandrine Clark<\/strong><\/p>\n\n\n\n<p>Costumes: <strong>Fran\u00e7oise Van Thienen et Sylvie Thevenard<\/strong><\/p>\n\n\n\n<p><\/p>\n\n\n\n<p class=\"has-text-align-right\"><blockquote class=\"wp-embedded-content\" data-secret=\"PzKDfHSXbM\"><a href=\"https:\/\/laguimbarde.be\/\">Accueil<\/a><\/blockquote><iframe class=\"wp-embedded-content\" sandbox=\"allow-scripts\" security=\"restricted\" style=\"position: absolute; clip: rect(1px, 1px, 1px, 1px);\" title=\"\u00ab\u00a0Accueil\u00a0\u00bb &#8212; La Guimbarde\" src=\"https:\/\/laguimbarde.be\/embed\/#?secret=1tAFA51aVZ#?secret=PzKDfHSXbM\" data-secret=\"PzKDfHSXbM\" width=\"580\" height=\"327\" frameborder=\"0\" marginwidth=\"0\" marginheight=\"0\" scrolling=\"no\"><\/iframe><\/p>\n","protected":false},"excerpt":{"rendered":"<p>Spectacle pour tous \u00e0 partir de 12 ans Cr\u00e9ation par le th\u00e9\u00e2tre de la Guimbarde en ao\u00fbt 2014 Une femme, pleine de ranc\u0153ur et d\u2019amertume, d\u00e9cide d\u2019enfanter seule et d\u2019\u00e9duquer son fils pour en faire un guerrier qui la vengera de toutes les injustices qu\u2019elle a subies. Porteur de ce lourd fardeau, l\u2019enfant choisit de [&hellip;]<\/p>\n","protected":false},"author":1,"featured_media":0,"parent":0,"menu_order":0,"comment_status":"closed","ping_status":"closed","template":"","meta":{"_coblocks_attr":"","_coblocks_dimensions":"","_coblocks_responsive_height":"","_coblocks_accordion_ie_support":"","spay_email":""},"_links":{"self":[{"href":"https:\/\/sandrineclark.be\/index.php\/wp-json\/wp\/v2\/pages\/526"}],"collection":[{"href":"https:\/\/sandrineclark.be\/index.php\/wp-json\/wp\/v2\/pages"}],"about":[{"href":"https:\/\/sandrineclark.be\/index.php\/wp-json\/wp\/v2\/types\/page"}],"author":[{"embeddable":true,"href":"https:\/\/sandrineclark.be\/index.php\/wp-json\/wp\/v2\/users\/1"}],"replies":[{"embeddable":true,"href":"https:\/\/sandrineclark.be\/index.php\/wp-json\/wp\/v2\/comments?post=526"}],"version-history":[{"count":1,"href":"https:\/\/sandrineclark.be\/index.php\/wp-json\/wp\/v2\/pages\/526\/revisions"}],"predecessor-version":[{"id":540,"href":"https:\/\/sandrineclark.be\/index.php\/wp-json\/wp\/v2\/pages\/526\/revisions\/540"}],"wp:attachment":[{"href":"https:\/\/sandrineclark.be\/index.php\/wp-json\/wp\/v2\/media?parent=526"}],"curies":[{"name":"wp","href":"https:\/\/api.w.org\/{rel}","templated":true}]}}