{"id":572,"date":"2024-01-21T17:22:22","date_gmt":"2024-01-21T16:22:22","guid":{"rendered":"http:\/\/sandrineclark.be\/?page_id=572"},"modified":"2024-01-21T17:22:22","modified_gmt":"2024-01-21T16:22:22","slug":"onze-debardeurs","status":"publish","type":"page","link":"https:\/\/sandrineclark.be\/index.php\/onze-debardeurs\/","title":{"rendered":"Onze d\u00e9bardeurs"},"content":{"rendered":"\n<p class=\"has-text-align-center\">Spectacle pour tous \u00e0 partir de 12 ans<\/p>\n\n\n\n<figure class=\"wp-block-image size-full is-resized is-style-rounded\"><img loading=\"lazy\" src=\"http:\/\/sandrineclark.be\/wp-content\/uploads\/2024\/01\/11deb-1.jpg\" alt=\"\" class=\"wp-image-573\" width=\"609\" height=\"406\" srcset=\"https:\/\/sandrineclark.be\/wp-content\/uploads\/2024\/01\/11deb-1.jpg 425w, https:\/\/sandrineclark.be\/wp-content\/uploads\/2024\/01\/11deb-1-300x200.jpg 300w\" sizes=\"(max-width: 609px) 100vw, 609px\" \/><\/figure>\n\n\n\n<div class=\"wp-block-columns\">\n<div class=\"wp-block-column\" style=\"flex-basis:100%\">\n<div class=\"wp-block-jetpack-tiled-gallery aligncenter is-style-rectangular\"><div class=\"tiled-gallery__gallery\"><div class=\"tiled-gallery__row\"><div class=\"tiled-gallery__col\"><figure class=\"tiled-gallery__item\"><img srcset=\"https:\/\/i0.wp.com\/sandrineclark.be\/wp-content\/uploads\/2024\/01\/11deb-2.jpg?strip=info&#038;w=178 178w\" alt=\"\" data-height=\"178\" data-id=\"574\" data-link=\"http:\/\/sandrineclark.be\/?attachment_id=574\" data-url=\"http:\/\/sandrineclark.be\/wp-content\/uploads\/2024\/01\/11deb-2.jpg\" data-width=\"340\" src=\"https:\/\/i0.wp.com\/sandrineclark.be\/wp-content\/uploads\/2024\/01\/11deb-2.jpg\"\/><\/figure><figure class=\"tiled-gallery__item\"><img srcset=\"https:\/\/i1.wp.com\/sandrineclark.be\/wp-content\/uploads\/2024\/01\/K6S4986.jpg?strip=info&#038;w=291 291w\" alt=\"\" data-height=\"291\" data-id=\"575\" data-link=\"http:\/\/sandrineclark.be\/?attachment_id=575\" data-url=\"http:\/\/sandrineclark.be\/wp-content\/uploads\/2024\/01\/K6S4986.jpg\" data-width=\"425\" src=\"https:\/\/i1.wp.com\/sandrineclark.be\/wp-content\/uploads\/2024\/01\/K6S4986.jpg\"\/><\/figure><\/div><div class=\"tiled-gallery__col\"><figure class=\"tiled-gallery__item\"><img srcset=\"https:\/\/i2.wp.com\/sandrineclark.be\/wp-content\/uploads\/2024\/01\/K6S4994.jpg?strip=info&#038;w=291 291w\" alt=\"\" data-height=\"291\" data-id=\"576\" data-link=\"http:\/\/sandrineclark.be\/?attachment_id=576\" data-url=\"http:\/\/sandrineclark.be\/wp-content\/uploads\/2024\/01\/K6S4994.jpg\" data-width=\"425\" src=\"https:\/\/i2.wp.com\/sandrineclark.be\/wp-content\/uploads\/2024\/01\/K6S4994.jpg\"\/><\/figure><\/div><\/div><div class=\"tiled-gallery__row\"><div class=\"tiled-gallery__col\"><figure class=\"tiled-gallery__item\"><img srcset=\"https:\/\/i0.wp.com\/sandrineclark.be\/wp-content\/uploads\/2024\/01\/K6S5043.jpg?strip=info&#038;w=283 283w\" alt=\"\" data-height=\"283\" data-id=\"579\" data-link=\"http:\/\/sandrineclark.be\/?attachment_id=579\" data-url=\"http:\/\/sandrineclark.be\/wp-content\/uploads\/2024\/01\/K6S5043.jpg\" data-width=\"425\" src=\"https:\/\/i0.wp.com\/sandrineclark.be\/wp-content\/uploads\/2024\/01\/K6S5043.jpg\"\/><\/figure><\/div><div class=\"tiled-gallery__col\"><figure class=\"tiled-gallery__item\"><img srcset=\"https:\/\/i1.wp.com\/sandrineclark.be\/wp-content\/uploads\/2024\/01\/K6S5085.jpg?strip=info&#038;w=283 283w\" alt=\"\" data-height=\"283\" data-id=\"580\" data-link=\"http:\/\/sandrineclark.be\/?attachment_id=580\" data-url=\"http:\/\/sandrineclark.be\/wp-content\/uploads\/2024\/01\/K6S5085.jpg\" data-width=\"425\" src=\"https:\/\/i1.wp.com\/sandrineclark.be\/wp-content\/uploads\/2024\/01\/K6S5085.jpg\"\/><\/figure><figure class=\"tiled-gallery__item\"><img srcset=\"https:\/\/i2.wp.com\/sandrineclark.be\/wp-content\/uploads\/2024\/01\/K6S5124.jpg?strip=info&#038;w=283 283w\" alt=\"\" data-height=\"283\" data-id=\"581\" data-link=\"http:\/\/sandrineclark.be\/?attachment_id=581\" data-url=\"http:\/\/sandrineclark.be\/wp-content\/uploads\/2024\/01\/K6S5124.jpg\" data-width=\"425\" src=\"https:\/\/i2.wp.com\/sandrineclark.be\/wp-content\/uploads\/2024\/01\/K6S5124.jpg\"\/><\/figure><\/div><\/div><\/div><\/div>\n<\/div>\n<\/div>\n\n\n\n<p class=\"has-text-color\" style=\"color:#013c55;font-size:26.2px\"><strong>Cr\u00e9ation par la Compagnie Sequenza en ao\u00fbt 2004<\/strong><\/p>\n\n\n\n<p class=\"has-text-align-right\">Un \u00e9l\u00e8ve, soup\u00e7onn\u00e9 d\u2019avoir d\u00e9chir\u00e9 une veste et un livre de l\u2019\u00e9cole, se fait renvoyer. Trois mois plus tard, il se tient debout au portail de l\u2019\u00e9cole. Cette histoire est inspir\u00e9e d\u2019un fait divers. Philip Lawrence, proviseur dans une \u00e9cole \u00e0 difficult\u00e9s, renvoya une soixantaine de ses \u00e9l\u00e8ves. Il \u00e9tait reconnu pour ses qualit\u00e9s de bon proviseur. &nbsp;Pourtant, un jour, la violence revint \u2026&nbsp;<\/p>\n\n\n\n<p class=\"has-text-align-right\">\u00ab Onze d\u00e9bardeurs \u00bb parle du rapport \u00e0 l\u2019autorit\u00e9. La pi\u00e8ce d\u00e9crit ce qui se passe quand un adolescent se confronte aux adultes. Elle r\u00e9v\u00e8le le paradoxe de cet \u00e2ge o\u00f9 l\u2019on d\u00e9couvre son autonomie tout en ayant besoin de la protection des adultes. Elle montre aussi comment l\u2019autorit\u00e9 perd pied quand elle est secou\u00e9e par l\u2019incontr\u00f4lable.<\/p>\n\n\n\n<p><\/p>\n\n\n\n<p>Texte : <strong>Edward Bond<\/strong><\/p>\n\n\n\n<p>Trad. fran\u00e7aise : <strong>Catherine Cullen &amp; Stuart Seide<\/strong><\/p>\n\n\n\n<p>Mise en sc\u00e8ne : <strong>Loris Liberale<\/strong><\/p>\n\n\n\n<p>Interpr\u00e9tation : <strong>Antoni Lo Presti, Gr\u00e9gory Praet, Jean-Michel Van Den Eeyden, Nathalie Willame<\/strong><\/p>\n\n\n\n<p>Collaboration artistique : <strong>Nathalie Dassonville<\/strong><\/p>\n\n\n\n<p>Sc\u00e9nographie &amp; Costumes : <strong>Sandrine Clark et Marl\u00e8ne Tassier<\/strong><\/p>\n\n\n\n<p>Cr\u00e9ation Lumi\u00e8re : <strong>Beno\u00eet Lavalard<\/strong><\/p>\n\n\n\n<p><\/p>\n\n\n\n<div class=\"wp-block-columns\">\n<div class=\"wp-block-column\" style=\"flex-basis:100%\">\n<div class=\"wp-block-group\"><div class=\"wp-block-group__inner-container\">\n<div class=\"wp-block-columns\">\n<div class=\"wp-block-column\" style=\"flex-basis:100%\">\n<p class=\"has-text-align-right\"><a href=\"https:\/\/sequenzacie.wixsite.com\/spectacle\">https:\/\/sequenzacie.wixsite.com\/spectacle<\/a><\/p>\n<\/div>\n<\/div>\n<\/div><\/div>\n<\/div>\n<\/div>\n","protected":false},"excerpt":{"rendered":"<p>Spectacle pour tous \u00e0 partir de 12 ans Cr\u00e9ation par la Compagnie Sequenza en ao\u00fbt 2004 Un \u00e9l\u00e8ve, soup\u00e7onn\u00e9 d\u2019avoir d\u00e9chir\u00e9 une veste et un livre de l\u2019\u00e9cole, se fait renvoyer. Trois mois plus tard, il se tient debout au portail de l\u2019\u00e9cole. Cette histoire est inspir\u00e9e d\u2019un fait divers. Philip Lawrence, proviseur dans une [&hellip;]<\/p>\n","protected":false},"author":1,"featured_media":0,"parent":0,"menu_order":0,"comment_status":"closed","ping_status":"closed","template":"","meta":{"_coblocks_attr":"","_coblocks_dimensions":"","_coblocks_responsive_height":"","_coblocks_accordion_ie_support":"","spay_email":""},"_links":{"self":[{"href":"https:\/\/sandrineclark.be\/index.php\/wp-json\/wp\/v2\/pages\/572"}],"collection":[{"href":"https:\/\/sandrineclark.be\/index.php\/wp-json\/wp\/v2\/pages"}],"about":[{"href":"https:\/\/sandrineclark.be\/index.php\/wp-json\/wp\/v2\/types\/page"}],"author":[{"embeddable":true,"href":"https:\/\/sandrineclark.be\/index.php\/wp-json\/wp\/v2\/users\/1"}],"replies":[{"embeddable":true,"href":"https:\/\/sandrineclark.be\/index.php\/wp-json\/wp\/v2\/comments?post=572"}],"version-history":[{"count":1,"href":"https:\/\/sandrineclark.be\/index.php\/wp-json\/wp\/v2\/pages\/572\/revisions"}],"predecessor-version":[{"id":582,"href":"https:\/\/sandrineclark.be\/index.php\/wp-json\/wp\/v2\/pages\/572\/revisions\/582"}],"wp:attachment":[{"href":"https:\/\/sandrineclark.be\/index.php\/wp-json\/wp\/v2\/media?parent=572"}],"curies":[{"name":"wp","href":"https:\/\/api.w.org\/{rel}","templated":true}]}}