{"id":587,"date":"2024-11-21T10:07:38","date_gmt":"2024-11-21T09:07:38","guid":{"rendered":"http:\/\/sandrineclark.be\/?page_id=587"},"modified":"2024-11-21T10:07:38","modified_gmt":"2024-11-21T09:07:38","slug":"en-barque","status":"publish","type":"page","link":"https:\/\/sandrineclark.be\/index.php\/en-barque\/","title":{"rendered":"En barque"},"content":{"rendered":"\n<p class=\"has-text-align-center\">Spectacle pour tous \u00e0 partir de 3 ans<\/p>\n\n\n\n<div style=\"height:17px\" aria-hidden=\"true\" class=\"wp-block-spacer\"><\/div>\n\n\n\n<figure class=\"wp-block-image size-large is-style-rounded\"><img loading=\"lazy\" width=\"1024\" height=\"683\" src=\"http:\/\/sandrineclark.be\/wp-content\/uploads\/2024\/11\/COMPAGNIE-LES-PIEDS-DANS-LE-VENT-\u25aa-En-barque-7-1024x683.jpg\" alt=\"\" class=\"wp-image-588\" srcset=\"https:\/\/sandrineclark.be\/wp-content\/uploads\/2024\/11\/COMPAGNIE-LES-PIEDS-DANS-LE-VENT-\u25aa-En-barque-7-1024x683.jpg 1024w, https:\/\/sandrineclark.be\/wp-content\/uploads\/2024\/11\/COMPAGNIE-LES-PIEDS-DANS-LE-VENT-\u25aa-En-barque-7-300x200.jpg 300w, https:\/\/sandrineclark.be\/wp-content\/uploads\/2024\/11\/COMPAGNIE-LES-PIEDS-DANS-LE-VENT-\u25aa-En-barque-7-768x512.jpg 768w, https:\/\/sandrineclark.be\/wp-content\/uploads\/2024\/11\/COMPAGNIE-LES-PIEDS-DANS-LE-VENT-\u25aa-En-barque-7-1536x1024.jpg 1536w, https:\/\/sandrineclark.be\/wp-content\/uploads\/2024\/11\/COMPAGNIE-LES-PIEDS-DANS-LE-VENT-\u25aa-En-barque-7-2048x1365.jpg 2048w, https:\/\/sandrineclark.be\/wp-content\/uploads\/2024\/11\/COMPAGNIE-LES-PIEDS-DANS-LE-VENT-\u25aa-En-barque-7-1200x800.jpg 1200w, https:\/\/sandrineclark.be\/wp-content\/uploads\/2024\/11\/COMPAGNIE-LES-PIEDS-DANS-LE-VENT-\u25aa-En-barque-7-1980x1320.jpg 1980w\" sizes=\"(max-width: 1024px) 100vw, 1024px\" \/><\/figure>\n\n\n\n<div style=\"height:41px\" aria-hidden=\"true\" class=\"wp-block-spacer\"><\/div>\n\n\n\n<div class=\"wp-block-group\"><div class=\"wp-block-group__inner-container\">\n<figure class=\"wp-block-gallery columns-3 is-cropped\"><ul class=\"blocks-gallery-grid\"><li class=\"blocks-gallery-item\"><figure><img loading=\"lazy\" width=\"1024\" height=\"683\" src=\"http:\/\/sandrineclark.be\/wp-content\/uploads\/2024\/11\/COMPAGNIE-LES-PIEDS-DANS-LE-VENT-\u25aa-En-barque-1-2-1024x683.jpg\" alt=\"\" data-id=\"592\" data-link=\"http:\/\/sandrineclark.be\/?attachment_id=592\" class=\"wp-image-592\" srcset=\"https:\/\/sandrineclark.be\/wp-content\/uploads\/2024\/11\/COMPAGNIE-LES-PIEDS-DANS-LE-VENT-\u25aa-En-barque-1-2-1024x683.jpg 1024w, https:\/\/sandrineclark.be\/wp-content\/uploads\/2024\/11\/COMPAGNIE-LES-PIEDS-DANS-LE-VENT-\u25aa-En-barque-1-2-300x200.jpg 300w, https:\/\/sandrineclark.be\/wp-content\/uploads\/2024\/11\/COMPAGNIE-LES-PIEDS-DANS-LE-VENT-\u25aa-En-barque-1-2-768x512.jpg 768w, https:\/\/sandrineclark.be\/wp-content\/uploads\/2024\/11\/COMPAGNIE-LES-PIEDS-DANS-LE-VENT-\u25aa-En-barque-1-2-1536x1024.jpg 1536w, https:\/\/sandrineclark.be\/wp-content\/uploads\/2024\/11\/COMPAGNIE-LES-PIEDS-DANS-LE-VENT-\u25aa-En-barque-1-2-2048x1365.jpg 2048w, https:\/\/sandrineclark.be\/wp-content\/uploads\/2024\/11\/COMPAGNIE-LES-PIEDS-DANS-LE-VENT-\u25aa-En-barque-1-2-1200x800.jpg 1200w, https:\/\/sandrineclark.be\/wp-content\/uploads\/2024\/11\/COMPAGNIE-LES-PIEDS-DANS-LE-VENT-\u25aa-En-barque-1-2-1980x1320.jpg 1980w\" sizes=\"(max-width: 1024px) 100vw, 1024px\" \/><\/figure><\/li><li class=\"blocks-gallery-item\"><figure><img loading=\"lazy\" width=\"1024\" height=\"683\" src=\"http:\/\/sandrineclark.be\/wp-content\/uploads\/2024\/11\/COMPAGNIE-LES-PIEDS-DANS-LE-VENT-\u25aa-En-barque-6-1-1024x683.jpg\" alt=\"\" data-id=\"593\" data-link=\"http:\/\/sandrineclark.be\/?attachment_id=593\" class=\"wp-image-593\" srcset=\"https:\/\/sandrineclark.be\/wp-content\/uploads\/2024\/11\/COMPAGNIE-LES-PIEDS-DANS-LE-VENT-\u25aa-En-barque-6-1-1024x683.jpg 1024w, https:\/\/sandrineclark.be\/wp-content\/uploads\/2024\/11\/COMPAGNIE-LES-PIEDS-DANS-LE-VENT-\u25aa-En-barque-6-1-300x200.jpg 300w, https:\/\/sandrineclark.be\/wp-content\/uploads\/2024\/11\/COMPAGNIE-LES-PIEDS-DANS-LE-VENT-\u25aa-En-barque-6-1-768x512.jpg 768w, https:\/\/sandrineclark.be\/wp-content\/uploads\/2024\/11\/COMPAGNIE-LES-PIEDS-DANS-LE-VENT-\u25aa-En-barque-6-1-1536x1024.jpg 1536w, https:\/\/sandrineclark.be\/wp-content\/uploads\/2024\/11\/COMPAGNIE-LES-PIEDS-DANS-LE-VENT-\u25aa-En-barque-6-1-2048x1365.jpg 2048w, https:\/\/sandrineclark.be\/wp-content\/uploads\/2024\/11\/COMPAGNIE-LES-PIEDS-DANS-LE-VENT-\u25aa-En-barque-6-1-1200x800.jpg 1200w, https:\/\/sandrineclark.be\/wp-content\/uploads\/2024\/11\/COMPAGNIE-LES-PIEDS-DANS-LE-VENT-\u25aa-En-barque-6-1-1980x1320.jpg 1980w\" sizes=\"(max-width: 1024px) 100vw, 1024px\" \/><\/figure><\/li><li class=\"blocks-gallery-item\"><figure><img loading=\"lazy\" width=\"1024\" height=\"532\" src=\"http:\/\/sandrineclark.be\/wp-content\/uploads\/2024\/11\/COMPAGNIE-LES-PIEDS-DANS-LE-VENT-\u25aa-En-barque-12-1024x532.jpg\" alt=\"\" data-id=\"594\" data-link=\"http:\/\/sandrineclark.be\/?attachment_id=594\" class=\"wp-image-594\" srcset=\"https:\/\/sandrineclark.be\/wp-content\/uploads\/2024\/11\/COMPAGNIE-LES-PIEDS-DANS-LE-VENT-\u25aa-En-barque-12-1024x532.jpg 1024w, https:\/\/sandrineclark.be\/wp-content\/uploads\/2024\/11\/COMPAGNIE-LES-PIEDS-DANS-LE-VENT-\u25aa-En-barque-12-300x156.jpg 300w, https:\/\/sandrineclark.be\/wp-content\/uploads\/2024\/11\/COMPAGNIE-LES-PIEDS-DANS-LE-VENT-\u25aa-En-barque-12-768x399.jpg 768w, https:\/\/sandrineclark.be\/wp-content\/uploads\/2024\/11\/COMPAGNIE-LES-PIEDS-DANS-LE-VENT-\u25aa-En-barque-12-1536x797.jpg 1536w, https:\/\/sandrineclark.be\/wp-content\/uploads\/2024\/11\/COMPAGNIE-LES-PIEDS-DANS-LE-VENT-\u25aa-En-barque-12-2048x1063.jpg 2048w, https:\/\/sandrineclark.be\/wp-content\/uploads\/2024\/11\/COMPAGNIE-LES-PIEDS-DANS-LE-VENT-\u25aa-En-barque-12-1200x623.jpg 1200w, https:\/\/sandrineclark.be\/wp-content\/uploads\/2024\/11\/COMPAGNIE-LES-PIEDS-DANS-LE-VENT-\u25aa-En-barque-12-1980x1028.jpg 1980w\" sizes=\"(max-width: 1024px) 100vw, 1024px\" \/><\/figure><\/li><li class=\"blocks-gallery-item\"><figure><img loading=\"lazy\" width=\"683\" height=\"1024\" src=\"http:\/\/sandrineclark.be\/wp-content\/uploads\/2024\/11\/COMPAGNIE-LES-PIEDS-DANS-LE-VENT-\u25aa-En-barque-21-683x1024.jpg\" alt=\"\" data-id=\"595\" data-link=\"http:\/\/sandrineclark.be\/?attachment_id=595\" class=\"wp-image-595\" srcset=\"https:\/\/sandrineclark.be\/wp-content\/uploads\/2024\/11\/COMPAGNIE-LES-PIEDS-DANS-LE-VENT-\u25aa-En-barque-21-683x1024.jpg 683w, https:\/\/sandrineclark.be\/wp-content\/uploads\/2024\/11\/COMPAGNIE-LES-PIEDS-DANS-LE-VENT-\u25aa-En-barque-21-200x300.jpg 200w, https:\/\/sandrineclark.be\/wp-content\/uploads\/2024\/11\/COMPAGNIE-LES-PIEDS-DANS-LE-VENT-\u25aa-En-barque-21-768x1152.jpg 768w, https:\/\/sandrineclark.be\/wp-content\/uploads\/2024\/11\/COMPAGNIE-LES-PIEDS-DANS-LE-VENT-\u25aa-En-barque-21-1024x1536.jpg 1024w, https:\/\/sandrineclark.be\/wp-content\/uploads\/2024\/11\/COMPAGNIE-LES-PIEDS-DANS-LE-VENT-\u25aa-En-barque-21-1365x2048.jpg 1365w, https:\/\/sandrineclark.be\/wp-content\/uploads\/2024\/11\/COMPAGNIE-LES-PIEDS-DANS-LE-VENT-\u25aa-En-barque-21-1200x1800.jpg 1200w, https:\/\/sandrineclark.be\/wp-content\/uploads\/2024\/11\/COMPAGNIE-LES-PIEDS-DANS-LE-VENT-\u25aa-En-barque-21-1980x2970.jpg 1980w, https:\/\/sandrineclark.be\/wp-content\/uploads\/2024\/11\/COMPAGNIE-LES-PIEDS-DANS-LE-VENT-\u25aa-En-barque-21-scaled.jpg 1707w\" sizes=\"(max-width: 683px) 100vw, 683px\" \/><\/figure><\/li><li class=\"blocks-gallery-item\"><figure><img loading=\"lazy\" width=\"683\" height=\"1024\" src=\"http:\/\/sandrineclark.be\/wp-content\/uploads\/2024\/11\/COMPAGNIE-LES-PIEDS-DANS-LE-VENT-\u25aa-En-barque-24-683x1024.jpg\" alt=\"\" data-id=\"596\" data-link=\"http:\/\/sandrineclark.be\/?attachment_id=596\" class=\"wp-image-596\" srcset=\"https:\/\/sandrineclark.be\/wp-content\/uploads\/2024\/11\/COMPAGNIE-LES-PIEDS-DANS-LE-VENT-\u25aa-En-barque-24-683x1024.jpg 683w, https:\/\/sandrineclark.be\/wp-content\/uploads\/2024\/11\/COMPAGNIE-LES-PIEDS-DANS-LE-VENT-\u25aa-En-barque-24-200x300.jpg 200w, https:\/\/sandrineclark.be\/wp-content\/uploads\/2024\/11\/COMPAGNIE-LES-PIEDS-DANS-LE-VENT-\u25aa-En-barque-24-768x1152.jpg 768w, https:\/\/sandrineclark.be\/wp-content\/uploads\/2024\/11\/COMPAGNIE-LES-PIEDS-DANS-LE-VENT-\u25aa-En-barque-24-1024x1536.jpg 1024w, https:\/\/sandrineclark.be\/wp-content\/uploads\/2024\/11\/COMPAGNIE-LES-PIEDS-DANS-LE-VENT-\u25aa-En-barque-24-1365x2048.jpg 1365w, https:\/\/sandrineclark.be\/wp-content\/uploads\/2024\/11\/COMPAGNIE-LES-PIEDS-DANS-LE-VENT-\u25aa-En-barque-24-1200x1800.jpg 1200w, https:\/\/sandrineclark.be\/wp-content\/uploads\/2024\/11\/COMPAGNIE-LES-PIEDS-DANS-LE-VENT-\u25aa-En-barque-24-1980x2970.jpg 1980w, https:\/\/sandrineclark.be\/wp-content\/uploads\/2024\/11\/COMPAGNIE-LES-PIEDS-DANS-LE-VENT-\u25aa-En-barque-24-scaled.jpg 1707w\" sizes=\"(max-width: 683px) 100vw, 683px\" \/><\/figure><\/li><li class=\"blocks-gallery-item\"><figure><img loading=\"lazy\" width=\"1024\" height=\"790\" src=\"http:\/\/sandrineclark.be\/wp-content\/uploads\/2024\/11\/COMPAGNIE-LES-PIEDS-DANS-LE-VENT-\u25aa-En-barque-26-1024x790.jpg\" alt=\"\" data-id=\"600\" data-link=\"http:\/\/sandrineclark.be\/?attachment_id=600\" class=\"wp-image-600\" srcset=\"https:\/\/sandrineclark.be\/wp-content\/uploads\/2024\/11\/COMPAGNIE-LES-PIEDS-DANS-LE-VENT-\u25aa-En-barque-26-1024x790.jpg 1024w, https:\/\/sandrineclark.be\/wp-content\/uploads\/2024\/11\/COMPAGNIE-LES-PIEDS-DANS-LE-VENT-\u25aa-En-barque-26-300x231.jpg 300w, https:\/\/sandrineclark.be\/wp-content\/uploads\/2024\/11\/COMPAGNIE-LES-PIEDS-DANS-LE-VENT-\u25aa-En-barque-26-768x592.jpg 768w, https:\/\/sandrineclark.be\/wp-content\/uploads\/2024\/11\/COMPAGNIE-LES-PIEDS-DANS-LE-VENT-\u25aa-En-barque-26-1536x1185.jpg 1536w, https:\/\/sandrineclark.be\/wp-content\/uploads\/2024\/11\/COMPAGNIE-LES-PIEDS-DANS-LE-VENT-\u25aa-En-barque-26-2048x1580.jpg 2048w, https:\/\/sandrineclark.be\/wp-content\/uploads\/2024\/11\/COMPAGNIE-LES-PIEDS-DANS-LE-VENT-\u25aa-En-barque-26-1200x926.jpg 1200w, https:\/\/sandrineclark.be\/wp-content\/uploads\/2024\/11\/COMPAGNIE-LES-PIEDS-DANS-LE-VENT-\u25aa-En-barque-26-1980x1527.jpg 1980w\" sizes=\"(max-width: 1024px) 100vw, 1024px\" \/><\/figure><\/li><li class=\"blocks-gallery-item\"><figure><img loading=\"lazy\" width=\"1024\" height=\"693\" src=\"http:\/\/sandrineclark.be\/wp-content\/uploads\/2024\/11\/COMPAGNIE-LES-PIEDS-DANS-LE-VENT-\u25aa-En-barque-32-1024x693.jpg\" alt=\"\" data-id=\"601\" data-full-url=\"http:\/\/sandrineclark.be\/wp-content\/uploads\/2024\/11\/COMPAGNIE-LES-PIEDS-DANS-LE-VENT-\u25aa-En-barque-32-scaled.jpg\" data-link=\"http:\/\/sandrineclark.be\/?attachment_id=601\" class=\"wp-image-601\" srcset=\"https:\/\/sandrineclark.be\/wp-content\/uploads\/2024\/11\/COMPAGNIE-LES-PIEDS-DANS-LE-VENT-\u25aa-En-barque-32-1024x693.jpg 1024w, https:\/\/sandrineclark.be\/wp-content\/uploads\/2024\/11\/COMPAGNIE-LES-PIEDS-DANS-LE-VENT-\u25aa-En-barque-32-300x203.jpg 300w, https:\/\/sandrineclark.be\/wp-content\/uploads\/2024\/11\/COMPAGNIE-LES-PIEDS-DANS-LE-VENT-\u25aa-En-barque-32-768x520.jpg 768w, https:\/\/sandrineclark.be\/wp-content\/uploads\/2024\/11\/COMPAGNIE-LES-PIEDS-DANS-LE-VENT-\u25aa-En-barque-32-1536x1039.jpg 1536w, https:\/\/sandrineclark.be\/wp-content\/uploads\/2024\/11\/COMPAGNIE-LES-PIEDS-DANS-LE-VENT-\u25aa-En-barque-32-2048x1386.jpg 2048w, https:\/\/sandrineclark.be\/wp-content\/uploads\/2024\/11\/COMPAGNIE-LES-PIEDS-DANS-LE-VENT-\u25aa-En-barque-32-1200x812.jpg 1200w, https:\/\/sandrineclark.be\/wp-content\/uploads\/2024\/11\/COMPAGNIE-LES-PIEDS-DANS-LE-VENT-\u25aa-En-barque-32-1980x1340.jpg 1980w\" sizes=\"(max-width: 1024px) 100vw, 1024px\" \/><\/figure><\/li><li class=\"blocks-gallery-item\"><figure><img loading=\"lazy\" width=\"1024\" height=\"683\" src=\"http:\/\/sandrineclark.be\/wp-content\/uploads\/2024\/11\/COMPAGNIE-LES-PIEDS-DANS-LE-VENT-\u25aa-En-barque-29-1024x683.jpg\" alt=\"\" data-id=\"598\" data-link=\"http:\/\/sandrineclark.be\/?attachment_id=598\" class=\"wp-image-598\" srcset=\"https:\/\/sandrineclark.be\/wp-content\/uploads\/2024\/11\/COMPAGNIE-LES-PIEDS-DANS-LE-VENT-\u25aa-En-barque-29-1024x683.jpg 1024w, https:\/\/sandrineclark.be\/wp-content\/uploads\/2024\/11\/COMPAGNIE-LES-PIEDS-DANS-LE-VENT-\u25aa-En-barque-29-300x200.jpg 300w, https:\/\/sandrineclark.be\/wp-content\/uploads\/2024\/11\/COMPAGNIE-LES-PIEDS-DANS-LE-VENT-\u25aa-En-barque-29-768x512.jpg 768w, https:\/\/sandrineclark.be\/wp-content\/uploads\/2024\/11\/COMPAGNIE-LES-PIEDS-DANS-LE-VENT-\u25aa-En-barque-29-1536x1024.jpg 1536w, https:\/\/sandrineclark.be\/wp-content\/uploads\/2024\/11\/COMPAGNIE-LES-PIEDS-DANS-LE-VENT-\u25aa-En-barque-29-2048x1365.jpg 2048w, https:\/\/sandrineclark.be\/wp-content\/uploads\/2024\/11\/COMPAGNIE-LES-PIEDS-DANS-LE-VENT-\u25aa-En-barque-29-1200x800.jpg 1200w, https:\/\/sandrineclark.be\/wp-content\/uploads\/2024\/11\/COMPAGNIE-LES-PIEDS-DANS-LE-VENT-\u25aa-En-barque-29-1980x1320.jpg 1980w\" sizes=\"(max-width: 1024px) 100vw, 1024px\" \/><\/figure><\/li><li class=\"blocks-gallery-item\"><figure><img loading=\"lazy\" width=\"1024\" height=\"683\" src=\"http:\/\/sandrineclark.be\/wp-content\/uploads\/2024\/11\/COMPAGNIE-LES-PIEDS-DANS-LE-VENT-\u25aa-En-barque-30-1024x683.jpg\" alt=\"\" data-id=\"599\" data-link=\"http:\/\/sandrineclark.be\/?attachment_id=599\" class=\"wp-image-599\" srcset=\"https:\/\/sandrineclark.be\/wp-content\/uploads\/2024\/11\/COMPAGNIE-LES-PIEDS-DANS-LE-VENT-\u25aa-En-barque-30-1024x683.jpg 1024w, https:\/\/sandrineclark.be\/wp-content\/uploads\/2024\/11\/COMPAGNIE-LES-PIEDS-DANS-LE-VENT-\u25aa-En-barque-30-300x200.jpg 300w, https:\/\/sandrineclark.be\/wp-content\/uploads\/2024\/11\/COMPAGNIE-LES-PIEDS-DANS-LE-VENT-\u25aa-En-barque-30-768x512.jpg 768w, https:\/\/sandrineclark.be\/wp-content\/uploads\/2024\/11\/COMPAGNIE-LES-PIEDS-DANS-LE-VENT-\u25aa-En-barque-30-1536x1024.jpg 1536w, https:\/\/sandrineclark.be\/wp-content\/uploads\/2024\/11\/COMPAGNIE-LES-PIEDS-DANS-LE-VENT-\u25aa-En-barque-30-2048x1365.jpg 2048w, https:\/\/sandrineclark.be\/wp-content\/uploads\/2024\/11\/COMPAGNIE-LES-PIEDS-DANS-LE-VENT-\u25aa-En-barque-30-1200x800.jpg 1200w, https:\/\/sandrineclark.be\/wp-content\/uploads\/2024\/11\/COMPAGNIE-LES-PIEDS-DANS-LE-VENT-\u25aa-En-barque-30-1980x1320.jpg 1980w\" sizes=\"(max-width: 1024px) 100vw, 1024px\" \/><\/figure><\/li><li class=\"blocks-gallery-item\"><figure><img loading=\"lazy\" width=\"1024\" height=\"676\" src=\"http:\/\/sandrineclark.be\/wp-content\/uploads\/2024\/11\/COMPAGNIE-LES-PIEDS-DANS-LE-VENT-\u25aa-En-barque-28-1024x676.jpg\" alt=\"\" data-id=\"597\" data-link=\"http:\/\/sandrineclark.be\/?attachment_id=597\" class=\"wp-image-597\" srcset=\"https:\/\/sandrineclark.be\/wp-content\/uploads\/2024\/11\/COMPAGNIE-LES-PIEDS-DANS-LE-VENT-\u25aa-En-barque-28-1024x676.jpg 1024w, https:\/\/sandrineclark.be\/wp-content\/uploads\/2024\/11\/COMPAGNIE-LES-PIEDS-DANS-LE-VENT-\u25aa-En-barque-28-300x198.jpg 300w, https:\/\/sandrineclark.be\/wp-content\/uploads\/2024\/11\/COMPAGNIE-LES-PIEDS-DANS-LE-VENT-\u25aa-En-barque-28-768x507.jpg 768w, https:\/\/sandrineclark.be\/wp-content\/uploads\/2024\/11\/COMPAGNIE-LES-PIEDS-DANS-LE-VENT-\u25aa-En-barque-28-1536x1014.jpg 1536w, https:\/\/sandrineclark.be\/wp-content\/uploads\/2024\/11\/COMPAGNIE-LES-PIEDS-DANS-LE-VENT-\u25aa-En-barque-28-2048x1353.jpg 2048w, https:\/\/sandrineclark.be\/wp-content\/uploads\/2024\/11\/COMPAGNIE-LES-PIEDS-DANS-LE-VENT-\u25aa-En-barque-28-1200x793.jpg 1200w, https:\/\/sandrineclark.be\/wp-content\/uploads\/2024\/11\/COMPAGNIE-LES-PIEDS-DANS-LE-VENT-\u25aa-En-barque-28-1980x1308.jpg 1980w\" sizes=\"(max-width: 1024px) 100vw, 1024px\" \/><\/figure><\/li><\/ul><\/figure>\n<\/div><\/div>\n\n\n\n<p class=\"has-text-align-center has-text-color has-large-font-size\" style=\"color:#034f70\"><strong>Cr\u00e9ation par la Compagnie les pieds dans le vent<\/strong><\/p>\n\n\n\n<p class=\"has-text-align-center has-text-color has-large-font-size\" style=\"color:#034f70\"><strong>en ao\u00fbt 2024<\/strong><\/p>\n\n\n\n<div style=\"height:7px\" aria-hidden=\"true\" class=\"wp-block-spacer\"><\/div>\n\n\n\n<p class=\"has-text-align-right\"><em>Un beau dimanche.<br>Un homme, une dame, un plan d\u2019eau peu fr\u00e9quent\u00e9.<br>Ici, on est bien.<br>Mais quel est cet Ici qui regorge de surprises aquatiques, terrestres et climatiques ?<br>Ici est bienveillant.<br>Et si cette bienveillance pouvait traverser les eaux\u2026<br>Un message de bonheur simple nous embarque dans un paradis o\u00f9 chaque tout petit vivant trouve place \u00e0 sa mesure.<\/em><\/p>\n\n\n\n<div style=\"height:19px\" aria-hidden=\"true\" class=\"wp-block-spacer\"><\/div>\n\n\n\n<p>Prix de la Ministre de l\u2019Enfance (re\u00e7u aux Rencontres Th\u00e9\u00e2tre Jeune Public \u00e0 Huy 2024)<\/p>\n\n\n\n<div style=\"height:12px\" aria-hidden=\"true\" class=\"wp-block-spacer\"><\/div>\n\n\n\n<p>\u00c9criture et mise en sc\u00e8ne : <strong>V\u00e9ronique Dumont<\/strong><\/p>\n\n\n\n<p>Jeu : <strong>Val\u00e9rie Joyeux, Vincent Raoult, Arnaud Lhoute<\/strong><\/p>\n\n\n\n<p>Sc\u00e9nographie : <strong>Sandrine Clark<\/strong><\/p>\n\n\n\n<p>Costumes : <strong>Marie Kersten<\/strong><\/p>\n\n\n\n<p>Cr\u00e9ation \u00e9clairages : <strong>Arnaud Lhoute<\/strong><\/p>\n\n\n\n<p>Musique originale : <strong>Olivier Thomas<\/strong><\/p>\n\n\n\n<p>Assistanat : <strong>Martin Thomas<\/strong><\/p>\n\n\n\n<p>Administration\/production : <strong>Alexia Kerremans<\/strong><\/p>\n\n\n\n<p>Diffusion\/m\u00e9diation : <strong>Marie Wiame<\/strong><\/p>\n\n\n\n<div style=\"height:25px\" aria-hidden=\"true\" class=\"wp-block-spacer\"><\/div>\n\n\n\n<figure class=\"wp-block-embed is-type-wp-embed is-provider-les-pieds-dans-le-vent wp-block-embed-les-pieds-dans-le-vent\"><div class=\"wp-block-embed__wrapper\">\n<blockquote class=\"wp-embedded-content\" data-secret=\"4XCGpKJQH2\"><a href=\"https:\/\/lespiedsdanslevent.be\/\">Accueil<\/a><\/blockquote><iframe class=\"wp-embedded-content\" sandbox=\"allow-scripts\" security=\"restricted\" style=\"position: absolute; clip: rect(1px, 1px, 1px, 1px);\" title=\"\u00ab\u00a0Accueil\u00a0\u00bb &#8212; Les Pieds dans le vent\" src=\"https:\/\/lespiedsdanslevent.be\/embed\/#?secret=BEluzldbwh#?secret=4XCGpKJQH2\" data-secret=\"4XCGpKJQH2\" width=\"580\" height=\"327\" frameborder=\"0\" marginwidth=\"0\" marginheight=\"0\" scrolling=\"no\"><\/iframe>\n<\/div><\/figure>\n","protected":false},"excerpt":{"rendered":"<p>Spectacle pour tous \u00e0 partir de 3 ans Cr\u00e9ation par la Compagnie les pieds dans le vent en ao\u00fbt 2024 Un beau dimanche.Un homme, une dame, un plan d\u2019eau peu fr\u00e9quent\u00e9.Ici, on est bien.Mais quel est cet Ici qui regorge de surprises aquatiques, terrestres et climatiques ?Ici est bienveillant.Et si cette bienveillance pouvait traverser les [&hellip;]<\/p>\n","protected":false},"author":1,"featured_media":0,"parent":0,"menu_order":0,"comment_status":"closed","ping_status":"closed","template":"","meta":{"_coblocks_attr":"","_coblocks_dimensions":"","_coblocks_responsive_height":"","_coblocks_accordion_ie_support":"","spay_email":""},"_links":{"self":[{"href":"https:\/\/sandrineclark.be\/index.php\/wp-json\/wp\/v2\/pages\/587"}],"collection":[{"href":"https:\/\/sandrineclark.be\/index.php\/wp-json\/wp\/v2\/pages"}],"about":[{"href":"https:\/\/sandrineclark.be\/index.php\/wp-json\/wp\/v2\/types\/page"}],"author":[{"embeddable":true,"href":"https:\/\/sandrineclark.be\/index.php\/wp-json\/wp\/v2\/users\/1"}],"replies":[{"embeddable":true,"href":"https:\/\/sandrineclark.be\/index.php\/wp-json\/wp\/v2\/comments?post=587"}],"version-history":[{"count":4,"href":"https:\/\/sandrineclark.be\/index.php\/wp-json\/wp\/v2\/pages\/587\/revisions"}],"predecessor-version":[{"id":623,"href":"https:\/\/sandrineclark.be\/index.php\/wp-json\/wp\/v2\/pages\/587\/revisions\/623"}],"wp:attachment":[{"href":"https:\/\/sandrineclark.be\/index.php\/wp-json\/wp\/v2\/media?parent=587"}],"curies":[{"name":"wp","href":"https:\/\/api.w.org\/{rel}","templated":true}]}}