{"id":611,"date":"2024-11-28T17:15:58","date_gmt":"2024-11-28T16:15:58","guid":{"rendered":"http:\/\/sandrineclark.be\/?page_id=611"},"modified":"2024-11-28T17:15:58","modified_gmt":"2024-11-28T16:15:58","slug":"le-parlement-des-animaux","status":"publish","type":"page","link":"https:\/\/sandrineclark.be\/index.php\/le-parlement-des-animaux\/","title":{"rendered":"Le Parlement Des Animaux"},"content":{"rendered":"\n<p class=\"has-text-align-center\">Spectacle pour tout public \u00e0 partir de 5 ans<\/p>\n\n\n\n<div style=\"height:21px\" aria-hidden=\"true\" class=\"wp-block-spacer\"><\/div>\n\n\n\n<figure class=\"wp-block-image size-large is-style-rounded\"><img loading=\"lazy\" width=\"1024\" height=\"683\" src=\"http:\/\/sandrineclark.be\/wp-content\/uploads\/2024\/11\/LE-COLLECTIF-H2OZ-Le-parlement-des-animaux-1-1024x683.jpg\" alt=\"\" class=\"wp-image-612\" srcset=\"https:\/\/sandrineclark.be\/wp-content\/uploads\/2024\/11\/LE-COLLECTIF-H2OZ-Le-parlement-des-animaux-1-1024x683.jpg 1024w, https:\/\/sandrineclark.be\/wp-content\/uploads\/2024\/11\/LE-COLLECTIF-H2OZ-Le-parlement-des-animaux-1-300x200.jpg 300w, https:\/\/sandrineclark.be\/wp-content\/uploads\/2024\/11\/LE-COLLECTIF-H2OZ-Le-parlement-des-animaux-1-768x512.jpg 768w, https:\/\/sandrineclark.be\/wp-content\/uploads\/2024\/11\/LE-COLLECTIF-H2OZ-Le-parlement-des-animaux-1-1536x1024.jpg 1536w, https:\/\/sandrineclark.be\/wp-content\/uploads\/2024\/11\/LE-COLLECTIF-H2OZ-Le-parlement-des-animaux-1-2048x1365.jpg 2048w, https:\/\/sandrineclark.be\/wp-content\/uploads\/2024\/11\/LE-COLLECTIF-H2OZ-Le-parlement-des-animaux-1-1200x800.jpg 1200w, https:\/\/sandrineclark.be\/wp-content\/uploads\/2024\/11\/LE-COLLECTIF-H2OZ-Le-parlement-des-animaux-1-1980x1320.jpg 1980w\" sizes=\"(max-width: 1024px) 100vw, 1024px\" \/><\/figure>\n\n\n\n<div style=\"height:33px\" aria-hidden=\"true\" class=\"wp-block-spacer\"><\/div>\n\n\n\n<figure class=\"wp-block-gallery columns-3 is-cropped\"><ul class=\"blocks-gallery-grid\"><li class=\"blocks-gallery-item\"><figure><img loading=\"lazy\" width=\"1024\" height=\"739\" src=\"http:\/\/sandrineclark.be\/wp-content\/uploads\/2024\/11\/LE-COLLECTIF-H2OZ-Le-parlement-des-animaux-10-1024x739.jpg\" alt=\"\" data-id=\"613\" data-link=\"http:\/\/sandrineclark.be\/?attachment_id=613\" class=\"wp-image-613\" srcset=\"https:\/\/sandrineclark.be\/wp-content\/uploads\/2024\/11\/LE-COLLECTIF-H2OZ-Le-parlement-des-animaux-10-1024x739.jpg 1024w, https:\/\/sandrineclark.be\/wp-content\/uploads\/2024\/11\/LE-COLLECTIF-H2OZ-Le-parlement-des-animaux-10-300x216.jpg 300w, https:\/\/sandrineclark.be\/wp-content\/uploads\/2024\/11\/LE-COLLECTIF-H2OZ-Le-parlement-des-animaux-10-768x554.jpg 768w, https:\/\/sandrineclark.be\/wp-content\/uploads\/2024\/11\/LE-COLLECTIF-H2OZ-Le-parlement-des-animaux-10-1536x1108.jpg 1536w, https:\/\/sandrineclark.be\/wp-content\/uploads\/2024\/11\/LE-COLLECTIF-H2OZ-Le-parlement-des-animaux-10-2048x1477.jpg 2048w, https:\/\/sandrineclark.be\/wp-content\/uploads\/2024\/11\/LE-COLLECTIF-H2OZ-Le-parlement-des-animaux-10-1200x866.jpg 1200w, https:\/\/sandrineclark.be\/wp-content\/uploads\/2024\/11\/LE-COLLECTIF-H2OZ-Le-parlement-des-animaux-10-1980x1428.jpg 1980w\" sizes=\"(max-width: 1024px) 100vw, 1024px\" \/><\/figure><\/li><li class=\"blocks-gallery-item\"><figure><img loading=\"lazy\" width=\"1024\" height=\"683\" src=\"http:\/\/sandrineclark.be\/wp-content\/uploads\/2024\/11\/LE-COLLECTIF-H2OZ-Le-parlement-des-animaux-4-1024x683.jpg\" alt=\"\" data-id=\"614\" data-link=\"http:\/\/sandrineclark.be\/?attachment_id=614\" class=\"wp-image-614\" srcset=\"https:\/\/sandrineclark.be\/wp-content\/uploads\/2024\/11\/LE-COLLECTIF-H2OZ-Le-parlement-des-animaux-4-1024x683.jpg 1024w, https:\/\/sandrineclark.be\/wp-content\/uploads\/2024\/11\/LE-COLLECTIF-H2OZ-Le-parlement-des-animaux-4-300x200.jpg 300w, https:\/\/sandrineclark.be\/wp-content\/uploads\/2024\/11\/LE-COLLECTIF-H2OZ-Le-parlement-des-animaux-4-768x512.jpg 768w, https:\/\/sandrineclark.be\/wp-content\/uploads\/2024\/11\/LE-COLLECTIF-H2OZ-Le-parlement-des-animaux-4-1536x1024.jpg 1536w, https:\/\/sandrineclark.be\/wp-content\/uploads\/2024\/11\/LE-COLLECTIF-H2OZ-Le-parlement-des-animaux-4-2048x1365.jpg 2048w, https:\/\/sandrineclark.be\/wp-content\/uploads\/2024\/11\/LE-COLLECTIF-H2OZ-Le-parlement-des-animaux-4-1200x800.jpg 1200w, https:\/\/sandrineclark.be\/wp-content\/uploads\/2024\/11\/LE-COLLECTIF-H2OZ-Le-parlement-des-animaux-4-1980x1320.jpg 1980w\" sizes=\"(max-width: 1024px) 100vw, 1024px\" \/><\/figure><\/li><li class=\"blocks-gallery-item\"><figure><img loading=\"lazy\" width=\"1024\" height=\"683\" src=\"http:\/\/sandrineclark.be\/wp-content\/uploads\/2024\/11\/LE-COLLECTIF-H2OZ-Le-parlement-des-animaux-3-1024x683.jpg\" alt=\"\" data-id=\"615\" data-link=\"http:\/\/sandrineclark.be\/?attachment_id=615\" class=\"wp-image-615\" srcset=\"https:\/\/sandrineclark.be\/wp-content\/uploads\/2024\/11\/LE-COLLECTIF-H2OZ-Le-parlement-des-animaux-3-1024x683.jpg 1024w, https:\/\/sandrineclark.be\/wp-content\/uploads\/2024\/11\/LE-COLLECTIF-H2OZ-Le-parlement-des-animaux-3-300x200.jpg 300w, https:\/\/sandrineclark.be\/wp-content\/uploads\/2024\/11\/LE-COLLECTIF-H2OZ-Le-parlement-des-animaux-3-768x512.jpg 768w, https:\/\/sandrineclark.be\/wp-content\/uploads\/2024\/11\/LE-COLLECTIF-H2OZ-Le-parlement-des-animaux-3-1536x1024.jpg 1536w, https:\/\/sandrineclark.be\/wp-content\/uploads\/2024\/11\/LE-COLLECTIF-H2OZ-Le-parlement-des-animaux-3-2048x1365.jpg 2048w, https:\/\/sandrineclark.be\/wp-content\/uploads\/2024\/11\/LE-COLLECTIF-H2OZ-Le-parlement-des-animaux-3-1200x800.jpg 1200w, https:\/\/sandrineclark.be\/wp-content\/uploads\/2024\/11\/LE-COLLECTIF-H2OZ-Le-parlement-des-animaux-3-1980x1320.jpg 1980w\" sizes=\"(max-width: 1024px) 100vw, 1024px\" \/><\/figure><\/li><li class=\"blocks-gallery-item\"><figure><img loading=\"lazy\" width=\"1024\" height=\"683\" src=\"http:\/\/sandrineclark.be\/wp-content\/uploads\/2024\/11\/LE-COLLECTIF-H2OZ-Le-parlement-des-animaux-2-1024x683.jpg\" alt=\"\" data-id=\"616\" data-link=\"http:\/\/sandrineclark.be\/?attachment_id=616\" class=\"wp-image-616\" srcset=\"https:\/\/sandrineclark.be\/wp-content\/uploads\/2024\/11\/LE-COLLECTIF-H2OZ-Le-parlement-des-animaux-2-1024x683.jpg 1024w, https:\/\/sandrineclark.be\/wp-content\/uploads\/2024\/11\/LE-COLLECTIF-H2OZ-Le-parlement-des-animaux-2-300x200.jpg 300w, https:\/\/sandrineclark.be\/wp-content\/uploads\/2024\/11\/LE-COLLECTIF-H2OZ-Le-parlement-des-animaux-2-768x512.jpg 768w, https:\/\/sandrineclark.be\/wp-content\/uploads\/2024\/11\/LE-COLLECTIF-H2OZ-Le-parlement-des-animaux-2-1536x1024.jpg 1536w, https:\/\/sandrineclark.be\/wp-content\/uploads\/2024\/11\/LE-COLLECTIF-H2OZ-Le-parlement-des-animaux-2-2048x1365.jpg 2048w, https:\/\/sandrineclark.be\/wp-content\/uploads\/2024\/11\/LE-COLLECTIF-H2OZ-Le-parlement-des-animaux-2-1200x800.jpg 1200w, https:\/\/sandrineclark.be\/wp-content\/uploads\/2024\/11\/LE-COLLECTIF-H2OZ-Le-parlement-des-animaux-2-1980x1320.jpg 1980w\" sizes=\"(max-width: 1024px) 100vw, 1024px\" \/><\/figure><\/li><li class=\"blocks-gallery-item\"><figure><img loading=\"lazy\" width=\"1024\" height=\"683\" src=\"http:\/\/sandrineclark.be\/wp-content\/uploads\/2024\/11\/LE-COLLECTIF-H2OZ-Le-parlement-des-animaux-15-1024x683.jpg\" alt=\"\" data-id=\"620\" data-full-url=\"http:\/\/sandrineclark.be\/wp-content\/uploads\/2024\/11\/LE-COLLECTIF-H2OZ-Le-parlement-des-animaux-15-scaled.jpg\" data-link=\"http:\/\/sandrineclark.be\/?attachment_id=620\" class=\"wp-image-620\" srcset=\"https:\/\/sandrineclark.be\/wp-content\/uploads\/2024\/11\/LE-COLLECTIF-H2OZ-Le-parlement-des-animaux-15-1024x683.jpg 1024w, https:\/\/sandrineclark.be\/wp-content\/uploads\/2024\/11\/LE-COLLECTIF-H2OZ-Le-parlement-des-animaux-15-300x200.jpg 300w, https:\/\/sandrineclark.be\/wp-content\/uploads\/2024\/11\/LE-COLLECTIF-H2OZ-Le-parlement-des-animaux-15-768x512.jpg 768w, https:\/\/sandrineclark.be\/wp-content\/uploads\/2024\/11\/LE-COLLECTIF-H2OZ-Le-parlement-des-animaux-15-1536x1024.jpg 1536w, https:\/\/sandrineclark.be\/wp-content\/uploads\/2024\/11\/LE-COLLECTIF-H2OZ-Le-parlement-des-animaux-15-2048x1365.jpg 2048w, https:\/\/sandrineclark.be\/wp-content\/uploads\/2024\/11\/LE-COLLECTIF-H2OZ-Le-parlement-des-animaux-15-1200x800.jpg 1200w, https:\/\/sandrineclark.be\/wp-content\/uploads\/2024\/11\/LE-COLLECTIF-H2OZ-Le-parlement-des-animaux-15-1980x1320.jpg 1980w\" sizes=\"(max-width: 1024px) 100vw, 1024px\" \/><\/figure><\/li><li class=\"blocks-gallery-item\"><figure><img loading=\"lazy\" width=\"1024\" height=\"683\" src=\"http:\/\/sandrineclark.be\/wp-content\/uploads\/2024\/11\/LE-COLLECTIF-H2OZ-Le-parlement-des-animaux-18-1024x683.jpg\" alt=\"\" data-id=\"618\" data-full-url=\"http:\/\/sandrineclark.be\/wp-content\/uploads\/2024\/11\/LE-COLLECTIF-H2OZ-Le-parlement-des-animaux-18-scaled.jpg\" data-link=\"http:\/\/sandrineclark.be\/?attachment_id=618\" class=\"wp-image-618\" srcset=\"https:\/\/sandrineclark.be\/wp-content\/uploads\/2024\/11\/LE-COLLECTIF-H2OZ-Le-parlement-des-animaux-18-1024x683.jpg 1024w, https:\/\/sandrineclark.be\/wp-content\/uploads\/2024\/11\/LE-COLLECTIF-H2OZ-Le-parlement-des-animaux-18-300x200.jpg 300w, https:\/\/sandrineclark.be\/wp-content\/uploads\/2024\/11\/LE-COLLECTIF-H2OZ-Le-parlement-des-animaux-18-768x512.jpg 768w, https:\/\/sandrineclark.be\/wp-content\/uploads\/2024\/11\/LE-COLLECTIF-H2OZ-Le-parlement-des-animaux-18-1536x1024.jpg 1536w, https:\/\/sandrineclark.be\/wp-content\/uploads\/2024\/11\/LE-COLLECTIF-H2OZ-Le-parlement-des-animaux-18-2048x1365.jpg 2048w, https:\/\/sandrineclark.be\/wp-content\/uploads\/2024\/11\/LE-COLLECTIF-H2OZ-Le-parlement-des-animaux-18-1200x800.jpg 1200w, https:\/\/sandrineclark.be\/wp-content\/uploads\/2024\/11\/LE-COLLECTIF-H2OZ-Le-parlement-des-animaux-18-1980x1320.jpg 1980w\" sizes=\"(max-width: 1024px) 100vw, 1024px\" \/><\/figure><\/li><li class=\"blocks-gallery-item\"><figure><img loading=\"lazy\" width=\"1024\" height=\"683\" src=\"http:\/\/sandrineclark.be\/wp-content\/uploads\/2024\/11\/LE-COLLECTIF-H2OZ-Le-parlement-des-animaux-16-1024x683.jpg\" alt=\"\" data-id=\"619\" data-full-url=\"http:\/\/sandrineclark.be\/wp-content\/uploads\/2024\/11\/LE-COLLECTIF-H2OZ-Le-parlement-des-animaux-16-scaled.jpg\" data-link=\"http:\/\/sandrineclark.be\/?attachment_id=619\" class=\"wp-image-619\" srcset=\"https:\/\/sandrineclark.be\/wp-content\/uploads\/2024\/11\/LE-COLLECTIF-H2OZ-Le-parlement-des-animaux-16-1024x683.jpg 1024w, https:\/\/sandrineclark.be\/wp-content\/uploads\/2024\/11\/LE-COLLECTIF-H2OZ-Le-parlement-des-animaux-16-300x200.jpg 300w, https:\/\/sandrineclark.be\/wp-content\/uploads\/2024\/11\/LE-COLLECTIF-H2OZ-Le-parlement-des-animaux-16-768x512.jpg 768w, https:\/\/sandrineclark.be\/wp-content\/uploads\/2024\/11\/LE-COLLECTIF-H2OZ-Le-parlement-des-animaux-16-1536x1024.jpg 1536w, https:\/\/sandrineclark.be\/wp-content\/uploads\/2024\/11\/LE-COLLECTIF-H2OZ-Le-parlement-des-animaux-16-2048x1365.jpg 2048w, https:\/\/sandrineclark.be\/wp-content\/uploads\/2024\/11\/LE-COLLECTIF-H2OZ-Le-parlement-des-animaux-16-1200x800.jpg 1200w, https:\/\/sandrineclark.be\/wp-content\/uploads\/2024\/11\/LE-COLLECTIF-H2OZ-Le-parlement-des-animaux-16-1980x1320.jpg 1980w\" sizes=\"(max-width: 1024px) 100vw, 1024px\" \/><\/figure><\/li><li class=\"blocks-gallery-item\"><figure><img loading=\"lazy\" width=\"1024\" height=\"893\" src=\"http:\/\/sandrineclark.be\/wp-content\/uploads\/2024\/11\/LE-COLLECTIF-H2OZ-Le-parlement-des-animaux-20-1024x893.jpg\" alt=\"\" data-id=\"617\" data-full-url=\"http:\/\/sandrineclark.be\/wp-content\/uploads\/2024\/11\/LE-COLLECTIF-H2OZ-Le-parlement-des-animaux-20-scaled.jpg\" data-link=\"http:\/\/sandrineclark.be\/?attachment_id=617\" class=\"wp-image-617\" srcset=\"https:\/\/sandrineclark.be\/wp-content\/uploads\/2024\/11\/LE-COLLECTIF-H2OZ-Le-parlement-des-animaux-20-1024x893.jpg 1024w, https:\/\/sandrineclark.be\/wp-content\/uploads\/2024\/11\/LE-COLLECTIF-H2OZ-Le-parlement-des-animaux-20-300x262.jpg 300w, https:\/\/sandrineclark.be\/wp-content\/uploads\/2024\/11\/LE-COLLECTIF-H2OZ-Le-parlement-des-animaux-20-768x670.jpg 768w, https:\/\/sandrineclark.be\/wp-content\/uploads\/2024\/11\/LE-COLLECTIF-H2OZ-Le-parlement-des-animaux-20-1536x1340.jpg 1536w, https:\/\/sandrineclark.be\/wp-content\/uploads\/2024\/11\/LE-COLLECTIF-H2OZ-Le-parlement-des-animaux-20-2048x1786.jpg 2048w, https:\/\/sandrineclark.be\/wp-content\/uploads\/2024\/11\/LE-COLLECTIF-H2OZ-Le-parlement-des-animaux-20-1200x1047.jpg 1200w, https:\/\/sandrineclark.be\/wp-content\/uploads\/2024\/11\/LE-COLLECTIF-H2OZ-Le-parlement-des-animaux-20-1980x1727.jpg 1980w\" sizes=\"(max-width: 1024px) 100vw, 1024px\" \/><\/figure><\/li><\/ul><\/figure>\n\n\n\n<p class=\"has-text-align-center has-text-color has-large-font-size\" style=\"color:#034f70\"><strong>Cr\u00e9ation par le Collectif H2Oz en ao\u00fbt 2024<\/strong><\/p>\n\n\n\n<div style=\"height:14px\" aria-hidden=\"true\" class=\"wp-block-spacer\"><\/div>\n\n\n\n<p class=\"has-text-align-right\"><em>Chaque soir, apr\u00e8s le d\u00e9part des \u00ab mangeurs de crottes de nez \u00bb, CuiCui et Louve se retrouvent au cr\u00e9puscule dans un minuscule parc urbain, d\u00e9limit\u00e9 par un grand mur, pour faire de la musique et des tags. <\/em><\/p>\n\n\n\n<p class=\"has-text-align-right\"><em>De l\u2019autre c\u00f4t\u00e9 du mur, dans la cabane de Louve, une fois par mois, se tient le parlement des animaux. <\/em><\/p>\n\n\n\n<p class=\"has-text-align-right\"><em>R\u00e9cemment, une importante d\u00e9couverte y a \u00e9t\u00e9 faite : les enfants, au moment de perdre leurs premi\u00e8res dents re\u00e7oivent des pi\u00e8ces et le secret de la plus haute importance qui devrait normalement leur \u00eatre transmis s\u2019est perdu. Ceci pourrait expliquer l\u2019\u00e9loignement des humains de leur nature sauvage. <\/em><\/p>\n\n\n\n<p class=\"has-text-align-right\"><em>Si CuiCui et la petite souris sont tomb\u00e9s d\u2019accord pour inviter les \u00abmangeurs de crottes de nez \u00bb au prochain parlement des animaux, pour Louve, il est hors de question de les faire entrer sur son territoire. Les mangeurs de crottes de nez ont toujours \u00e9t\u00e9 ses ennemis jur\u00e9s et le resteront.<\/em><\/p>\n\n\n\n<div style=\"height:41px\" aria-hidden=\"true\" class=\"wp-block-spacer\"><\/div>\n\n\n\n<p>\u00c9criture de plateau collective<br>D\u2019apr\u00e8s une id\u00e9e originale de <strong>Noemi Tiberghien<\/strong>, <strong>Marie-Sophie Talbot<\/strong> et <strong>Geronimo Gaube<\/strong><\/p>\n\n\n\n<p>Mise en sc\u00e8ne : <strong>Noemi Tiberghien<\/strong><\/p>\n\n\n\n<p>Interpr\u00e9tation : <strong>David Serraz <\/strong>et<strong> Johanne Pastor<\/strong><\/p>\n\n\n\n<p>Sc\u00e9nographie : <strong>Sandrine Clark<\/strong><\/p>\n\n\n\n<p>Cr\u00e9ation son et lumi\u00e8re : <strong>Wajdi Mougou<\/strong><\/p>\n\n\n\n<p>Cr\u00e9ation musicale : <strong>Marie-Sophie Talbot<\/strong><\/p>\n\n\n\n<p>Cr\u00e9ation costumes : <strong>No\u00eblle Deckmyn<\/strong><\/p>\n\n\n\n<p>Remerciements : <strong>Ma\u00efa Aboueleze<\/strong>, <strong>Madame Patate<\/strong>, <strong>Alexis Lechien<\/strong>, <strong>Paul Mairesse<\/strong>, <strong>Graziella Van Loo<\/strong><\/p>\n\n\n\n<div style=\"height:47px\" aria-hidden=\"true\" class=\"wp-block-spacer\"><\/div>\n\n\n\n<p class=\"has-text-align-right\"><a rel=\"noreferrer noopener\" href=\"http:\/\/www.oz-asbl.be\" target=\"_blank\">www.oz-asbl.be<\/a><\/p>\n","protected":false},"excerpt":{"rendered":"<p>Spectacle pour tout public \u00e0 partir de 5 ans Cr\u00e9ation par le Collectif H2Oz en ao\u00fbt 2024 Chaque soir, apr\u00e8s le d\u00e9part des \u00ab mangeurs de crottes de nez \u00bb, CuiCui et Louve se retrouvent au cr\u00e9puscule dans un minuscule parc urbain, d\u00e9limit\u00e9 par un grand mur, pour faire de la musique et des tags. [&hellip;]<\/p>\n","protected":false},"author":1,"featured_media":0,"parent":0,"menu_order":0,"comment_status":"closed","ping_status":"closed","template":"","meta":{"_coblocks_attr":"","_coblocks_dimensions":"","_coblocks_responsive_height":"","_coblocks_accordion_ie_support":"","spay_email":""},"_links":{"self":[{"href":"https:\/\/sandrineclark.be\/index.php\/wp-json\/wp\/v2\/pages\/611"}],"collection":[{"href":"https:\/\/sandrineclark.be\/index.php\/wp-json\/wp\/v2\/pages"}],"about":[{"href":"https:\/\/sandrineclark.be\/index.php\/wp-json\/wp\/v2\/types\/page"}],"author":[{"embeddable":true,"href":"https:\/\/sandrineclark.be\/index.php\/wp-json\/wp\/v2\/users\/1"}],"replies":[{"embeddable":true,"href":"https:\/\/sandrineclark.be\/index.php\/wp-json\/wp\/v2\/comments?post=611"}],"version-history":[{"count":1,"href":"https:\/\/sandrineclark.be\/index.php\/wp-json\/wp\/v2\/pages\/611\/revisions"}],"predecessor-version":[{"id":624,"href":"https:\/\/sandrineclark.be\/index.php\/wp-json\/wp\/v2\/pages\/611\/revisions\/624"}],"wp:attachment":[{"href":"https:\/\/sandrineclark.be\/index.php\/wp-json\/wp\/v2\/media?parent=611"}],"curies":[{"name":"wp","href":"https:\/\/api.w.org\/{rel}","templated":true}]}}