{"id":98,"date":"2020-02-29T22:26:17","date_gmt":"2020-02-29T21:26:17","guid":{"rendered":"http:\/\/sandrineclark.be\/?page_id=98"},"modified":"2021-10-25T09:30:24","modified_gmt":"2021-10-25T07:30:24","slug":"le-cirque-a-3-pattes","status":"publish","type":"page","link":"https:\/\/sandrineclark.be\/index.php\/le-cirque-a-3-pattes\/","title":{"rendered":"Le Cirque \u00e0 3 pattes"},"content":{"rendered":"\n<p class=\"has-text-align-center\">Spectacle tout public \u00e0 partir de 3 ans<\/p>\n\n\n\n<div style=\"height:20px\" aria-hidden=\"true\" class=\"wp-block-spacer\"><\/div>\n\n\n\n<figure class=\"wp-block-image size-large is-style-circle-mask\"><img loading=\"lazy\" width=\"1024\" height=\"1024\" src=\"http:\/\/sandrineclark.be\/wp-content\/uploads\/2020\/02\/Cirque_6_Yves_Gabrielcarr\u00e9-1024x1024.jpg\" alt=\"\" class=\"wp-image-99\" srcset=\"https:\/\/sandrineclark.be\/wp-content\/uploads\/2020\/02\/Cirque_6_Yves_Gabrielcarr\u00e9-1024x1024.jpg 1024w, https:\/\/sandrineclark.be\/wp-content\/uploads\/2020\/02\/Cirque_6_Yves_Gabrielcarr\u00e9-300x300.jpg 300w, https:\/\/sandrineclark.be\/wp-content\/uploads\/2020\/02\/Cirque_6_Yves_Gabrielcarr\u00e9-150x150.jpg 150w, https:\/\/sandrineclark.be\/wp-content\/uploads\/2020\/02\/Cirque_6_Yves_Gabrielcarr\u00e9-768x768.jpg 768w, https:\/\/sandrineclark.be\/wp-content\/uploads\/2020\/02\/Cirque_6_Yves_Gabrielcarr\u00e9-1536x1536.jpg 1536w, https:\/\/sandrineclark.be\/wp-content\/uploads\/2020\/02\/Cirque_6_Yves_Gabrielcarr\u00e9-1200x1200.jpg 1200w, https:\/\/sandrineclark.be\/wp-content\/uploads\/2020\/02\/Cirque_6_Yves_Gabrielcarr\u00e9.jpg 1714w\" sizes=\"(max-width: 1024px) 100vw, 1024px\" \/><\/figure>\n\n\n\n<div style=\"height:30px\" aria-hidden=\"true\" class=\"wp-block-spacer\"><\/div>\n\n\n\n<figure class=\"wp-block-gallery columns-3 is-cropped\"><ul class=\"blocks-gallery-grid\"><li class=\"blocks-gallery-item\"><figure><img loading=\"lazy\" width=\"1024\" height=\"683\" src=\"http:\/\/sandrineclark.be\/wp-content\/uploads\/2020\/02\/Cirque_1_The_o_Fabrice-1024x683.jpg\" alt=\"\" data-id=\"100\" data-link=\"http:\/\/sandrineclark.be\/?attachment_id=100\" class=\"wp-image-100\" srcset=\"https:\/\/sandrineclark.be\/wp-content\/uploads\/2020\/02\/Cirque_1_The_o_Fabrice-1024x683.jpg 1024w, https:\/\/sandrineclark.be\/wp-content\/uploads\/2020\/02\/Cirque_1_The_o_Fabrice-300x200.jpg 300w, https:\/\/sandrineclark.be\/wp-content\/uploads\/2020\/02\/Cirque_1_The_o_Fabrice-768x512.jpg 768w, https:\/\/sandrineclark.be\/wp-content\/uploads\/2020\/02\/Cirque_1_The_o_Fabrice-1536x1024.jpg 1536w, https:\/\/sandrineclark.be\/wp-content\/uploads\/2020\/02\/Cirque_1_The_o_Fabrice-2048x1366.jpg 2048w, https:\/\/sandrineclark.be\/wp-content\/uploads\/2020\/02\/Cirque_1_The_o_Fabrice-1200x800.jpg 1200w, https:\/\/sandrineclark.be\/wp-content\/uploads\/2020\/02\/Cirque_1_The_o_Fabrice-1980x1320.jpg 1980w\" sizes=\"(max-width: 1024px) 100vw, 1024px\" \/><\/figure><\/li><li class=\"blocks-gallery-item\"><figure><img loading=\"lazy\" width=\"1024\" height=\"681\" src=\"http:\/\/sandrineclark.be\/wp-content\/uploads\/2020\/02\/Cirque_2_Vincent_Renaud-1024x681.jpg\" alt=\"\" data-id=\"101\" data-link=\"http:\/\/sandrineclark.be\/?attachment_id=101\" class=\"wp-image-101\" srcset=\"https:\/\/sandrineclark.be\/wp-content\/uploads\/2020\/02\/Cirque_2_Vincent_Renaud-1024x681.jpg 1024w, https:\/\/sandrineclark.be\/wp-content\/uploads\/2020\/02\/Cirque_2_Vincent_Renaud-300x200.jpg 300w, https:\/\/sandrineclark.be\/wp-content\/uploads\/2020\/02\/Cirque_2_Vincent_Renaud-768x511.jpg 768w, https:\/\/sandrineclark.be\/wp-content\/uploads\/2020\/02\/Cirque_2_Vincent_Renaud-1536x1022.jpg 1536w, https:\/\/sandrineclark.be\/wp-content\/uploads\/2020\/02\/Cirque_2_Vincent_Renaud-2048x1363.jpg 2048w, https:\/\/sandrineclark.be\/wp-content\/uploads\/2020\/02\/Cirque_2_Vincent_Renaud-1200x798.jpg 1200w, https:\/\/sandrineclark.be\/wp-content\/uploads\/2020\/02\/Cirque_2_Vincent_Renaud-1980x1317.jpg 1980w\" sizes=\"(max-width: 1024px) 100vw, 1024px\" \/><\/figure><\/li><li class=\"blocks-gallery-item\"><figure><img loading=\"lazy\" width=\"1024\" height=\"629\" src=\"http:\/\/sandrineclark.be\/wp-content\/uploads\/2020\/02\/Cirque_4_The_o_Fabrice-1024x629.jpg\" alt=\"\" data-id=\"102\" data-link=\"http:\/\/sandrineclark.be\/?attachment_id=102\" class=\"wp-image-102\" srcset=\"https:\/\/sandrineclark.be\/wp-content\/uploads\/2020\/02\/Cirque_4_The_o_Fabrice-1024x629.jpg 1024w, https:\/\/sandrineclark.be\/wp-content\/uploads\/2020\/02\/Cirque_4_The_o_Fabrice-300x184.jpg 300w, https:\/\/sandrineclark.be\/wp-content\/uploads\/2020\/02\/Cirque_4_The_o_Fabrice-768x472.jpg 768w, https:\/\/sandrineclark.be\/wp-content\/uploads\/2020\/02\/Cirque_4_The_o_Fabrice-1536x943.jpg 1536w, https:\/\/sandrineclark.be\/wp-content\/uploads\/2020\/02\/Cirque_4_The_o_Fabrice-2048x1258.jpg 2048w, https:\/\/sandrineclark.be\/wp-content\/uploads\/2020\/02\/Cirque_4_The_o_Fabrice-1200x737.jpg 1200w, https:\/\/sandrineclark.be\/wp-content\/uploads\/2020\/02\/Cirque_4_The_o_Fabrice-1980x1216.jpg 1980w\" sizes=\"(max-width: 1024px) 100vw, 1024px\" \/><\/figure><\/li><li class=\"blocks-gallery-item\"><figure><img loading=\"lazy\" width=\"1024\" height=\"768\" src=\"http:\/\/sandrineclark.be\/wp-content\/uploads\/2020\/02\/Cirque_7_N._Deckmyn-1024x768.jpg\" alt=\"\" data-id=\"103\" data-link=\"http:\/\/sandrineclark.be\/?attachment_id=103\" class=\"wp-image-103\" srcset=\"https:\/\/sandrineclark.be\/wp-content\/uploads\/2020\/02\/Cirque_7_N._Deckmyn-1024x768.jpg 1024w, https:\/\/sandrineclark.be\/wp-content\/uploads\/2020\/02\/Cirque_7_N._Deckmyn-300x225.jpg 300w, https:\/\/sandrineclark.be\/wp-content\/uploads\/2020\/02\/Cirque_7_N._Deckmyn-768x576.jpg 768w, https:\/\/sandrineclark.be\/wp-content\/uploads\/2020\/02\/Cirque_7_N._Deckmyn-1536x1152.jpg 1536w, https:\/\/sandrineclark.be\/wp-content\/uploads\/2020\/02\/Cirque_7_N._Deckmyn-2048x1536.jpg 2048w, https:\/\/sandrineclark.be\/wp-content\/uploads\/2020\/02\/Cirque_7_N._Deckmyn-1200x900.jpg 1200w, https:\/\/sandrineclark.be\/wp-content\/uploads\/2020\/02\/Cirque_7_N._Deckmyn-1980x1485.jpg 1980w\" sizes=\"(max-width: 1024px) 100vw, 1024px\" \/><\/figure><\/li><li class=\"blocks-gallery-item\"><figure><img loading=\"lazy\" width=\"1024\" height=\"683\" src=\"http:\/\/sandrineclark.be\/wp-content\/uploads\/2020\/02\/Cirque_8_Yves_Gabriel-1024x683.jpg\" alt=\"\" data-id=\"104\" data-link=\"http:\/\/sandrineclark.be\/?attachment_id=104\" class=\"wp-image-104\" srcset=\"https:\/\/sandrineclark.be\/wp-content\/uploads\/2020\/02\/Cirque_8_Yves_Gabriel-1024x683.jpg 1024w, https:\/\/sandrineclark.be\/wp-content\/uploads\/2020\/02\/Cirque_8_Yves_Gabriel-300x200.jpg 300w, https:\/\/sandrineclark.be\/wp-content\/uploads\/2020\/02\/Cirque_8_Yves_Gabriel-768x512.jpg 768w, https:\/\/sandrineclark.be\/wp-content\/uploads\/2020\/02\/Cirque_8_Yves_Gabriel-1536x1024.jpg 1536w, https:\/\/sandrineclark.be\/wp-content\/uploads\/2020\/02\/Cirque_8_Yves_Gabriel-2048x1366.jpg 2048w, https:\/\/sandrineclark.be\/wp-content\/uploads\/2020\/02\/Cirque_8_Yves_Gabriel-1200x800.jpg 1200w, https:\/\/sandrineclark.be\/wp-content\/uploads\/2020\/02\/Cirque_8_Yves_Gabriel-1980x1320.jpg 1980w\" sizes=\"(max-width: 1024px) 100vw, 1024px\" \/><\/figure><\/li><li class=\"blocks-gallery-item\"><figure><img loading=\"lazy\" width=\"1024\" height=\"681\" src=\"http:\/\/sandrineclark.be\/wp-content\/uploads\/2020\/02\/Cirque_9_Vincent_Renaud-1024x681.jpg\" alt=\"\" data-id=\"105\" data-full-url=\"http:\/\/sandrineclark.be\/wp-content\/uploads\/2020\/02\/Cirque_9_Vincent_Renaud.jpg\" data-link=\"http:\/\/sandrineclark.be\/?attachment_id=105\" class=\"wp-image-105\" srcset=\"https:\/\/sandrineclark.be\/wp-content\/uploads\/2020\/02\/Cirque_9_Vincent_Renaud-1024x681.jpg 1024w, https:\/\/sandrineclark.be\/wp-content\/uploads\/2020\/02\/Cirque_9_Vincent_Renaud-300x200.jpg 300w, https:\/\/sandrineclark.be\/wp-content\/uploads\/2020\/02\/Cirque_9_Vincent_Renaud-768x511.jpg 768w, https:\/\/sandrineclark.be\/wp-content\/uploads\/2020\/02\/Cirque_9_Vincent_Renaud-1536x1022.jpg 1536w, https:\/\/sandrineclark.be\/wp-content\/uploads\/2020\/02\/Cirque_9_Vincent_Renaud-2048x1363.jpg 2048w, https:\/\/sandrineclark.be\/wp-content\/uploads\/2020\/02\/Cirque_9_Vincent_Renaud-1200x798.jpg 1200w, https:\/\/sandrineclark.be\/wp-content\/uploads\/2020\/02\/Cirque_9_Vincent_Renaud-1980x1317.jpg 1980w\" sizes=\"(max-width: 1024px) 100vw, 1024px\" \/><\/figure><\/li><\/ul><\/figure>\n\n\n\n<div style=\"height:20px\" aria-hidden=\"true\" class=\"wp-block-spacer\"><\/div>\n\n\n\n<p class=\"has-text-align-center has-text-color has-large-font-size\" style=\"color:#0a3d44\"><strong>Cr\u00e9ation collective du Th\u00e9\u00e2tre Oz en ao\u00fbt 2011<\/strong><\/p>\n\n\n\n<div style=\"height:20px\" aria-hidden=\"true\" class=\"wp-block-spacer\"><\/div>\n\n\n\n<p class=\"has-text-align-right\">\u00ab\u00a0<em>Trois femmes font leur Cirque, sans lions, sans trampoline ni c\u00e2bles suspendus. Sans filet. Elles cr\u00e9ent du merveilleux avec trois fois rien et pourtant le cirque est l\u00e0 avec toute se palette d\u2019\u00e9motions. Chaque spectateur, du plus petit au plus grand, peut entrer et se laisser porter par cet univers d\u00e9cal\u00e9 et onirique ponctu\u00e9 de musiques et de chants.<\/em>\u00ab\u00a0<\/p>\n\n\n\n<p class=\"has-text-align-right\"><em>Mention du jury pour l\u2019approche ludique des codes du th\u00e9\u00e2tre aux Rencontres Jeune Public de Huy 2011<\/em><\/p>\n\n\n\n<p class=\"has-text-align-right\"><em>Pr\u00e8s de 300 repr\u00e9sentations en Belgique, France, Burkina Faso et Chine<\/em><\/p>\n\n\n\n<div style=\"height:20px\" aria-hidden=\"true\" class=\"wp-block-spacer\"><\/div>\n\n\n\n<p>Mise en sc\u00e8ne: <strong>Martin Staes-Polet<\/strong><\/p>\n\n\n\n<p>Interpr\u00e9tation: <strong>Nathalie Delvaux, Zosia Ladomirska, Florence Laloy<\/strong><\/p>\n\n\n\n<p>Sc\u00e9nographie: <strong>Sandrine Clark<\/strong><\/p>\n\n\n\n<p>Costumes: <strong>No\u00eblle Deckmyn<\/strong><\/p>\n\n\n\n<p>Cr\u00e9ation lumi\u00e8re: <strong>Jacques Verhaegen<\/strong><\/p>\n\n\n\n<p>Musique: <strong>Jean-Marc Zelwer, Nathalie Delvaux, Florence Laloy, chant traditionnel bulgare et calypso populaire<\/strong><\/p>\n\n\n\n<p>Graphisme: <strong>Hubert de Jamblinne<\/strong><\/p>\n\n\n\n<div style=\"height:40px\" aria-hidden=\"true\" class=\"wp-block-spacer\"><\/div>\n\n\n\n<p class=\"has-text-align-right\"><a href=\"http:\/\/www.oz-asbl.be\">www.oz-asbl.be<\/a><\/p>\n","protected":false},"excerpt":{"rendered":"<p>Spectacle tout public \u00e0 partir de 3 ans Cr\u00e9ation collective du Th\u00e9\u00e2tre Oz en ao\u00fbt 2011 \u00ab\u00a0Trois femmes font leur Cirque, sans lions, sans trampoline ni c\u00e2bles suspendus. Sans filet. Elles cr\u00e9ent du merveilleux avec trois fois rien et pourtant le cirque est l\u00e0 avec toute se palette d\u2019\u00e9motions. Chaque spectateur, du plus petit au [&hellip;]<\/p>\n","protected":false},"author":1,"featured_media":0,"parent":0,"menu_order":0,"comment_status":"closed","ping_status":"closed","template":"","meta":{"_coblocks_attr":"","_coblocks_dimensions":"","_coblocks_responsive_height":"","_coblocks_accordion_ie_support":"","spay_email":""},"_links":{"self":[{"href":"https:\/\/sandrineclark.be\/index.php\/wp-json\/wp\/v2\/pages\/98"}],"collection":[{"href":"https:\/\/sandrineclark.be\/index.php\/wp-json\/wp\/v2\/pages"}],"about":[{"href":"https:\/\/sandrineclark.be\/index.php\/wp-json\/wp\/v2\/types\/page"}],"author":[{"embeddable":true,"href":"https:\/\/sandrineclark.be\/index.php\/wp-json\/wp\/v2\/users\/1"}],"replies":[{"embeddable":true,"href":"https:\/\/sandrineclark.be\/index.php\/wp-json\/wp\/v2\/comments?post=98"}],"version-history":[{"count":4,"href":"https:\/\/sandrineclark.be\/index.php\/wp-json\/wp\/v2\/pages\/98\/revisions"}],"predecessor-version":[{"id":378,"href":"https:\/\/sandrineclark.be\/index.php\/wp-json\/wp\/v2\/pages\/98\/revisions\/378"}],"wp:attachment":[{"href":"https:\/\/sandrineclark.be\/index.php\/wp-json\/wp\/v2\/media?parent=98"}],"curies":[{"name":"wp","href":"https:\/\/api.w.org\/{rel}","templated":true}]}}